{"id":8515,"date":"2024-10-19T03:00:03","date_gmt":"2024-10-19T03:00:03","guid":{"rendered":"https:\/\/cloudsupplyvapes.com\/?post_type=product&#038;p=8515"},"modified":"2024-11-25T03:58:55","modified_gmt":"2024-11-25T03:58:55","slug":"-279","status":"publish","type":"product","link":"https:\/\/cloudsupplyvapes.com\/fr\/product\/bang-crown-18000-puff-disposable-vape-wholesale\/","title":{"rendered":"Bang Crown 18000 Puff Disposable Vape Wholesale Durable Compact Performance"},"content":{"rendered":"<h2>Saveurs disponibles :<\/h2>\n<ol>\n<li>P\u00eache Mangue<\/li>\n<li>Pomme acide<\/li>\n<li>Raisin<\/li>\n<li>Sang de tigre<\/li>\n<li>Myrtille Framboise<\/li>\n<li>Raisins aux myrtilles<\/li>\n<li>M\u00e9lange de fruits<\/li>\n<li>Past\u00e8que \u00e0 la fraise<\/li>\n<li>Fraise Kiwi<\/li>\n<li>Fraise Mangue<\/li>\n<li>Ananas noix de coco<\/li>\n<li>Glace \u00e0 la menthe<\/li>\n<li>Glace \u00e0 la past\u00e8que<\/li>\n<li>Glace aux myrtilles<\/li>\n<li>Glace \u00e0 la p\u00eache<\/li>\n<li>Gomme \u00e0 m\u00e2cher \u00e0 la past\u00e8que<\/li>\n<\/ol>\n<h3>Bang Crown 18000 Vape jetable Sp\u00e9cifications<\/h3>\n<table>\n<thead>\n<tr>\n<th><strong>Fonctionnalit\u00e9<\/strong><\/th>\n<th><strong>Sp\u00e9cifications<\/strong><\/th>\n<\/tr>\n<\/thead>\n<tbody>\n<tr>\n<td>Capacit\u00e9 de la batterie<\/td>\n<td>650mAh<\/td>\n<\/tr>\n<tr>\n<td>Capacit\u00e9 en e-liquide<\/td>\n<td>24ml<\/td>\n<\/tr>\n<tr>\n<td>Intensit\u00e9 de la nicotine<\/td>\n<td>0%, 2%, 3%, 5% (par d\u00e9faut)<\/td>\n<\/tr>\n<tr>\n<td>Puffs<\/td>\n<td>Jusqu'\u00e0 18 000 bouff\u00e9es<\/td>\n<\/tr>\n<tr>\n<td>Poids de l'emballage<\/td>\n<td>18,6 kg\/200 pi\u00e8ces<\/td>\n<\/tr>\n<\/tbody>\n<\/table>\n<h3>Caract\u00e9ristiques principales :<\/h3>\n<ul>\n<li><strong>Riche s\u00e9lection de saveurs :<\/strong> Offre une vari\u00e9t\u00e9 de 16 saveurs distinctes pour r\u00e9pondre aux pr\u00e9f\u00e9rences de chaque vapoteur.<\/li>\n<li><strong>Dur\u00e9e de vaporisation prolong\u00e9e :<\/strong> Supporte jusqu'\u00e0 18000 bouff\u00e9es gr\u00e2ce \u00e0 sa puissante batterie de 650mAh et \u00e0 sa r\u00e9serve substantielle d'e-liquide.<\/li>\n<li><strong>Grande capacit\u00e9 d'e-liquide :<\/strong> Pr\u00e9-rempli de 24ml d'e-liquide, assurant une utilisation longue dur\u00e9e sans recharge fr\u00e9quente.<\/li>\n<li><strong>Options de nicotine flexibles :<\/strong> Disponible en plusieurs concentrations de nicotine pour r\u00e9pondre aux besoins des nouveaux vapoteurs et des vapoteurs exp\u00e9riment\u00e9s.<\/li>\n<li><strong>Portable et \u00e9l\u00e9gant :<\/strong> Con\u00e7u pour la commodit\u00e9 et la portabilit\u00e9, il est id\u00e9al pour le vapotage en d\u00e9placement.<\/li>\n<\/ul>\n<h3>Pourquoi choisir Bang Crown 18000 ?<\/h3>\n<p>Le Bang Crown 18000 se distingue sur le march\u00e9 par son nombre de bouff\u00e9es exceptionnel et sa large gamme de saveurs. Il est con\u00e7u pour les vapoteurs qui exigent une exp\u00e9rience de vapotage plus longue, plus savoureuse et plus robuste. Parfait pour ceux qui appr\u00e9cient la vari\u00e9t\u00e9 et la qualit\u00e9 dans leur parcours de vapoteurs.<\/p>","protected":false},"excerpt":{"rendered":"<p>Bang Crown 18000 Puff Disposable Vape Wholesale se caract\u00e9rise par un design \u00e9l\u00e9gant et une production de vapeur constante. Ne n\u00e9cessitant aucun entretien, c'est la solution id\u00e9ale pour un vapotage sans souci.<\/p>","protected":false},"featured_media":8888,"comment_status":"open","ping_status":"closed","template":"","meta":[],"product_brand":[],"product_cat":[481,22],"product_tag":[31],"class_list":{"0":"post-8515","1":"product","2":"type-product","3":"status-publish","4":"has-post-thumbnail","6":"product_cat-bang","7":"product_cat-disposable-vape-sticks","8":"product_tag-bang","10":"first","11":"instock","12":"shipping-taxable","13":"purchasable","14":"product-type-simple"},"jetpack_sharing_enabled":true,"tiered_pricing_type":"fixed","tiered_pricing_fixed_rules":[],"tiered_pricing_product_settings":{"layout":"default","base_unit_name":{"singular":null,"plural":null},"default_variation":null},"tiered_pricing_minimum_quantity":30,"tiered_pricing_roles_data":[],"tiered_pricing_percentage_rules":[],"tiered_pricing_maximum_quantity":null,"tiered_pricing_quantity_step":"10","_links":{"self":[{"href":"https:\/\/cloudsupplyvapes.com\/fr\/wp-json\/wp\/v2\/product\/8515","targetHints":{"allow":["GET"]}}],"collection":[{"href":"https:\/\/cloudsupplyvapes.com\/fr\/wp-json\/wp\/v2\/product"}],"about":[{"href":"https:\/\/cloudsupplyvapes.com\/fr\/wp-json\/wp\/v2\/types\/product"}],"replies":[{"embeddable":true,"href":"https:\/\/cloudsupplyvapes.com\/fr\/wp-json\/wp\/v2\/comments?post=8515"}],"wp:featuredmedia":[{"embeddable":true,"href":"https:\/\/cloudsupplyvapes.com\/fr\/wp-json\/wp\/v2\/media\/8888"}],"wp:attachment":[{"href":"https:\/\/cloudsupplyvapes.com\/fr\/wp-json\/wp\/v2\/media?parent=8515"}],"wp:term":[{"taxonomy":"product_brand","embeddable":true,"href":"https:\/\/cloudsupplyvapes.com\/fr\/wp-json\/wp\/v2\/product_brand?post=8515"},{"taxonomy":"product_cat","embeddable":true,"href":"https:\/\/cloudsupplyvapes.com\/fr\/wp-json\/wp\/v2\/product_cat?post=8515"},{"taxonomy":"product_tag","embeddable":true,"href":"https:\/\/cloudsupplyvapes.com\/fr\/wp-json\/wp\/v2\/product_tag?post=8515"}],"curies":[{"name":"wp","href":"https:\/\/api.w.org\/{rel}","templated":true}]}}