{"id":8516,"date":"2024-10-19T03:00:04","date_gmt":"2024-10-19T03:00:04","guid":{"rendered":"https:\/\/cloudsupplyvapes.com\/?post_type=product&#038;p=8516"},"modified":"2024-11-25T03:58:33","modified_gmt":"2024-11-25T03:58:33","slug":"-282","status":"publish","type":"product","link":"https:\/\/cloudsupplyvapes.com\/fr\/product\/bang-king-25000-puff-disposable-vape-wholesale\/","title":{"rendered":"Bang King 25000 Puff Disposable Vape Wholesale High Capacity Long Lasting Design"},"content":{"rendered":"<h2>Saveurs disponibles :<\/h2>\n<ol>\n<li>Glace Blue Razz<\/li>\n<li>Glace \u00e0 la p\u00eache juteuse<\/li>\n<li>Past\u00e8que \u00e0 la fraise<\/li>\n<li>Glace \u00e0 la past\u00e8que<\/li>\n<li>Fraise et banane<\/li>\n<li>Glace \u00e0 la pomme acide<\/li>\n<li>Glace aux trois baies<\/li>\n<li>Fruits tropicaux<\/li>\n<li>Bombe \u00e0 la cerise<\/li>\n<li>Glace de raisin<\/li>\n<li>P\u00eache Mangue<\/li>\n<li>Fraise Mangue<\/li>\n<\/ol>\n<h3>Bang King 25000 Vape jetable Sp\u00e9cifications<\/h3>\n<table>\n<thead>\n<tr>\n<th><strong>Fonctionnalit\u00e9<\/strong><\/th>\n<th><strong>Sp\u00e9cifications<\/strong><\/th>\n<\/tr>\n<\/thead>\n<tbody>\n<tr>\n<td>Capacit\u00e9 de la batterie<\/td>\n<td>650mAh<\/td>\n<\/tr>\n<tr>\n<td>Capacit\u00e9 en e-liquide<\/td>\n<td>25ml<\/td>\n<\/tr>\n<tr>\n<td>Intensit\u00e9 de la nicotine<\/td>\n<td>0%, 2%, 3%, 5% (par d\u00e9faut)<\/td>\n<\/tr>\n<tr>\n<td>Puffs<\/td>\n<td>Jusqu'\u00e0 25 000 bouff\u00e9es<\/td>\n<\/tr>\n<tr>\n<td>Fourchette de prix<\/td>\n<td>$28-$32<\/td>\n<\/tr>\n<tr>\n<td>Poids de l'emballage<\/td>\n<td>19,8 kg\/200 pi\u00e8ces<\/td>\n<\/tr>\n<\/tbody>\n<\/table>\n<h3>Caract\u00e9ristiques principales :<\/h3>\n<ul>\n<li><strong>Une vaste s\u00e9lection d'ar\u00f4mes :<\/strong> Offre une large gamme de 12 saveurs, r\u00e9pondant \u00e0 diverses pr\u00e9f\u00e9rences gustatives.<\/li>\n<li><strong>Nombre de bouff\u00e9es important :<\/strong> Con\u00e7u pour d\u00e9livrer jusqu'\u00e0 25 000 bouff\u00e9es, il offre une longue dur\u00e9e d'utilisation.<\/li>\n<li><strong>Capacit\u00e9 g\u00e9n\u00e9reuse en E-Liquide :<\/strong> Chaque appareil est \u00e9quip\u00e9 de 25 ml d'e-liquide, ce qui permet d'augmenter la dur\u00e9e des sessions de vapotage.<\/li>\n<li><strong>Niveaux de nicotine r\u00e9glables :<\/strong> Disponible en trois taux de nicotine, il convient aux vapoteurs \u00e0 tous les stades de leur parcours.<\/li>\n<li><strong>Batterie solide et fiable :<\/strong> Une batterie de 650 mAh garantit des performances constantes tout au long de la dur\u00e9e de vie de l'appareil.<\/li>\n<\/ul>\n<h3>Pourquoi choisir Bang King 25000 ?<\/h3>\n<p>Le Bang King 25000 est un choix de premier ordre pour les vapoteurs qui appr\u00e9cient la diversit\u00e9 des saveurs et une grande capacit\u00e9 de bouff\u00e9es. Son large \u00e9ventail d'options aromatiques et son nombre important de bouff\u00e9es en font un produit remarquable pour les vapoteurs chevronn\u00e9s comme pour les nouveaux venus.<\/p>","protected":false},"excerpt":{"rendered":"<p>Le Bang King 25000 Puff Disposable Vape Wholesale offre une grande capacit\u00e9 avec un design l\u00e9ger et durable. Parfait pour ceux qui recherchent des sessions de vapotage ultra-portables et prolong\u00e9es.<\/p>","protected":false},"featured_media":8916,"comment_status":"open","ping_status":"closed","template":"","meta":[],"product_brand":[],"product_cat":[481,22],"product_tag":[31],"class_list":{"0":"post-8516","1":"product","2":"type-product","3":"status-publish","4":"has-post-thumbnail","6":"product_cat-bang","7":"product_cat-disposable-vape-sticks","8":"product_tag-bang","10":"first","11":"instock","12":"shipping-taxable","13":"purchasable","14":"product-type-simple"},"jetpack_sharing_enabled":true,"tiered_pricing_type":"fixed","tiered_pricing_fixed_rules":[],"tiered_pricing_product_settings":{"layout":"default","base_unit_name":{"singular":null,"plural":null},"default_variation":null},"tiered_pricing_minimum_quantity":10,"tiered_pricing_roles_data":[],"tiered_pricing_percentage_rules":[],"tiered_pricing_maximum_quantity":null,"tiered_pricing_quantity_step":"10","_links":{"self":[{"href":"https:\/\/cloudsupplyvapes.com\/fr\/wp-json\/wp\/v2\/product\/8516","targetHints":{"allow":["GET"]}}],"collection":[{"href":"https:\/\/cloudsupplyvapes.com\/fr\/wp-json\/wp\/v2\/product"}],"about":[{"href":"https:\/\/cloudsupplyvapes.com\/fr\/wp-json\/wp\/v2\/types\/product"}],"replies":[{"embeddable":true,"href":"https:\/\/cloudsupplyvapes.com\/fr\/wp-json\/wp\/v2\/comments?post=8516"}],"wp:featuredmedia":[{"embeddable":true,"href":"https:\/\/cloudsupplyvapes.com\/fr\/wp-json\/wp\/v2\/media\/8916"}],"wp:attachment":[{"href":"https:\/\/cloudsupplyvapes.com\/fr\/wp-json\/wp\/v2\/media?parent=8516"}],"wp:term":[{"taxonomy":"product_brand","embeddable":true,"href":"https:\/\/cloudsupplyvapes.com\/fr\/wp-json\/wp\/v2\/product_brand?post=8516"},{"taxonomy":"product_cat","embeddable":true,"href":"https:\/\/cloudsupplyvapes.com\/fr\/wp-json\/wp\/v2\/product_cat?post=8516"},{"taxonomy":"product_tag","embeddable":true,"href":"https:\/\/cloudsupplyvapes.com\/fr\/wp-json\/wp\/v2\/product_tag?post=8516"}],"curies":[{"name":"wp","href":"https:\/\/api.w.org\/{rel}","templated":true}]}}