{"id":8632,"date":"2024-10-19T03:01:11","date_gmt":"2024-10-19T03:01:11","guid":{"rendered":"https:\/\/cloudsupplyvapes.com\/?post_type=product&#038;p=8632"},"modified":"2024-11-25T03:57:33","modified_gmt":"2024-11-25T03:57:33","slug":"-307","status":"publish","type":"product","link":"https:\/\/cloudsupplyvapes.com\/fr\/product\/poco-pt-12000-puffs-disposable-vape-wholesale-germany-europe-and-usa-local-warehouse-in-stock\/","title":{"rendered":"POCO PT 12000 Puffs Vape jetable Wholesale Allemagne Europe USA Warehouse En stock"},"content":{"rendered":"<h2>Options d'ar\u00f4mes :<\/h2>\n<ul>\n<li>Glace aux myrtilles<\/li>\n<li>Limonade \u00e0 la p\u00eache et \u00e0 la cerise<\/li>\n<li>Myrtille Framboise<\/li>\n<li>Fraise Kiwi<\/li>\n<li>Alo\u00e8s raisin<\/li>\n<li>Glace noire Fruit du dragon Fraise<\/li>\n<li>Boisson \u00e9nerg\u00e9tique<\/li>\n<li>Past\u00e8que \u00e0 la fraise<\/li>\n<li>Glace \u00e0 la p\u00eache<\/li>\n<li>Glace \u00e0 la fraise<\/li>\n<\/ul>\n<h3>POCO PT 12000 Sp\u00e9cifications<\/h3>\n<table>\n<thead>\n<tr>\n<th><strong>Fonctionnalit\u00e9<\/strong><\/th>\n<th><strong>Sp\u00e9cifications<\/strong><\/th>\n<\/tr>\n<\/thead>\n<tbody>\n<tr>\n<td>Capacit\u00e9<\/td>\n<td>22ml<\/td>\n<\/tr>\n<tr>\n<td>Intensit\u00e9 de la nicotine<\/td>\n<td>5%<\/td>\n<\/tr>\n<tr>\n<td>Capacit\u00e9 de la batterie<\/td>\n<td>650mAh<\/td>\n<\/tr>\n<tr>\n<td>Rechargeable<\/td>\n<td>Type-C<\/td>\n<\/tr>\n<tr>\n<td>Puffs<\/td>\n<td>12 000 bouff\u00e9es<\/td>\n<\/tr>\n<\/tbody>\n<\/table>\n<h3>Caract\u00e9ristiques principales :<\/h3>\n<ul>\n<li><strong>Grande capacit\u00e9 d'e-liquide :<\/strong> Le r\u00e9servoir de 22 ml permet d'obtenir jusqu'\u00e0 12 000 bouff\u00e9es, ce qui est id\u00e9al pour une utilisation prolong\u00e9e sans recharge fr\u00e9quente.<\/li>\n<li><strong>Diffusion robuste de la nicotine :<\/strong> Contient un taux de nicotine constant de 5% pour une exp\u00e9rience de vapotage satisfaisante et intense.<\/li>\n<li><strong>Longue dur\u00e9e de vie de la batterie :<\/strong> \u00c9quip\u00e9 d'une batterie rechargeable de 650mAh, garantissant des performances fiables et la commodit\u00e9 d'un port de charge Type-C.<\/li>\n<li><strong>Grande vari\u00e9t\u00e9 d'ar\u00f4mes :<\/strong> Offre une s\u00e9lection vari\u00e9e de saveurs pour satisfaire tous les go\u00fbts, du fruit\u00e9 et rafra\u00eechissant au frais et revigorant.<\/li>\n<\/ul>\n<h3>Pourquoi choisir POCO PT 12000 ?<\/h3>\n<p>Le POCO PT 12000 se distingue par sa capacit\u00e9 et sa long\u00e9vit\u00e9 remarquables, ce qui en fait un excellent choix pour les vapoteurs qui recherchent un appareil performant avec de nombreuses options de saveurs et un nombre de bouff\u00e9es important. Il est con\u00e7u pour ceux qui veulent une exp\u00e9rience de vapotage fiable et durable. En stock en Allemagne, dans l'UE et dans l'entrep\u00f4t des \u00c9tats-Unis.<\/p>","protected":false},"excerpt":{"rendered":"<p>The POCO PT 12000 Puffs Disposable Vape Wholesale features a long-lasting battery and compact design. Available in Germany, Europe, and USA warehouses for quick delivery and consistent performance.<\/p>","protected":false},"featured_media":9208,"comment_status":"open","ping_status":"closed","template":"","meta":[],"product_brand":[],"product_cat":[22],"product_tag":[474],"class_list":{"0":"post-8632","1":"product","2":"type-product","3":"status-publish","4":"has-post-thumbnail","6":"product_cat-disposable-vape-sticks","7":"product_tag-poco","9":"first","10":"instock","11":"sale","12":"shipping-taxable","13":"purchasable","14":"product-type-simple"},"jetpack_sharing_enabled":true,"tiered_pricing_type":"fixed","tiered_pricing_fixed_rules":{"500":7.70000000000000017763568394002504646778106689453125,"2000":7.5999999999999996447286321199499070644378662109375,"5000":7.5},"tiered_pricing_product_settings":{"layout":"default","base_unit_name":{"singular":null,"plural":null},"default_variation":null},"tiered_pricing_minimum_quantity":null,"tiered_pricing_roles_data":[],"tiered_pricing_percentage_rules":[],"tiered_pricing_maximum_quantity":null,"tiered_pricing_quantity_step":null,"_links":{"self":[{"href":"https:\/\/cloudsupplyvapes.com\/fr\/wp-json\/wp\/v2\/product\/8632","targetHints":{"allow":["GET"]}}],"collection":[{"href":"https:\/\/cloudsupplyvapes.com\/fr\/wp-json\/wp\/v2\/product"}],"about":[{"href":"https:\/\/cloudsupplyvapes.com\/fr\/wp-json\/wp\/v2\/types\/product"}],"replies":[{"embeddable":true,"href":"https:\/\/cloudsupplyvapes.com\/fr\/wp-json\/wp\/v2\/comments?post=8632"}],"wp:featuredmedia":[{"embeddable":true,"href":"https:\/\/cloudsupplyvapes.com\/fr\/wp-json\/wp\/v2\/media\/9208"}],"wp:attachment":[{"href":"https:\/\/cloudsupplyvapes.com\/fr\/wp-json\/wp\/v2\/media?parent=8632"}],"wp:term":[{"taxonomy":"product_brand","embeddable":true,"href":"https:\/\/cloudsupplyvapes.com\/fr\/wp-json\/wp\/v2\/product_brand?post=8632"},{"taxonomy":"product_cat","embeddable":true,"href":"https:\/\/cloudsupplyvapes.com\/fr\/wp-json\/wp\/v2\/product_cat?post=8632"},{"taxonomy":"product_tag","embeddable":true,"href":"https:\/\/cloudsupplyvapes.com\/fr\/wp-json\/wp\/v2\/product_tag?post=8632"}],"curies":[{"name":"wp","href":"https:\/\/api.w.org\/{rel}","templated":true}]}}