{"id":8634,"date":"2024-10-19T03:01:12","date_gmt":"2024-10-19T03:01:12","guid":{"rendered":"https:\/\/cloudsupplyvapes.com\/?post_type=product&#038;p=8634"},"modified":"2024-11-25T03:54:22","modified_gmt":"2024-11-25T03:54:22","slug":"-255","status":"publish","type":"product","link":"https:\/\/cloudsupplyvapes.com\/fr\/product\/elfworld-ai22000-disposable-wholesale-dual-mesh-coil-22000-puffs-diverse-flavors\/","title":{"rendered":"ELFWORLD Ai22000 Disposable Vape Wholesale Dual Mesh Coil Reliable Performance"},"content":{"rendered":"<h4><strong>Saveurs disponibles :<\/strong><\/h4>\n<ul>\n<li>Mangue Pomme Poire<\/li>\n<li>Mangue fra\u00eeche<\/li>\n<li>Pomme verte<\/li>\n<li>Sang de tigre<\/li>\n<li>Glace aux myrtilles<\/li>\n<li>Menthe<\/li>\n<li>M\u00e9lange de baies<\/li>\n<li>Glace de raisin<\/li>\n<li>Glace \u00e0 la past\u00e8que<\/li>\n<li>Myrtille Menthe<\/li>\n<\/ul>\n<h3>ELFWORLD Ai22000 Sp\u00e9cifications<\/h3>\n<table>\n<thead>\n<tr>\n<th>Fonctionnalit\u00e9<\/th>\n<th>Sp\u00e9cifications<\/th>\n<\/tr>\n<\/thead>\n<tbody>\n<tr>\n<td>Intensit\u00e9 de la nicotine<\/td>\n<td>0%, 2%(par d\u00e9faut), 3%, 5% Sel de nicotine<\/td>\n<\/tr>\n<tr>\n<td>Capacit\u00e9 en e-liquide<\/td>\n<td>26mL<\/td>\n<\/tr>\n<tr>\n<td>Type de bobine<\/td>\n<td>Nouvelle version du Coil Dual Mesh<\/td>\n<\/tr>\n<tr>\n<td>Nombre de bouff\u00e9es<\/td>\n<td>Jusqu'\u00e0 22 000 bouff\u00e9es<\/td>\n<\/tr>\n<tr>\n<td>Saveurs disponibles<\/td>\n<td>Mangue-pomme-poire, mangue fra\u00eeche, pomme verte, sang de tigre, glace aux myrtilles, menthe, m\u00e9lange de baies, glace au raisin, glace \u00e0 la past\u00e8que, glace aux myrtilles et \u00e0 la menthe.<\/td>\n<\/tr>\n<tr>\n<td>Emballage par kit<\/td>\n<td>5 pi\u00e8ces dans une bo\u00eete de pr\u00e9sentation<\/td>\n<\/tr>\n<tr>\n<td>Emballage par carton<\/td>\n<td>150 pi\u00e8ces dans un carton<\/td>\n<\/tr>\n<tr>\n<td>Dimensions du carton<\/td>\n<td>490mm x 270mm x 103mm<\/td>\n<\/tr>\n<tr>\n<td>Poids du carton<\/td>\n<td>19KG<\/td>\n<\/tr>\n<\/tbody>\n<\/table>\n<h4><strong>Caract\u00e9ristiques principales :<\/strong><\/h4>\n<ul>\n<li><strong>Points forts de la nicotine :<\/strong> Disponible dans les concentrations de sel de nicotine 0%, 2%, 3% et 5%, convenant \u00e0 la fois aux nouveaux vapoteurs et aux vapoteurs exp\u00e9riment\u00e9s.<\/li>\n<li><strong>Capacit\u00e9 d'e-liquide :<\/strong> Chaque dosette est pr\u00e9-remplie de 26 ml d'e-liquide de haute qualit\u00e9, con\u00e7u pour des sessions de vapotage prolong\u00e9es.<\/li>\n<li><strong>Type de bobine :<\/strong> Dot\u00e9 d'une nouvelle version de bobine \u00e0 double maille qui am\u00e9liore la saveur et la production de vapeur pour une meilleure exp\u00e9rience.<\/li>\n<li><strong>Nombre de bouff\u00e9es :<\/strong> Il offre jusqu'\u00e0 22 000 bouff\u00e9es, ce qui en fait un choix durable pour les fumeurs inv\u00e9t\u00e9r\u00e9s.<\/li>\n<li><strong>Emballage :<\/strong> Conditionnement pratique de 5 pi\u00e8ces par bo\u00eete pr\u00e9sentoir et de 150 pi\u00e8ces par carton, optimis\u00e9 pour la vente au d\u00e9tail et la vente en vrac.<\/li>\n<\/ul>\n<h4><strong>Pourquoi choisir ELFWORLD Ai22000 ?<\/strong><\/h4>\n<p>Le ELFWORLD Ai22000 est parfait pour ceux qui appr\u00e9cient les saveurs intenses et les performances robustes. Faites l'exp\u00e9rience d'une grande vari\u00e9t\u00e9 de saveurs et profitez d'une vape qui dure plus longtemps avec chaque dosette.<\/p>","protected":false},"excerpt":{"rendered":"<p>L'ELFWORLD Ai22000 Disposable Vape Wholesale est dot\u00e9 de la technologie dual mesh coil, de 22 000 bouff\u00e9es et d'une performance constante pour un vapotage de haute qualit\u00e9.<\/p>","protected":false},"featured_media":8848,"comment_status":"open","ping_status":"closed","template":"","meta":[],"product_brand":[],"product_cat":[22,480],"product_tag":[467],"class_list":{"0":"post-8634","1":"product","2":"type-product","3":"status-publish","4":"has-post-thumbnail","6":"product_cat-disposable-vape-sticks","7":"product_cat-elfworld","8":"product_tag-elfworld","10":"first","11":"instock","12":"sale","13":"shipping-taxable","14":"purchasable","15":"product-type-simple"},"jetpack_sharing_enabled":true,"tiered_pricing_type":"fixed","tiered_pricing_fixed_rules":{"2000":10.800000000000000710542735760100185871124267578125,"10000":10.5},"tiered_pricing_product_settings":{"layout":"default","base_unit_name":{"singular":null,"plural":null},"default_variation":null},"tiered_pricing_minimum_quantity":30,"tiered_pricing_roles_data":[],"tiered_pricing_percentage_rules":[],"tiered_pricing_maximum_quantity":null,"tiered_pricing_quantity_step":null,"_links":{"self":[{"href":"https:\/\/cloudsupplyvapes.com\/fr\/wp-json\/wp\/v2\/product\/8634","targetHints":{"allow":["GET"]}}],"collection":[{"href":"https:\/\/cloudsupplyvapes.com\/fr\/wp-json\/wp\/v2\/product"}],"about":[{"href":"https:\/\/cloudsupplyvapes.com\/fr\/wp-json\/wp\/v2\/types\/product"}],"replies":[{"embeddable":true,"href":"https:\/\/cloudsupplyvapes.com\/fr\/wp-json\/wp\/v2\/comments?post=8634"}],"wp:featuredmedia":[{"embeddable":true,"href":"https:\/\/cloudsupplyvapes.com\/fr\/wp-json\/wp\/v2\/media\/8848"}],"wp:attachment":[{"href":"https:\/\/cloudsupplyvapes.com\/fr\/wp-json\/wp\/v2\/media?parent=8634"}],"wp:term":[{"taxonomy":"product_brand","embeddable":true,"href":"https:\/\/cloudsupplyvapes.com\/fr\/wp-json\/wp\/v2\/product_brand?post=8634"},{"taxonomy":"product_cat","embeddable":true,"href":"https:\/\/cloudsupplyvapes.com\/fr\/wp-json\/wp\/v2\/product_cat?post=8634"},{"taxonomy":"product_tag","embeddable":true,"href":"https:\/\/cloudsupplyvapes.com\/fr\/wp-json\/wp\/v2\/product_tag?post=8634"}],"curies":[{"name":"wp","href":"https:\/\/api.w.org\/{rel}","templated":true}]}}