{"id":8699,"date":"2024-10-19T03:01:38","date_gmt":"2024-10-19T03:01:38","guid":{"rendered":"https:\/\/cloudsupplyvapes.com\/?post_type=product&#038;p=8699"},"modified":"2024-11-25T03:51:19","modified_gmt":"2024-11-25T03:51:19","slug":"-262","status":"publish","type":"product","link":"https:\/\/cloudsupplyvapes.com\/fr\/product\/elfworld-iceking8500-disposable-wholesale-large-e-liquid-capacity-customizable-airflow-diverse-flavors\/","title":{"rendered":"ELFWORLD Iceking8500 Vape jetable en gros Airflow r\u00e9glable Construction l\u00e9g\u00e8re et durable"},"content":{"rendered":"<h3>ELFWORLD Iceking8500 Sp\u00e9cifications<\/h3>\n<table>\n<thead>\n<tr>\n<th>Fonctionnalit\u00e9<\/th>\n<th>Sp\u00e9cifications<\/th>\n<\/tr>\n<\/thead>\n<tbody>\n<tr>\n<td>Intensit\u00e9 de la nicotine<\/td>\n<td>0%, 2%, 3%, 5% Sel de nicotine<\/td>\n<\/tr>\n<tr>\n<td>Capacit\u00e9 en e-liquide<\/td>\n<td>17mL<\/td>\n<\/tr>\n<tr>\n<td>Type de bobine<\/td>\n<td>Bobine de maille<\/td>\n<\/tr>\n<tr>\n<td>Batterie<\/td>\n<td>Batterie int\u00e9gr\u00e9e de 550mAh<\/td>\n<\/tr>\n<tr>\n<td>D\u00e9bit d'air<\/td>\n<td>R\u00e9glable<\/td>\n<\/tr>\n<tr>\n<td>Saveurs disponibles<\/td>\n<td>Blueberry Ice, Blue Razz, Strawberry Ice, Watermelon Bubble Gum, Strawberry Mango, Juicy Peach, Cool Mint, Peach Mango Watermelon, Lush Ice, Grape Ice<\/td>\n<\/tr>\n<tr>\n<td>Emballage par kit<\/td>\n<td>10 pi\u00e8ces dans une bo\u00eete de pr\u00e9sentation<\/td>\n<\/tr>\n<tr>\n<td>Emballage par carton<\/td>\n<td>200 pi\u00e8ces dans un carton<\/td>\n<\/tr>\n<tr>\n<td>Dimensions du carton<\/td>\n<td>500 mm x 400 mm x 250 mm<\/td>\n<\/tr>\n<tr>\n<td>Poids du carton<\/td>\n<td>Inconnu<\/td>\n<\/tr>\n<\/tbody>\n<\/table>\n<h4><strong>Saveurs disponibles :<\/strong><\/h4>\n<ul>\n<li>Glace aux myrtilles<\/li>\n<li>Bleu Razz<\/li>\n<li>Glace \u00e0 la fraise<\/li>\n<li>Gomme \u00e0 m\u00e2cher \u00e0 la past\u00e8que<\/li>\n<li>Fraise Mangue<\/li>\n<li>P\u00eache juteuse<\/li>\n<li>Menthe fra\u00eeche<\/li>\n<li>P\u00eache Mangue Past\u00e8que<\/li>\n<li>Glace luxuriante<\/li>\n<li>Glace de raisin<\/li>\n<\/ul>\n<h4><strong>Caract\u00e9ristiques principales :<\/strong><\/h4>\n<ul>\n<li><strong>Points forts de la nicotine :<\/strong> Disponible dans les concentrations de sel de nicotine 0%, 2%, 3% et 5%, pour r\u00e9pondre aux diff\u00e9rentes pr\u00e9f\u00e9rences des utilisateurs.<\/li>\n<li><strong>Capacit\u00e9 d'e-liquide :<\/strong> Chaque appareil est pr\u00e9-rempli de 17 ml d'e-liquide de haute qualit\u00e9, garantissant une exp\u00e9rience de vapotage durable et satisfaisante.<\/li>\n<li><strong>Type de bobine :<\/strong> \u00c9quip\u00e9 d'une bobine en maille qui maximise la saveur et la production de vapeur.<\/li>\n<li><strong>Batterie :<\/strong> Comprend une batterie int\u00e9gr\u00e9e de 550mAh avec un flux d'air r\u00e9glable, permettant des exp\u00e9riences de vapotage personnalis\u00e9es.<\/li>\n<li><strong>Emballage :<\/strong> Chaque kit contient 10 pi\u00e8ces dans une bo\u00eete de pr\u00e9sentation, avec 200 pi\u00e8ces par carton, ce qui facilite la distribution.<\/li>\n<\/ul>\n<h4><strong>Pourquoi choisir ELFWORLD Iceking8500 ?<\/strong><\/h4>\n<p>Le ELFWORLD Iceking8500 est parfait pour les vapoteurs \u00e0 la recherche d'une exp\u00e9rience gustative robuste avec un airflow r\u00e9glable et une grande capacit\u00e9 d'e-liquide. Cet appareil allie performance et commodit\u00e9, ce qui en fait un excellent choix pour les vapoteurs novices et exp\u00e9riment\u00e9s.<\/p>","protected":false},"excerpt":{"rendered":"<p>L'Iceking8500 d'ELFWORLD est dot\u00e9 d'un flux d'air r\u00e9glable, d'un design l\u00e9ger et durable et de performances constantes, ce qui en fait un choix ultra-portable pour les vapoteurs.<\/p>","protected":false},"featured_media":8855,"comment_status":"open","ping_status":"closed","template":"","meta":[],"product_brand":[],"product_cat":[22,480],"product_tag":[467],"class_list":{"0":"post-8699","1":"product","2":"type-product","3":"status-publish","4":"has-post-thumbnail","6":"product_cat-disposable-vape-sticks","7":"product_cat-elfworld","8":"product_tag-elfworld","10":"first","11":"instock","12":"sale","13":"shipping-taxable","14":"purchasable","15":"product-type-simple"},"jetpack_sharing_enabled":true,"tiered_pricing_type":"fixed","tiered_pricing_fixed_rules":{"2000":9.5,"10000":8.9000000000000003552713678800500929355621337890625},"tiered_pricing_product_settings":{"layout":"default","base_unit_name":{"singular":null,"plural":null},"default_variation":null},"tiered_pricing_minimum_quantity":30,"tiered_pricing_roles_data":[],"tiered_pricing_percentage_rules":[],"tiered_pricing_maximum_quantity":null,"tiered_pricing_quantity_step":null,"_links":{"self":[{"href":"https:\/\/cloudsupplyvapes.com\/fr\/wp-json\/wp\/v2\/product\/8699","targetHints":{"allow":["GET"]}}],"collection":[{"href":"https:\/\/cloudsupplyvapes.com\/fr\/wp-json\/wp\/v2\/product"}],"about":[{"href":"https:\/\/cloudsupplyvapes.com\/fr\/wp-json\/wp\/v2\/types\/product"}],"replies":[{"embeddable":true,"href":"https:\/\/cloudsupplyvapes.com\/fr\/wp-json\/wp\/v2\/comments?post=8699"}],"wp:featuredmedia":[{"embeddable":true,"href":"https:\/\/cloudsupplyvapes.com\/fr\/wp-json\/wp\/v2\/media\/8855"}],"wp:attachment":[{"href":"https:\/\/cloudsupplyvapes.com\/fr\/wp-json\/wp\/v2\/media?parent=8699"}],"wp:term":[{"taxonomy":"product_brand","embeddable":true,"href":"https:\/\/cloudsupplyvapes.com\/fr\/wp-json\/wp\/v2\/product_brand?post=8699"},{"taxonomy":"product_cat","embeddable":true,"href":"https:\/\/cloudsupplyvapes.com\/fr\/wp-json\/wp\/v2\/product_cat?post=8699"},{"taxonomy":"product_tag","embeddable":true,"href":"https:\/\/cloudsupplyvapes.com\/fr\/wp-json\/wp\/v2\/product_tag?post=8699"}],"curies":[{"name":"wp","href":"https:\/\/api.w.org\/{rel}","templated":true}]}}