{"id":8826,"date":"2024-10-19T03:02:45","date_gmt":"2024-10-19T03:02:45","guid":{"rendered":"https:\/\/cloudsupplyvapes.com\/?post_type=product&#038;p=8826"},"modified":"2024-11-19T06:56:15","modified_gmt":"2024-11-19T06:56:15","slug":"-267","status":"publish","type":"product","link":"https:\/\/cloudsupplyvapes.com\/fr\/product\/vapme-monster-15000-disposable-wholesale-high-volume-long-battery-life-rich-flavor-selection-ultimate-vaping-experience\/","title":{"rendered":"VAPME Monster 15000 Vape jetable en gros - 15 000 bouff\u00e9es, rechargeable, construction durable, E-liquide de qualit\u00e9 sup\u00e9rieure pour la vente en gros"},"content":{"rendered":"<h3>VAPME Monster 15000 Vape jetable Sp\u00e9cifications<\/h3>\n<table>\n<thead>\n<tr>\n<th><strong>Fonctionnalit\u00e9<\/strong><\/th>\n<th><strong>Sp\u00e9cifications<\/strong><\/th>\n<\/tr>\n<\/thead>\n<tbody>\n<tr>\n<td>Taille<\/td>\n<td>134 mm x 29 mm x 29 mm<\/td>\n<\/tr>\n<tr>\n<td>Capacit\u00e9 de la batterie<\/td>\n<td>650mAh<\/td>\n<\/tr>\n<tr>\n<td>Gamme de puissance<\/td>\n<td>7W<\/td>\n<\/tr>\n<tr>\n<td>Tension d'entr\u00e9e<\/td>\n<td>3.6V<\/td>\n<\/tr>\n<tr>\n<td>Capacit\u00e9 en e-liquide<\/td>\n<td>26mL<\/td>\n<\/tr>\n<tr>\n<td>R\u00e9sistance<\/td>\n<td>1,0 ohm<\/td>\n<\/tr>\n<tr>\n<td>Puffs<\/td>\n<td>Environ 15 000 bouff\u00e9es<\/td>\n<\/tr>\n<tr>\n<td>Emballage par kit<\/td>\n<td>200 pi\u00e8ces par carton<\/td>\n<\/tr>\n<tr>\n<td>Poids de l'\u00e9tui<\/td>\n<td>20 kg<\/td>\n<\/tr>\n<\/tbody>\n<\/table>\n<h2>Saveurs disponibles :<\/h2>\n<ol>\n<li>Limonade Blue Razz<\/li>\n<li>Glace \u00e0 la p\u00eache<\/li>\n<li>Glace \u00e0 la past\u00e8que<\/li>\n<li>Myrtille Framboise<\/li>\n<li>Glace \u00e0 la cerise<\/li>\n<li>Glace \u00e0 la fraise<\/li>\n<li>Past\u00e8que \u00e0 la fraise<\/li>\n<li>Baies m\u00e9lang\u00e9es<\/li>\n<li>Fraise Kiwi<\/li>\n<li>Kiwi Fruit de la passion Goyave<\/li>\n<li>Red Bull \u00e0 la fraise<\/li>\n<li>P\u00eache Mangue Ananas<\/li>\n<\/ol>\n<h3>Caract\u00e9ristiques principales :<\/h3>\n<ul>\n<li><strong>Capacit\u00e9 d'e-liquide :<\/strong> Chaque appareil est rempli de 26 ml d'e-liquide, ce qui garantit une session de vapotage prolong\u00e9e et intense.<\/li>\n<li><strong>Batterie :<\/strong> Comprend une batterie de 650mAh qui est efficace pour g\u00e9rer le grand volume d'e-liquide et fournir des performances constantes tout au long de la dur\u00e9e de vie de l'appareil.<\/li>\n<li><strong>Conception compacte :<\/strong> Malgr\u00e9 sa capacit\u00e9 d'e-liquide et son nombre de bouff\u00e9es impressionnants, l'appareil reste compact et portable, se tenant confortablement dans la main ou dans la poche.<\/li>\n<li><strong>Vari\u00e9t\u00e9 d'ar\u00f4mes :<\/strong> Un large \u00e9ventail de 12 saveurs uniques et s\u00e9duisantes, des m\u00e9langes fruit\u00e9s classiques aux combinaisons innovantes, pour r\u00e9pondre \u00e0 tous les go\u00fbts.<\/li>\n<li><strong>Con\u00e7u pour la long\u00e9vit\u00e9 :<\/strong> Con\u00e7u pour durer, avec une construction robuste et un syst\u00e8me d'alimentation fiable qui garantit que chaque bouff\u00e9e est aussi bonne que la premi\u00e8re.<\/li>\n<\/ul>\n<h3>Pourquoi choisir VAPME Monster 15000 ?<\/h3>\n<p>Le VAPME Monster 15000 est parfait pour ceux qui recherchent une vape jetable de longue dur\u00e9e qui offre \u00e0 la fois des performances \u00e9lev\u00e9es et une diversit\u00e9 d'ar\u00f4mes sup\u00e9rieure. Sa grande capacit\u00e9 d'e-liquide et sa batterie efficace en font un choix id\u00e9al pour une utilisation prolong\u00e9e, offrant une exp\u00e9rience de vapotage satisfaisante avec une large gamme d'options de saveurs.<\/p>","protected":false},"excerpt":{"rendered":"<p>Le VAPME Monster 15000 offre une technologie de bobine avanc\u00e9e et un r\u00e9servoir robuste pour une utilisation prolong\u00e9e. Con\u00e7u pour durer et produire de la vapeur en douceur, c'est une option de premier choix pour les distributeurs en vrac.<\/p>","protected":false},"featured_media":8876,"comment_status":"open","ping_status":"closed","template":"","meta":[],"product_brand":[],"product_cat":[22],"product_tag":[470],"class_list":{"0":"post-8826","1":"product","2":"type-product","3":"status-publish","4":"has-post-thumbnail","6":"product_cat-disposable-vape-sticks","7":"product_tag-vapme","9":"first","10":"instock","11":"sale","12":"shipping-taxable","13":"purchasable","14":"product-type-simple"},"jetpack_sharing_enabled":true,"tiered_pricing_type":"fixed","tiered_pricing_fixed_rules":{"100":9.5999999999999996447286321199499070644378662109375,"500":9.5},"tiered_pricing_product_settings":{"layout":"default","base_unit_name":{"singular":null,"plural":null},"default_variation":null},"tiered_pricing_minimum_quantity":30,"tiered_pricing_roles_data":[],"tiered_pricing_percentage_rules":[],"tiered_pricing_maximum_quantity":null,"tiered_pricing_quantity_step":null,"_links":{"self":[{"href":"https:\/\/cloudsupplyvapes.com\/fr\/wp-json\/wp\/v2\/product\/8826","targetHints":{"allow":["GET"]}}],"collection":[{"href":"https:\/\/cloudsupplyvapes.com\/fr\/wp-json\/wp\/v2\/product"}],"about":[{"href":"https:\/\/cloudsupplyvapes.com\/fr\/wp-json\/wp\/v2\/types\/product"}],"replies":[{"embeddable":true,"href":"https:\/\/cloudsupplyvapes.com\/fr\/wp-json\/wp\/v2\/comments?post=8826"}],"wp:featuredmedia":[{"embeddable":true,"href":"https:\/\/cloudsupplyvapes.com\/fr\/wp-json\/wp\/v2\/media\/8876"}],"wp:attachment":[{"href":"https:\/\/cloudsupplyvapes.com\/fr\/wp-json\/wp\/v2\/media?parent=8826"}],"wp:term":[{"taxonomy":"product_brand","embeddable":true,"href":"https:\/\/cloudsupplyvapes.com\/fr\/wp-json\/wp\/v2\/product_brand?post=8826"},{"taxonomy":"product_cat","embeddable":true,"href":"https:\/\/cloudsupplyvapes.com\/fr\/wp-json\/wp\/v2\/product_cat?post=8826"},{"taxonomy":"product_tag","embeddable":true,"href":"https:\/\/cloudsupplyvapes.com\/fr\/wp-json\/wp\/v2\/product_tag?post=8826"}],"curies":[{"name":"wp","href":"https:\/\/api.w.org\/{rel}","templated":true}]}}