{"id":8828,"date":"2024-10-19T03:02:45","date_gmt":"2024-10-19T03:02:45","guid":{"rendered":"https:\/\/cloudsupplyvapes.com\/?post_type=product&#038;p=8828"},"modified":"2024-11-19T06:55:56","modified_gmt":"2024-11-19T06:55:56","slug":"-269","status":"publish","type":"product","link":"https:\/\/cloudsupplyvapes.com\/fr\/product\/alibarbar-ingot-9000-puff-disposable-vape-wholesale-13-flavours-available\/","title":{"rendered":"ALIBARBAR INGOT 9000 Puffs Vape jetable en gros - 9,000 Puffs, 13mL E-Liquid, Sleek and Stylish Design for Bulk Orders"},"content":{"rendered":"<h2>Saveurs disponibles :<\/h2>\n<ol>\n<li>Banana Buzz<\/li>\n<li>Glace \u00e0 la m\u00fbre<\/li>\n<li>Explosion de myrtilles<\/li>\n<li>Menthe fra\u00eeche<\/li>\n<li>Double pomme<\/li>\n<li>Fanta<\/li>\n<li>Glace de raisin<\/li>\n<li>Magie de la mangue<\/li>\n<li>Fruit de la passion Mangue Citron vert<\/li>\n<li>Citron rose<\/li>\n<li>Fraise, noix de coco et past\u00e8que<\/li>\n<li>Tabac<\/li>\n<li>Glace \u00e0 la past\u00e8que<\/li>\n<li>Bo\u00eete myst\u00e8re - une saveur surprise<\/li>\n<\/ol>\n<h3>ALIBARBAR INGOT 9000 Vape jetable Sp\u00e9cifications<\/h3>\n<table>\n<thead>\n<tr>\n<th><strong>Fonctionnalit\u00e9<\/strong><\/th>\n<th><strong>Sp\u00e9cifications<\/strong><\/th>\n<\/tr>\n<\/thead>\n<tbody>\n<tr>\n<td>Taille<\/td>\n<td>103mm x 40mm x 26mm<\/td>\n<\/tr>\n<tr>\n<td>Capacit\u00e9 de la batterie<\/td>\n<td>2350mAh<\/td>\n<\/tr>\n<tr>\n<td>Gamme de puissance<\/td>\n<td>Variable en fonction de l'utilisation<\/td>\n<\/tr>\n<tr>\n<td>Tension d'entr\u00e9e<\/td>\n<td>3.7V<\/td>\n<\/tr>\n<tr>\n<td>Capacit\u00e9 en e-liquide<\/td>\n<td>22mL<\/td>\n<\/tr>\n<tr>\n<td>R\u00e9sistance<\/td>\n<td>1,3 ohm<\/td>\n<\/tr>\n<tr>\n<td>Puffs<\/td>\n<td>Jusqu'\u00e0 9 000 bouff\u00e9es<\/td>\n<\/tr>\n<tr>\n<td>Emballage par kit<\/td>\n<td>10 pi\u00e8ces par bo\u00eete interm\u00e9diaire, 100 pi\u00e8ces par carton<\/td>\n<\/tr>\n<tr>\n<td>Poids net<\/td>\n<td>90g<\/td>\n<\/tr>\n<\/tbody>\n<\/table>\n<h3>Caract\u00e9ristiques principales :<\/h3>\n<ul>\n<li><strong>Capacit\u00e9 d'e-liquide :<\/strong> La g\u00e9n\u00e9reuse contenance de 22mL d'e-liquide permet de longues sessions de vapotage sans avoir \u00e0 recharger fr\u00e9quemment.<\/li>\n<li><strong>Batterie :<\/strong> Une puissante batterie de 2350mAh soutient la grande capacit\u00e9 d'e-liquide, garantissant une performance et une fiabilit\u00e9 constantes.<\/li>\n<li><strong>Conception portable :<\/strong> Malgr\u00e9 sa grande capacit\u00e9, le design reste \u00e9l\u00e9gant et portable, parfait pour le vapotage en d\u00e9placement.<\/li>\n<li><strong>Options de saveurs \u00e9tendues :<\/strong> Choisissez parmi 14 saveurs diff\u00e9rentes, y compris une option \"bo\u00eete myst\u00e8re\" pour ceux qui aiment les surprises.<\/li>\n<li><strong>Performance optimale :<\/strong> Con\u00e7u pour durer et offrir une exp\u00e9rience de vapotage en douceur, avec une bobine de 1,3 ohm qui optimise l'extraction des ar\u00f4mes.<\/li>\n<\/ul>\n<h3>Pourquoi choisir ALIBARBAR INGOT 9000 ?<\/h3>\n<p>L'ALIBARBAR INGOT 9000 se distingue par sa grande autonomie et sa grande capacit\u00e9 d'e-liquide, ce qui en fait un choix de premier ordre pour les vapoteurs s\u00e9rieux. Il allie l'utile \u00e0 l'agr\u00e9able, en proposant un large \u00e9ventail d'ar\u00f4mes et un design durable pour une utilisation quotidienne. Que vous soyez un amateur d'ar\u00f4mes ou un vapoteur r\u00e9gulier, l'INGOT 9000 offre une performance impressionnante qui peut satisfaire tous vos besoins en mati\u00e8re de vapotage.<\/p>","protected":false},"excerpt":{"rendered":"<p>ALIBARBAR INGOT associe une prise en main ergonomique \u00e0 une production de vapeur de qualit\u00e9 sup\u00e9rieure, garantissant le confort et la satisfaction de l'utilisateur. Con\u00e7ue pour une fonctionnalit\u00e9 sans faille, elle constitue un excellent compl\u00e9ment pour les acheteurs en gros qui recherchent la qualit\u00e9 et le style.<\/p>","protected":false},"featured_media":8878,"comment_status":"open","ping_status":"closed","template":"","meta":[],"product_brand":[],"product_cat":[22],"product_tag":[471],"class_list":{"0":"post-8828","1":"product","2":"type-product","3":"status-publish","4":"has-post-thumbnail","6":"product_cat-disposable-vape-sticks","7":"product_tag-alibarbar","9":"first","10":"instock","11":"sale","12":"featured","13":"shipping-taxable","14":"purchasable","15":"product-type-simple"},"jetpack_sharing_enabled":true,"tiered_pricing_type":"fixed","tiered_pricing_fixed_rules":{"300":13.300000000000000710542735760100185871124267578125,"900":13.0999999999999996447286321199499070644378662109375,"1500":13,"3000":12.800000000000000710542735760100185871124267578125,"6000":12.5,"9000":11.5,"10000":12.300000000000000710542735760100185871124267578125,"30000":12,"60000":11.800000000000000710542735760100185871124267578125},"tiered_pricing_product_settings":{"layout":"default","base_unit_name":{"singular":null,"plural":null},"default_variation":null},"tiered_pricing_minimum_quantity":60,"tiered_pricing_roles_data":[],"tiered_pricing_percentage_rules":[],"tiered_pricing_maximum_quantity":null,"tiered_pricing_quantity_step":null,"_links":{"self":[{"href":"https:\/\/cloudsupplyvapes.com\/fr\/wp-json\/wp\/v2\/product\/8828","targetHints":{"allow":["GET"]}}],"collection":[{"href":"https:\/\/cloudsupplyvapes.com\/fr\/wp-json\/wp\/v2\/product"}],"about":[{"href":"https:\/\/cloudsupplyvapes.com\/fr\/wp-json\/wp\/v2\/types\/product"}],"replies":[{"embeddable":true,"href":"https:\/\/cloudsupplyvapes.com\/fr\/wp-json\/wp\/v2\/comments?post=8828"}],"wp:featuredmedia":[{"embeddable":true,"href":"https:\/\/cloudsupplyvapes.com\/fr\/wp-json\/wp\/v2\/media\/8878"}],"wp:attachment":[{"href":"https:\/\/cloudsupplyvapes.com\/fr\/wp-json\/wp\/v2\/media?parent=8828"}],"wp:term":[{"taxonomy":"product_brand","embeddable":true,"href":"https:\/\/cloudsupplyvapes.com\/fr\/wp-json\/wp\/v2\/product_brand?post=8828"},{"taxonomy":"product_cat","embeddable":true,"href":"https:\/\/cloudsupplyvapes.com\/fr\/wp-json\/wp\/v2\/product_cat?post=8828"},{"taxonomy":"product_tag","embeddable":true,"href":"https:\/\/cloudsupplyvapes.com\/fr\/wp-json\/wp\/v2\/product_tag?post=8828"}],"curies":[{"name":"wp","href":"https:\/\/api.w.org\/{rel}","templated":true}]}}