{"id":8829,"date":"2024-10-19T03:02:46","date_gmt":"2024-10-19T03:02:46","guid":{"rendered":"https:\/\/cloudsupplyvapes.com\/?post_type=product&#038;p=8829"},"modified":"2024-11-19T06:55:45","modified_gmt":"2024-11-19T06:55:45","slug":"-270","status":"publish","type":"product","link":"https:\/\/cloudsupplyvapes.com\/fr\/product\/bang-bc9000-9000-puff-disposable-vape-wholesale\/","title":{"rendered":"Bang BC9000 Puffs Vape jetable en gros - 9 000 bouff\u00e9es, r\u00e9servoir de 8mL, portable et rentable pour les achats en gros"},"content":{"rendered":"<h2>Saveurs disponibles :<\/h2>\n<ol>\n<li>Ours en gomme<\/li>\n<li>Cr\u00e8me glac\u00e9e \u00e0 la fraise<\/li>\n<li>P\u00eache Mangue<\/li>\n<li>Glace aux trois baies<\/li>\n<li>Past\u00e8que \u00e0 la fraise<\/li>\n<li>Glace luxuriante<\/li>\n<li>Glace Blue Razz<\/li>\n<li>Fruits tropicaux<\/li>\n<li>Alo\u00e8s raisin<\/li>\n<li>Glace \u00e0 la p\u00eache<\/li>\n<li>Lychee \u00e0 la fraise<\/li>\n<li>Menthe fra\u00eeche<\/li>\n<\/ol>\n<h3>Bang BC9000 Vape jetable Sp\u00e9cifications<\/h3>\n<table>\n<thead>\n<tr>\n<th><strong>Fonctionnalit\u00e9<\/strong><\/th>\n<th><strong>Sp\u00e9cifications<\/strong><\/th>\n<\/tr>\n<\/thead>\n<tbody>\n<tr>\n<td>Capacit\u00e9 de la batterie<\/td>\n<td>550mAh<\/td>\n<\/tr>\n<tr>\n<td>Capacit\u00e9 en e-liquide<\/td>\n<td>18ml<\/td>\n<\/tr>\n<tr>\n<td>Intensit\u00e9 de la nicotine<\/td>\n<td>0%, 2%, 3%, 5% (par d\u00e9faut)<\/td>\n<\/tr>\n<tr>\n<td>Puffs<\/td>\n<td>Jusqu'\u00e0 9000 bouff\u00e9es<\/td>\n<\/tr>\n<tr>\n<td>Fourchette de prix<\/td>\n<td>$26-$29<\/td>\n<\/tr>\n<tr>\n<td>Dimensions de la bo\u00eete ext\u00e9rieure<\/td>\n<td>64x28x23 cm ; 16,5 kg\/200 pi\u00e8ces<\/td>\n<\/tr>\n<\/tbody>\n<\/table>\n<h3>Caract\u00e9ristiques principales :<\/h3>\n<ul>\n<li><strong>Vaste choix d'ar\u00f4mes :<\/strong> Offrant 12 saveurs uniques et d\u00e9licieuses, elles s'adressent \u00e0 tous les palais.<\/li>\n<li><strong>Batterie longue dur\u00e9e :<\/strong> Une batterie robuste de 550mAh vous permet d'obtenir jusqu'\u00e0 9000 bouff\u00e9es par appareil.<\/li>\n<li><strong>Options de nicotine variable :<\/strong> Disponible en concentrations de nicotine de 0%, 0,2% et 3,5%, convenant aussi bien aux utilisateurs l\u00e9gers qu'aux utilisateurs r\u00e9guliers.<\/li>\n<li><strong>Grande capacit\u00e9 d'e-liquide :<\/strong> Chaque vape contient 18 ml d'e-liquide, ce qui minimise le besoin de remplacements fr\u00e9quents.<\/li>\n<li><strong>Compact et portable :<\/strong> Malgr\u00e9 sa puissance, l'appareil est con\u00e7u pour \u00eatre portable et facile \u00e0 transporter.<\/li>\n<\/ul>\n<h3>Pourquoi choisir Bang BC9000 ?<\/h3>\n<p>Le Bang BC9000 est parfait pour les vapoteurs \u00e0 la recherche d'un appareil fiable et de grande capacit\u00e9 qui ne fait aucun compromis sur le go\u00fbt ou la performance. Avec sa large gamme de saveurs et sa grande autonomie, il est con\u00e7u pour r\u00e9pondre aux besoins des vapoteurs occasionnels et fr\u00e9quents. Que vous ayez envie de quelque chose de fruit\u00e9, de cr\u00e9meux ou de glac\u00e9, le Bang BC9000 a une saveur pour satisfaire votre envie, tout en offrant une exp\u00e9rience de vapotage constante et agr\u00e9able.<\/p>","protected":false},"excerpt":{"rendered":"<p>Bang BC9000 offre des performances fiables avec un design l\u00e9ger et un d\u00e9bit de vapeur efficace. Id\u00e9al pour une utilisation quotidienne, cet appareil portable offre un fonctionnement fluide et est parfait pour les commandes de gros volumes.<\/p>","protected":false},"featured_media":8879,"comment_status":"open","ping_status":"closed","template":"","meta":[],"product_brand":[],"product_cat":[481,22],"product_tag":[31],"class_list":{"0":"post-8829","1":"product","2":"type-product","3":"status-publish","4":"has-post-thumbnail","6":"product_cat-bang","7":"product_cat-disposable-vape-sticks","8":"product_tag-bang","10":"first","11":"instock","12":"shipping-taxable","13":"purchasable","14":"product-type-simple"},"jetpack_sharing_enabled":true,"tiered_pricing_type":"fixed","tiered_pricing_fixed_rules":[],"tiered_pricing_product_settings":{"layout":"default","base_unit_name":{"singular":null,"plural":null},"default_variation":null},"tiered_pricing_minimum_quantity":30,"tiered_pricing_roles_data":[],"tiered_pricing_percentage_rules":[],"tiered_pricing_maximum_quantity":null,"tiered_pricing_quantity_step":"10","_links":{"self":[{"href":"https:\/\/cloudsupplyvapes.com\/fr\/wp-json\/wp\/v2\/product\/8829","targetHints":{"allow":["GET"]}}],"collection":[{"href":"https:\/\/cloudsupplyvapes.com\/fr\/wp-json\/wp\/v2\/product"}],"about":[{"href":"https:\/\/cloudsupplyvapes.com\/fr\/wp-json\/wp\/v2\/types\/product"}],"replies":[{"embeddable":true,"href":"https:\/\/cloudsupplyvapes.com\/fr\/wp-json\/wp\/v2\/comments?post=8829"}],"wp:featuredmedia":[{"embeddable":true,"href":"https:\/\/cloudsupplyvapes.com\/fr\/wp-json\/wp\/v2\/media\/8879"}],"wp:attachment":[{"href":"https:\/\/cloudsupplyvapes.com\/fr\/wp-json\/wp\/v2\/media?parent=8829"}],"wp:term":[{"taxonomy":"product_brand","embeddable":true,"href":"https:\/\/cloudsupplyvapes.com\/fr\/wp-json\/wp\/v2\/product_brand?post=8829"},{"taxonomy":"product_cat","embeddable":true,"href":"https:\/\/cloudsupplyvapes.com\/fr\/wp-json\/wp\/v2\/product_cat?post=8829"},{"taxonomy":"product_tag","embeddable":true,"href":"https:\/\/cloudsupplyvapes.com\/fr\/wp-json\/wp\/v2\/product_tag?post=8829"}],"curies":[{"name":"wp","href":"https:\/\/api.w.org\/{rel}","templated":true}]}}