{"id":8830,"date":"2024-10-19T03:02:46","date_gmt":"2024-10-19T03:02:46","guid":{"rendered":"https:\/\/cloudsupplyvapes.com\/?post_type=product&#038;p=8830"},"modified":"2024-11-19T06:54:25","modified_gmt":"2024-11-19T06:54:25","slug":"-271","status":"publish","type":"product","link":"https:\/\/cloudsupplyvapes.com\/fr\/product\/bang-tn-12000-12000-puff-disposable-vape-wholesale\/","title":{"rendered":"Bang TN 12000 Puffs Vape jetable en gros - Rechargeable, capacit\u00e9 de 10mL d'e-liquide, Pods de haute performance"},"content":{"rendered":"<h2>Saveurs disponibles :<\/h2>\n<ol>\n<li>Glace \u00e0 la myrtille et \u00e0 la framboise<\/li>\n<li>Fraise Mangue<\/li>\n<li>Fraise et banane<\/li>\n<li>Glace \u00e0 la past\u00e8que<\/li>\n<li>M. Bleu<\/li>\n<li>Glace de raisin<\/li>\n<li>Menthe fra\u00eeche<\/li>\n<li>M\u00e9lange de fruits<\/li>\n<li>Lychee \u00e0 la fraise<\/li>\n<li>Glace \u00e0 la fraise<\/li>\n<li>Glace \u00e0 la p\u00eache<\/li>\n<li>Past\u00e8que Fraise<\/li>\n<\/ol>\n<h3>Sp\u00e9cifications du Bang TN 12000 Vape jetable<\/h3>\n<table>\n<thead>\n<tr>\n<th><strong>Fonctionnalit\u00e9<\/strong><\/th>\n<th><strong>Sp\u00e9cifications<\/strong><\/th>\n<\/tr>\n<\/thead>\n<tbody>\n<tr>\n<td>Capacit\u00e9 de la batterie<\/td>\n<td>650mAh<\/td>\n<\/tr>\n<tr>\n<td>Capacit\u00e9 en e-liquide<\/td>\n<td>20ml<\/td>\n<\/tr>\n<tr>\n<td>Intensit\u00e9 de la nicotine<\/td>\n<td>0%, 2%, 3%, 5% (par d\u00e9faut)<\/td>\n<\/tr>\n<tr>\n<td>Puffs<\/td>\n<td>Jusqu'\u00e0 12 000 bouff\u00e9es<\/td>\n<\/tr>\n<tr>\n<td>Fourchette de prix<\/td>\n<td>$26-$29<\/td>\n<\/tr>\n<tr>\n<td>Dimensions de la bo\u00eete ext\u00e9rieure<\/td>\n<td>18,8 kg\/200 pi\u00e8ces<\/td>\n<\/tr>\n<\/tbody>\n<\/table>\n<h3>Caract\u00e9ristiques principales :<\/h3>\n<ul>\n<li><strong>Vaste choix d'ar\u00f4mes :<\/strong> Offrant 12 saveurs uniques et d\u00e9licieuses, elles s'adressent \u00e0 tous les palais.<\/li>\n<li><strong>Batterie longue dur\u00e9e :<\/strong> Une batterie robuste de 650mAh vous permet d'obtenir jusqu'\u00e0 12000 bouff\u00e9es par appareil.<\/li>\n<li><strong>Options de nicotine variable :<\/strong> Disponible en concentrations de nicotine de 0%, 0,2% et 3,5%, convenant aussi bien aux utilisateurs l\u00e9gers qu'aux utilisateurs r\u00e9guliers.<\/li>\n<li><strong>Grande capacit\u00e9 d'e-liquide :<\/strong> Chaque vape contient 20 ml d'e-liquide, ce qui minimise le besoin de remplacements fr\u00e9quents.<\/li>\n<li><strong>Compact et portable :<\/strong> Malgr\u00e9 sa puissance, l'appareil est con\u00e7u pour \u00eatre portable et facile \u00e0 transporter.<\/li>\n<\/ul>\n<h3>Pourquoi choisir Bang TN 12000 ?<\/h3>\n<p>Le Bang TN 12000 se distingue par son autonomie g\u00e9n\u00e9reuse et sa capacit\u00e9 substantielle en e-liquide, ce qui en fait un choix de premier ordre pour les vapoteurs s\u00e9rieux. Il offre un large \u00e9ventail de saveurs pour r\u00e9pondre \u00e0 toutes les pr\u00e9f\u00e9rences, du fruit\u00e9 et rafra\u00eechissant au frais et revigorant. Le nombre \u00e9lev\u00e9 de bouff\u00e9es garantit une exp\u00e9rience de vapotage de longue dur\u00e9e, parfaite pour ceux qui appr\u00e9cient \u00e0 la fois la saveur et la commodit\u00e9.<\/p>","protected":false},"excerpt":{"rendered":"<p>Bang TN 12000 allie portabilit\u00e9 et d\u00e9bit de vapeur \u00e9lev\u00e9, avec un syst\u00e8me de r\u00e9servoir robuste et une finition \u00e9l\u00e9gante. Con\u00e7u pour \u00eatre fiable, c'est un choix de premier ordre pour les besoins de stockage en vrac.<\/p>","protected":false},"featured_media":8880,"comment_status":"open","ping_status":"closed","template":"","meta":[],"product_brand":[],"product_cat":[481,22],"product_tag":[31],"class_list":{"0":"post-8830","1":"product","2":"type-product","3":"status-publish","4":"has-post-thumbnail","6":"product_cat-bang","7":"product_cat-disposable-vape-sticks","8":"product_tag-bang","10":"first","11":"instock","12":"shipping-taxable","13":"purchasable","14":"product-type-simple"},"jetpack_sharing_enabled":true,"tiered_pricing_type":"fixed","tiered_pricing_fixed_rules":[],"tiered_pricing_product_settings":{"layout":"default","base_unit_name":{"singular":null,"plural":null},"default_variation":null},"tiered_pricing_minimum_quantity":30,"tiered_pricing_roles_data":[],"tiered_pricing_percentage_rules":[],"tiered_pricing_maximum_quantity":null,"tiered_pricing_quantity_step":"10","_links":{"self":[{"href":"https:\/\/cloudsupplyvapes.com\/fr\/wp-json\/wp\/v2\/product\/8830","targetHints":{"allow":["GET"]}}],"collection":[{"href":"https:\/\/cloudsupplyvapes.com\/fr\/wp-json\/wp\/v2\/product"}],"about":[{"href":"https:\/\/cloudsupplyvapes.com\/fr\/wp-json\/wp\/v2\/types\/product"}],"replies":[{"embeddable":true,"href":"https:\/\/cloudsupplyvapes.com\/fr\/wp-json\/wp\/v2\/comments?post=8830"}],"wp:featuredmedia":[{"embeddable":true,"href":"https:\/\/cloudsupplyvapes.com\/fr\/wp-json\/wp\/v2\/media\/8880"}],"wp:attachment":[{"href":"https:\/\/cloudsupplyvapes.com\/fr\/wp-json\/wp\/v2\/media?parent=8830"}],"wp:term":[{"taxonomy":"product_brand","embeddable":true,"href":"https:\/\/cloudsupplyvapes.com\/fr\/wp-json\/wp\/v2\/product_brand?post=8830"},{"taxonomy":"product_cat","embeddable":true,"href":"https:\/\/cloudsupplyvapes.com\/fr\/wp-json\/wp\/v2\/product_cat?post=8830"},{"taxonomy":"product_tag","embeddable":true,"href":"https:\/\/cloudsupplyvapes.com\/fr\/wp-json\/wp\/v2\/product_tag?post=8830"}],"curies":[{"name":"wp","href":"https:\/\/api.w.org\/{rel}","templated":true}]}}