{"id":8831,"date":"2024-10-19T03:02:46","date_gmt":"2024-10-19T03:02:46","guid":{"rendered":"https:\/\/cloudsupplyvapes.com\/?post_type=product&#038;p=8831"},"modified":"2024-11-19T06:54:14","modified_gmt":"2024-11-19T06:54:14","slug":"-272","status":"publish","type":"product","link":"https:\/\/cloudsupplyvapes.com\/fr\/product\/bang-tornado-12000-12000-puff-disposable-vape-wholesale\/","title":{"rendered":"Bang Tornado 12000 Puffs Vape jetable Wholesale - Design compact, 12 000 bouff\u00e9es, construction durable pour la vente en gros"},"content":{"rendered":"<h2>Saveurs disponibles :<\/h2>\n<ol>\n<li>Glace aux myrtilles<\/li>\n<li>Pistolet \u00e0 bulles past\u00e8que<\/li>\n<li>Glace Blue Razz<\/li>\n<li>Raisin royal<\/li>\n<li>Glace \u00e0 la past\u00e8que<\/li>\n<li>Pomme acide Razberry<\/li>\n<li>P\u00eache Mangue Past\u00e8que<\/li>\n<li>Fraise Kiwi<\/li>\n<li>Kiwi fruit de la passion Goyave<\/li>\n<li>Past\u00e8que \u00e0 la fraise<\/li>\n<li>Jus de fraise<\/li>\n<li>Glace du dragon noir<\/li>\n<li>framboise past\u00e8que<\/li>\n<li>Fraise past\u00e8que melon<\/li>\n<li>Glace de p\u00eache<\/li>\n<li>Fruits m\u00e9lang\u00e9s<\/li>\n<li>Fraise framboise<\/li>\n<li>Myrtille, cerise, canneberge<\/li>\n<li>Fraise-mangue<\/li>\n<li>Limonade cerise-p\u00eache<\/li>\n<\/ol>\n<h3>Bang Tornado 12000 Sp\u00e9cifications de la Vape jetable<\/h3>\n<table>\n<thead>\n<tr>\n<th><strong>Fonctionnalit\u00e9<\/strong><\/th>\n<th><strong>Sp\u00e9cifications<\/strong><\/th>\n<\/tr>\n<\/thead>\n<tbody>\n<tr>\n<td>Capacit\u00e9 de la batterie<\/td>\n<td>650mAh<\/td>\n<\/tr>\n<tr>\n<td>Capacit\u00e9 en e-liquide<\/td>\n<td>20ml<\/td>\n<\/tr>\n<tr>\n<td>Intensit\u00e9 de la nicotine<\/td>\n<td>0%, 2%, 3%, 5% (par d\u00e9faut)<\/td>\n<\/tr>\n<tr>\n<td>Puffs<\/td>\n<td>Jusqu'\u00e0 12 000 bouff\u00e9es<\/td>\n<\/tr>\n<tr>\n<td>Fourchette de prix<\/td>\n<td>$26-$29<\/td>\n<\/tr>\n<tr>\n<td>Dimensions de la bo\u00eete ext\u00e9rieure<\/td>\n<td>42x41x19 cm ; 18,85 kg\/200 pi\u00e8ces<\/td>\n<\/tr>\n<\/tbody>\n<\/table>\n<h3>Caract\u00e9ristiques principales :<\/h3>\n<ul>\n<li><strong>Vaste choix d'ar\u00f4mes :<\/strong> Une s\u00e9lection vari\u00e9e de 22 saveurs permet de r\u00e9pondre \u00e0 tous les go\u00fbts.<\/li>\n<li><strong>Dur\u00e9e de vie de la batterie prolong\u00e9e :<\/strong> Avec une batterie de 650mAh, profitez d'une utilisation prolong\u00e9e sans recharges fr\u00e9quentes.<\/li>\n<li><strong>Volume d'e-liquide \u00e9lev\u00e9 :<\/strong> La capacit\u00e9 de 20 ml permet une dur\u00e9e de vaporisation importante, jusqu'\u00e0 12 000 bouff\u00e9es par appareil.<\/li>\n<li><strong>Options de nicotine flexibles :<\/strong> Des niveaux de nicotine adapt\u00e9s aux pr\u00e9f\u00e9rences individuelles, allant de sans nicotine \u00e0 3.5%.<\/li>\n<li><strong>Portable et compact :<\/strong> Id\u00e9al pour le vapotage en d\u00e9placement, offrant \u00e0 la fois commodit\u00e9 et style.<\/li>\n<\/ul>\n<h3>Pourquoi choisir Bang Tornado 12000 ?<\/h3>\n<p>Pour les vapoteurs \u00e0 la recherche de performances exceptionnelles et d'une grande vari\u00e9t\u00e9 de saveurs, le Bang Tornado 12000 offre une exp\u00e9rience de vapotage sup\u00e9rieure. Sa vaste s\u00e9lection d'ar\u00f4mes, combin\u00e9e \u00e0 des sp\u00e9cifications de haute capacit\u00e9, en fait un choix de premier plan dans le domaine des vapes jetables, qui s'adresse \u00e0 tous les amateurs de vapotage.<\/p>","protected":false},"excerpt":{"rendered":"<p>Bang Tornado produit une vapeur puissante avec un minimum d'effort. Sa construction ergonomique et son fonctionnement souple en font un produit id\u00e9al pour les acheteurs en gros \u00e0 la recherche d'appareils de qualit\u00e9.<\/p>","protected":false},"featured_media":8881,"comment_status":"open","ping_status":"closed","template":"","meta":[],"product_brand":[],"product_cat":[481,22],"product_tag":[31],"class_list":{"0":"post-8831","1":"product","2":"type-product","3":"status-publish","4":"has-post-thumbnail","6":"product_cat-bang","7":"product_cat-disposable-vape-sticks","8":"product_tag-bang","10":"first","11":"instock","12":"shipping-taxable","13":"purchasable","14":"product-type-simple"},"jetpack_sharing_enabled":true,"tiered_pricing_type":"fixed","tiered_pricing_fixed_rules":[],"tiered_pricing_product_settings":{"layout":"default","base_unit_name":{"singular":null,"plural":null},"default_variation":null},"tiered_pricing_minimum_quantity":30,"tiered_pricing_roles_data":[],"tiered_pricing_percentage_rules":[],"tiered_pricing_maximum_quantity":null,"tiered_pricing_quantity_step":"10","_links":{"self":[{"href":"https:\/\/cloudsupplyvapes.com\/fr\/wp-json\/wp\/v2\/product\/8831","targetHints":{"allow":["GET"]}}],"collection":[{"href":"https:\/\/cloudsupplyvapes.com\/fr\/wp-json\/wp\/v2\/product"}],"about":[{"href":"https:\/\/cloudsupplyvapes.com\/fr\/wp-json\/wp\/v2\/types\/product"}],"replies":[{"embeddable":true,"href":"https:\/\/cloudsupplyvapes.com\/fr\/wp-json\/wp\/v2\/comments?post=8831"}],"wp:featuredmedia":[{"embeddable":true,"href":"https:\/\/cloudsupplyvapes.com\/fr\/wp-json\/wp\/v2\/media\/8881"}],"wp:attachment":[{"href":"https:\/\/cloudsupplyvapes.com\/fr\/wp-json\/wp\/v2\/media?parent=8831"}],"wp:term":[{"taxonomy":"product_brand","embeddable":true,"href":"https:\/\/cloudsupplyvapes.com\/fr\/wp-json\/wp\/v2\/product_brand?post=8831"},{"taxonomy":"product_cat","embeddable":true,"href":"https:\/\/cloudsupplyvapes.com\/fr\/wp-json\/wp\/v2\/product_cat?post=8831"},{"taxonomy":"product_tag","embeddable":true,"href":"https:\/\/cloudsupplyvapes.com\/fr\/wp-json\/wp\/v2\/product_tag?post=8831"}],"curies":[{"name":"wp","href":"https:\/\/api.w.org\/{rel}","templated":true}]}}