{"id":8832,"date":"2024-10-19T03:02:46","date_gmt":"2024-10-19T03:02:46","guid":{"rendered":"https:\/\/cloudsupplyvapes.com\/?post_type=product&#038;p=8832"},"modified":"2024-11-19T06:54:04","modified_gmt":"2024-11-19T06:54:04","slug":"-273","status":"publish","type":"product","link":"https:\/\/cloudsupplyvapes.com\/fr\/product\/bang-king-12000-12000-puff-disposable-vape-wholesale\/","title":{"rendered":"Bang King 12000 Puffs Vape jetable en gros - 12 000 bouff\u00e9es, batterie longue dur\u00e9e, grande capacit\u00e9 pour les commandes en gros"},"content":{"rendered":"<h2>Saveurs disponibles :<\/h2>\n<ol>\n<li>Glace \u00e0 l'ananas et \u00e0 la noix de coco<\/li>\n<li>Past\u00e8que Bubblegum<\/li>\n<li>Glace aux trois baies<\/li>\n<li>Glace \u00e0 la p\u00eache<\/li>\n<li>Grenade<\/li>\n<li>Glace Blue Razz<\/li>\n<li>Past\u00e8que \u00e0 la fraise<\/li>\n<li>Melon Menthe<\/li>\n<li>Sherbert arc-en-ciel<\/li>\n<li>Fraise Mangue<\/li>\n<li>Raisin royal<\/li>\n<li>Baiser de la passion<\/li>\n<li>Double pomme<\/li>\n<li>P\u00eache Mangue<\/li>\n<li>Fraise Kiwi<\/li>\n<li>Glace \u00e0 la past\u00e8que<\/li>\n<li>Bleu melon<\/li>\n<li>Amour 66<\/li>\n<li>Sexe sur la plage<\/li>\n<li>P\u00eache Baies<\/li>\n<\/ol>\n<h3>Sp\u00e9cifications du Bang King 12000 Vape jetable<\/h3>\n<table>\n<thead>\n<tr>\n<th><strong>Fonctionnalit\u00e9<\/strong><\/th>\n<th><strong>Sp\u00e9cifications<\/strong><\/th>\n<\/tr>\n<\/thead>\n<tbody>\n<tr>\n<td>Capacit\u00e9 de la batterie<\/td>\n<td>650mAh<\/td>\n<\/tr>\n<tr>\n<td>Capacit\u00e9 en e-liquide<\/td>\n<td>23ml<\/td>\n<\/tr>\n<tr>\n<td>Intensit\u00e9 de la nicotine<\/td>\n<td>0%, 2%, 3%, 5% (par d\u00e9faut)<\/td>\n<\/tr>\n<tr>\n<td>Puffs<\/td>\n<td>Jusqu'\u00e0 12 000 bouff\u00e9es<\/td>\n<\/tr>\n<tr>\n<td>Dimensions de la bo\u00eete ext\u00e9rieure<\/td>\n<td>49,0\u00d748,0x26,0 cm ; 20,7 kg\/200 pi\u00e8ces<\/td>\n<\/tr>\n<\/tbody>\n<\/table>\n<h3>Caract\u00e9ristiques principales :<\/h3>\n<ul>\n<li><strong>Grande vari\u00e9t\u00e9 d'ar\u00f4mes :<\/strong> Offrant 20 saveurs uniques et excitantes, il y en a pour tous les go\u00fbts.<\/li>\n<li><strong>Dur\u00e9e de vie de la batterie am\u00e9lior\u00e9e :<\/strong> \u00c9quip\u00e9e d'une batterie de 650mAh, cette vape permet une utilisation prolong\u00e9e jusqu'\u00e0 12000 bouff\u00e9es.<\/li>\n<li><strong>Grande capacit\u00e9 d'e-liquide :<\/strong> Chaque vape est livr\u00e9e avec un volume substantiel de 23 ml d'e-liquide, ce qui r\u00e9duit le besoin de recharges fr\u00e9quentes.<\/li>\n<li><strong>Diverses options de nicotine :<\/strong> Adapt\u00e9e pour r\u00e9pondre aux diff\u00e9rents besoins des utilisateurs, de l'absence de nicotine jusqu'\u00e0 une concentration de 3,5%.<\/li>\n<li><strong>Conception portable :<\/strong> Malgr\u00e9 sa grande capacit\u00e9, il reste facile \u00e0 transporter, id\u00e9al pour vaper en d\u00e9placement.<\/li>\n<\/ul>\n<h3>Pourquoi choisir Bang King 12000 ?<\/h3>\n<p>Le Bang King 12000 est con\u00e7u pour ceux qui recherchent \u00e0 la fois la vari\u00e9t\u00e9 et le volume dans leur exp\u00e9rience de vapotage. Avec sa large gamme d'ar\u00f4mes et ses sp\u00e9cifications de haute performance, il constitue un choix id\u00e9al pour les vapoteurs occasionnels comme pour les fumeurs inv\u00e9t\u00e9r\u00e9s.<\/p>","protected":false},"excerpt":{"rendered":"<p>Le Bang King 12000 offre une exp\u00e9rience de vapotage raffin\u00e9e avec un flux d'air con\u00e7u avec pr\u00e9cision et un design compact. Son ch\u00e2ssis l\u00e9ger est tr\u00e8s pratique pour les commandes en nombre.<\/p>","protected":false},"featured_media":8882,"comment_status":"open","ping_status":"closed","template":"","meta":[],"product_brand":[],"product_cat":[481,22],"product_tag":[31],"class_list":{"0":"post-8832","1":"product","2":"type-product","3":"status-publish","4":"has-post-thumbnail","6":"product_cat-bang","7":"product_cat-disposable-vape-sticks","8":"product_tag-bang","10":"first","11":"instock","12":"shipping-taxable","13":"purchasable","14":"product-type-simple"},"jetpack_sharing_enabled":true,"tiered_pricing_type":"fixed","tiered_pricing_fixed_rules":[],"tiered_pricing_product_settings":{"layout":"default","base_unit_name":{"singular":null,"plural":null},"default_variation":null},"tiered_pricing_minimum_quantity":10,"tiered_pricing_roles_data":[],"tiered_pricing_percentage_rules":[],"tiered_pricing_maximum_quantity":null,"tiered_pricing_quantity_step":"10","_links":{"self":[{"href":"https:\/\/cloudsupplyvapes.com\/fr\/wp-json\/wp\/v2\/product\/8832","targetHints":{"allow":["GET"]}}],"collection":[{"href":"https:\/\/cloudsupplyvapes.com\/fr\/wp-json\/wp\/v2\/product"}],"about":[{"href":"https:\/\/cloudsupplyvapes.com\/fr\/wp-json\/wp\/v2\/types\/product"}],"replies":[{"embeddable":true,"href":"https:\/\/cloudsupplyvapes.com\/fr\/wp-json\/wp\/v2\/comments?post=8832"}],"wp:featuredmedia":[{"embeddable":true,"href":"https:\/\/cloudsupplyvapes.com\/fr\/wp-json\/wp\/v2\/media\/8882"}],"wp:attachment":[{"href":"https:\/\/cloudsupplyvapes.com\/fr\/wp-json\/wp\/v2\/media?parent=8832"}],"wp:term":[{"taxonomy":"product_brand","embeddable":true,"href":"https:\/\/cloudsupplyvapes.com\/fr\/wp-json\/wp\/v2\/product_brand?post=8832"},{"taxonomy":"product_cat","embeddable":true,"href":"https:\/\/cloudsupplyvapes.com\/fr\/wp-json\/wp\/v2\/product_cat?post=8832"},{"taxonomy":"product_tag","embeddable":true,"href":"https:\/\/cloudsupplyvapes.com\/fr\/wp-json\/wp\/v2\/product_tag?post=8832"}],"curies":[{"name":"wp","href":"https:\/\/api.w.org\/{rel}","templated":true}]}}