{"id":8833,"date":"2024-10-19T03:02:46","date_gmt":"2024-10-19T03:02:46","guid":{"rendered":"https:\/\/cloudsupplyvapes.com\/?post_type=product&#038;p=8833"},"modified":"2024-11-19T06:53:54","modified_gmt":"2024-11-19T06:53:54","slug":"-274","status":"publish","type":"product","link":"https:\/\/cloudsupplyvapes.com\/fr\/product\/bang-digital-15000-15000-puff-disposable-vape-wholesale\/","title":{"rendered":"Bang Digital 15000 Puffs Vape Wholesale jetable - Affichage num\u00e9rique, 15 000 bouff\u00e9es, longue dur\u00e9e de vie de la batterie, Vape Pods en vrac"},"content":{"rendered":"<h2>Saveurs disponibles :<\/h2>\n<ol>\n<li>Gel bleu<\/li>\n<li>Explosion de baies<\/li>\n<li>Bleu cerise citron<\/li>\n<li>Gel de p\u00eache<\/li>\n<li>Gel de raisin<\/li>\n<li>P\u00eache Baies<\/li>\n<li>Pomme acide Framboise<\/li>\n<li>Triple fruit<\/li>\n<li>Glace luxuriante<\/li>\n<li>Past\u00e8que \u00e0 la fraise<\/li>\n<li>Menthe fra\u00eeche<\/li>\n<li>Lychee \u00e0 la fraise<\/li>\n<\/ol>\n<h3>Bang Digital 15000 Vape jetable Sp\u00e9cifications<\/h3>\n<table>\n<thead>\n<tr>\n<th><strong>Fonctionnalit\u00e9<\/strong><\/th>\n<th><strong>Sp\u00e9cifications<\/strong><\/th>\n<\/tr>\n<\/thead>\n<tbody>\n<tr>\n<td>Capacit\u00e9 de la batterie<\/td>\n<td>500mAh<\/td>\n<\/tr>\n<tr>\n<td>Capacit\u00e9 en e-liquide<\/td>\n<td>23ml<\/td>\n<\/tr>\n<tr>\n<td>Intensit\u00e9 de la nicotine<\/td>\n<td>0%, 2%, 3%, 5% (par d\u00e9faut)<\/td>\n<\/tr>\n<tr>\n<td>Puffs<\/td>\n<td>Jusqu'\u00e0 15 000 bouff\u00e9es<\/td>\n<\/tr>\n<tr>\n<td>Fonctionnalit\u00e9 suppl\u00e9mentaire<\/td>\n<td>Affichage num\u00e9rique<\/td>\n<\/tr>\n<tr>\n<td>Poids de la bo\u00eete ext\u00e9rieure<\/td>\n<td>16,8 kg\/200 pi\u00e8ces<\/td>\n<\/tr>\n<\/tbody>\n<\/table>\n<h3>Caract\u00e9ristiques principales :<\/h3>\n<ul>\n<li><strong>Diverses options de saveurs :<\/strong> Une s\u00e9lection de 12 saveurs fra\u00eeches, du fruit\u00e9 au menthol\u00e9, pour satisfaire tous les go\u00fbts des vapoteurs.<\/li>\n<li><strong>Batterie \u00e0 haute capacit\u00e9 :<\/strong> Malgr\u00e9 sa taille compacte, la batterie de 500mAh permet de tirer jusqu'\u00e0 15000 bouff\u00e9es.<\/li>\n<li><strong>Volume substantiel d'e-liquide :<\/strong> Chaque appareil est pr\u00e9-rempli de 23 ml d'e-liquide pour des sessions de vapotage prolong\u00e9es.<\/li>\n<li><strong>Niveaux de nicotine r\u00e9glables :<\/strong> Disponible en plusieurs taux de nicotine pour r\u00e9pondre aux pr\u00e9f\u00e9rences de chacun.<\/li>\n<li><strong>Affichage num\u00e9rique innovant :<\/strong> Am\u00e9liore l'exp\u00e9rience de l'utilisateur en fournissant des donn\u00e9es d'utilisation en temps r\u00e9el.<\/li>\n<\/ul>\n<h3>Pourquoi choisir Bang Digital 15000 ?<\/h3>\n<p>Le Bang Digital 15000 est id\u00e9al pour les vapoteurs qui appr\u00e9cient la technologie et la commodit\u00e9. L'\u00e9cran num\u00e9rique offre une touche de modernit\u00e9, permettant aux utilisateurs de suivre leurs habitudes de vapotage tout en profitant d'une vari\u00e9t\u00e9 de saveurs riches et d'une exp\u00e9rience de vapotage de longue dur\u00e9e.<\/p>","protected":false},"excerpt":{"rendered":"<p>Bang Digital 15000 dispose d'un \u00e9cran intuitif pour un suivi en temps r\u00e9el et une utilisation optimis\u00e9e de la batterie. Son design \u00e9pur\u00e9 en fait le favori des utilisateurs f\u00e9rus de technologie et des distributeurs en vrac.<\/p>","protected":false},"featured_media":8883,"comment_status":"open","ping_status":"closed","template":"","meta":[],"product_brand":[],"product_cat":[481,22],"product_tag":[31],"class_list":{"0":"post-8833","1":"product","2":"type-product","3":"status-publish","4":"has-post-thumbnail","6":"product_cat-bang","7":"product_cat-disposable-vape-sticks","8":"product_tag-bang","10":"first","11":"instock","12":"shipping-taxable","13":"purchasable","14":"product-type-simple"},"jetpack_sharing_enabled":true,"tiered_pricing_type":"fixed","tiered_pricing_fixed_rules":[],"tiered_pricing_product_settings":{"layout":"default","base_unit_name":{"singular":null,"plural":null},"default_variation":null},"tiered_pricing_minimum_quantity":null,"tiered_pricing_roles_data":[],"tiered_pricing_percentage_rules":[],"tiered_pricing_maximum_quantity":null,"tiered_pricing_quantity_step":null,"_links":{"self":[{"href":"https:\/\/cloudsupplyvapes.com\/fr\/wp-json\/wp\/v2\/product\/8833","targetHints":{"allow":["GET"]}}],"collection":[{"href":"https:\/\/cloudsupplyvapes.com\/fr\/wp-json\/wp\/v2\/product"}],"about":[{"href":"https:\/\/cloudsupplyvapes.com\/fr\/wp-json\/wp\/v2\/types\/product"}],"replies":[{"embeddable":true,"href":"https:\/\/cloudsupplyvapes.com\/fr\/wp-json\/wp\/v2\/comments?post=8833"}],"wp:featuredmedia":[{"embeddable":true,"href":"https:\/\/cloudsupplyvapes.com\/fr\/wp-json\/wp\/v2\/media\/8883"}],"wp:attachment":[{"href":"https:\/\/cloudsupplyvapes.com\/fr\/wp-json\/wp\/v2\/media?parent=8833"}],"wp:term":[{"taxonomy":"product_brand","embeddable":true,"href":"https:\/\/cloudsupplyvapes.com\/fr\/wp-json\/wp\/v2\/product_brand?post=8833"},{"taxonomy":"product_cat","embeddable":true,"href":"https:\/\/cloudsupplyvapes.com\/fr\/wp-json\/wp\/v2\/product_cat?post=8833"},{"taxonomy":"product_tag","embeddable":true,"href":"https:\/\/cloudsupplyvapes.com\/fr\/wp-json\/wp\/v2\/product_tag?post=8833"}],"curies":[{"name":"wp","href":"https:\/\/api.w.org\/{rel}","templated":true}]}}