{"id":8858,"date":"2024-10-19T03:03:08","date_gmt":"2024-10-19T03:03:08","guid":{"rendered":"https:\/\/cloudsupplyvapes.com\/?post_type=product&#038;p=8858"},"modified":"2024-11-19T06:53:03","modified_gmt":"2024-11-19T06:53:03","slug":"-275","status":"publish","type":"product","link":"https:\/\/cloudsupplyvapes.com\/fr\/product\/bang-shisha-15000-15000-puff-disposable-vape-wholesale\/","title":{"rendered":"Bang Shisha 15000 Puffs Vape jetable en gros - 15 000 bouff\u00e9es, Shisha-Style, rechargeable, Premium Pods en vrac"},"content":{"rendered":"<h2>Saveurs disponibles :<\/h2>\n<ol>\n<li>Glace aux myrtilles<\/li>\n<li>Glace Blue Razz<\/li>\n<li>Past\u00e8que \u00e0 la cerise<\/li>\n<li>Pomme congel\u00e9e<\/li>\n<li>Gomme \u00e0 m\u00e2cher<\/li>\n<li>Mangue Banane<\/li>\n<li>M\u00e9lange de glace aux baies<\/li>\n<li>Ananas noix de coco<\/li>\n<li>Slush aux baies rouges<\/li>\n<li>Kiwi Fruit de la passion Goyave<\/li>\n<li>Canneberge Raisin<\/li>\n<li>Glace \u00e0 la fraise<\/li>\n<li>Fraise Kiwi<\/li>\n<li>Bonbons \u00e0 la fraise et \u00e0 la framboise<\/li>\n<li>Glace \u00e0 la past\u00e8que<\/li>\n<li>P\u00eaches juteuses<\/li>\n<li>Amour 66<\/li>\n<li>P\u00eache Mangue<\/li>\n<li>Red Bull<\/li>\n<li>Past\u00e8que Fraise Bubblegum<\/li>\n<\/ol>\n<h3>Bang SHISHA 15000 Vape jetable Sp\u00e9cifications<\/h3>\n<table>\n<thead>\n<tr>\n<th><strong>Fonctionnalit\u00e9<\/strong><\/th>\n<th><strong>Sp\u00e9cifications<\/strong><\/th>\n<\/tr>\n<\/thead>\n<tbody>\n<tr>\n<td>Capacit\u00e9 de la batterie<\/td>\n<td>600mAh<\/td>\n<\/tr>\n<tr>\n<td>Capacit\u00e9 en e-liquide<\/td>\n<td>23ml<\/td>\n<\/tr>\n<tr>\n<td>Intensit\u00e9 de la nicotine<\/td>\n<td>0%, 2%, 3%, 5% (par d\u00e9faut)<\/td>\n<\/tr>\n<tr>\n<td>Puffs<\/td>\n<td>Jusqu'\u00e0 15 000 bouff\u00e9es<\/td>\n<\/tr>\n<tr>\n<td>Style de vapotage<\/td>\n<td>Directement au poumon<\/td>\n<\/tr>\n<tr>\n<td>Dimensions de la bo\u00eete ext\u00e9rieure<\/td>\n<td>41,5\u00d740,5\u00d729,5 cm ; 20,4 kg\/200 pi\u00e8ces<\/td>\n<\/tr>\n<\/tbody>\n<\/table>\n<h3>Caract\u00e9ristiques principales :<\/h3>\n<ul>\n<li><strong>Vaste choix d'ar\u00f4mes :<\/strong> Offrant 20 saveurs diff\u00e9rentes, des fruits rafra\u00eechissants aux desserts indulgents.<\/li>\n<li><strong>Dur\u00e9e de vie de la batterie am\u00e9lior\u00e9e :<\/strong> Une puissante batterie de 600mAh permet une utilisation intensive jusqu'\u00e0 15000 bouff\u00e9es.<\/li>\n<li><strong>Capacit\u00e9 g\u00e9n\u00e9reuse en E-Liquide :<\/strong> Pr\u00e9-rempli de 23ml d'e-liquide, il assure des sessions de vapotage prolong\u00e9es.<\/li>\n<li><strong>Niveaux de nicotine variables :<\/strong> Con\u00e7us pour r\u00e9pondre aux diff\u00e9rentes pr\u00e9f\u00e9rences des utilisateurs, de l'absence de nicotine \u00e0 3.5%.<\/li>\n<li><strong>Vaping direct au poumon :<\/strong> Con\u00e7u pour une exp\u00e9rience de vaporisation plus riche et plus compl\u00e8te, imitant la shisha traditionnelle.<\/li>\n<\/ul>\n<h3>Pourquoi choisir Bang SHISHA 15000 ?<\/h3>\n<p>Le Bang SHISHA 15000 apporte l'exp\u00e9rience authentique de la shisha dans un format portable, ce qui le rend id\u00e9al pour ceux qui aiment les saveurs riches et profondes et les impacts directs sur les poumons. Sa vaste palette de saveurs et ses sp\u00e9cifications robustes en font un choix exceptionnel pour les vapoteurs exigeants.<\/p>","protected":false},"excerpt":{"rendered":"<p>Bang Shisha 15000 offre une v\u00e9ritable exp\u00e9rience de la shisha avec des profils de saveurs am\u00e9lior\u00e9s et un syst\u00e8me de r\u00e9servoir durable. Id\u00e9al pour les march\u00e9s de gros ciblant les amateurs de vapotage haut de gamme.<\/p>","protected":false},"featured_media":8884,"comment_status":"open","ping_status":"closed","template":"","meta":[],"product_brand":[],"product_cat":[481,22],"product_tag":[31],"class_list":{"0":"post-8858","1":"product","2":"type-product","3":"status-publish","4":"has-post-thumbnail","6":"product_cat-bang","7":"product_cat-disposable-vape-sticks","8":"product_tag-bang","10":"first","11":"instock","12":"shipping-taxable","13":"purchasable","14":"product-type-simple"},"jetpack_sharing_enabled":true,"tiered_pricing_type":"fixed","tiered_pricing_fixed_rules":[],"tiered_pricing_product_settings":{"layout":"default","base_unit_name":{"singular":null,"plural":null},"default_variation":null},"tiered_pricing_minimum_quantity":10,"tiered_pricing_roles_data":[],"tiered_pricing_percentage_rules":[],"tiered_pricing_maximum_quantity":null,"tiered_pricing_quantity_step":"10","_links":{"self":[{"href":"https:\/\/cloudsupplyvapes.com\/fr\/wp-json\/wp\/v2\/product\/8858","targetHints":{"allow":["GET"]}}],"collection":[{"href":"https:\/\/cloudsupplyvapes.com\/fr\/wp-json\/wp\/v2\/product"}],"about":[{"href":"https:\/\/cloudsupplyvapes.com\/fr\/wp-json\/wp\/v2\/types\/product"}],"replies":[{"embeddable":true,"href":"https:\/\/cloudsupplyvapes.com\/fr\/wp-json\/wp\/v2\/comments?post=8858"}],"wp:featuredmedia":[{"embeddable":true,"href":"https:\/\/cloudsupplyvapes.com\/fr\/wp-json\/wp\/v2\/media\/8884"}],"wp:attachment":[{"href":"https:\/\/cloudsupplyvapes.com\/fr\/wp-json\/wp\/v2\/media?parent=8858"}],"wp:term":[{"taxonomy":"product_brand","embeddable":true,"href":"https:\/\/cloudsupplyvapes.com\/fr\/wp-json\/wp\/v2\/product_brand?post=8858"},{"taxonomy":"product_cat","embeddable":true,"href":"https:\/\/cloudsupplyvapes.com\/fr\/wp-json\/wp\/v2\/product_cat?post=8858"},{"taxonomy":"product_tag","embeddable":true,"href":"https:\/\/cloudsupplyvapes.com\/fr\/wp-json\/wp\/v2\/product_tag?post=8858"}],"curies":[{"name":"wp","href":"https:\/\/api.w.org\/{rel}","templated":true}]}}