{"id":8859,"date":"2024-10-19T03:03:08","date_gmt":"2024-10-19T03:03:08","guid":{"rendered":"https:\/\/cloudsupplyvapes.com\/?post_type=product&#038;p=8859"},"modified":"2024-11-19T06:52:54","modified_gmt":"2024-11-19T06:52:54","slug":"-276","status":"publish","type":"product","link":"https:\/\/cloudsupplyvapes.com\/fr\/product\/bang-rocket-9000-18000-puff-disposable-vape-wholesale\/","title":{"rendered":"Bang Rocket 9000-18000 bouff\u00e9es Vape jetable en gros - Design Rocket, 18 000 bouff\u00e9es, capacit\u00e9 de 15mL, pr\u00eat pour le vrac"},"content":{"rendered":"<h2>Saveurs disponibles :<\/h2>\n<ol>\n<li>Bombe joyeuse<\/li>\n<li>Glace \u00e0 la p\u00eache juteuse<\/li>\n<li>Fruits tropicaux<\/li>\n<li>Glace de raisin<\/li>\n<li>P\u00eache Mangue<\/li>\n<li>Fraise et banane<\/li>\n<li>Fraise Mangue<\/li>\n<li>Glace aux trois baies<\/li>\n<li>Past\u00e8que \u00e0 la fraise<\/li>\n<li>Glace \u00e0 la past\u00e8que<\/li>\n<li>Glace Blue Razz<\/li>\n<li>Glace \u00e0 la pomme acide<\/li>\n<\/ol>\n<h3>Bang Rocket 9000-18000 Sp\u00e9cifications de la Vape jetable<\/h3>\n<table>\n<thead>\n<tr>\n<th><strong>Fonctionnalit\u00e9<\/strong><\/th>\n<th><strong>Sp\u00e9cifications<\/strong><\/th>\n<\/tr>\n<\/thead>\n<tbody>\n<tr>\n<td>Capacit\u00e9 de la batterie<\/td>\n<td>650mAh<\/td>\n<\/tr>\n<tr>\n<td>Capacit\u00e9 en e-liquide<\/td>\n<td>20ml<\/td>\n<\/tr>\n<tr>\n<td>Intensit\u00e9 de la nicotine<\/td>\n<td>0%, 2%, 3%, 5% (par d\u00e9faut)<\/td>\n<\/tr>\n<tr>\n<td>Type de bobine<\/td>\n<td>Double maille<\/td>\n<\/tr>\n<tr>\n<td>Puffs<\/td>\n<td>9000-18000 bouff\u00e9es<\/td>\n<\/tr>\n<tr>\n<td>Dimensions de la bo\u00eete ext\u00e9rieure<\/td>\n<td>64,5\u00d737,0x37,0 cm ; 20,2 kg\/200 pi\u00e8ces<\/td>\n<\/tr>\n<\/tbody>\n<\/table>\n<h3>Caract\u00e9ristiques principales :<\/h3>\n<ul>\n<li><strong>Gamme d'ar\u00f4mes polyvalente :<\/strong> Une s\u00e9lection de 12 saveurs, allant du sucr\u00e9 au piquant et au rafra\u00eechissant, adapt\u00e9es \u00e0 tous les palais.<\/li>\n<li><strong>Flexible Nombre de bouff\u00e9es :<\/strong> Offrant une large gamme de 9000 \u00e0 18000 bouff\u00e9es, il s'adresse aussi bien aux vapoteurs mod\u00e9r\u00e9s qu'aux gros vapoteurs.<\/li>\n<li><strong>Technologie avanc\u00e9e de la bobine :<\/strong> \u00c9quip\u00e9 de bobines \u00e0 double maille pour une production de vapeur plus douce et plus savoureuse.<\/li>\n<li><strong>Volume d'e-liquide \u00e9lev\u00e9 :<\/strong> Chaque appareil est pr\u00e9-rempli de 20 ml d'e-liquide, ce qui am\u00e9liore la long\u00e9vit\u00e9 des sessions de vapotage.<\/li>\n<li><strong>Niveaux de nicotine personnalisables :<\/strong> Disponible en plusieurs concentrations, offrant des options aux utilisateurs ayant des pr\u00e9f\u00e9rences diff\u00e9rentes en mati\u00e8re de nicotine.<\/li>\n<\/ul>\n<h3>Pourquoi choisir Bang Rocket 9000-18000 ?<\/h3>\n<p>Le Bang Rocket 9000-18000 combine polyvalence et innovation, con\u00e7u pour les vapoteurs \u00e0 la recherche d'une utilisation intensive et de saveurs vari\u00e9es avec une technologie de bobine avanc\u00e9e. Son nombre de bouff\u00e9es adaptable et sa batterie robuste garantissent une exp\u00e9rience de vapotage satisfaisante et durable.<\/p>","protected":false},"excerpt":{"rendered":"<p>Bang Rocket offre des possibilit\u00e9s de vapotage polyvalentes gr\u00e2ce \u00e0 son design \u00e9l\u00e9gant et \u00e0 ses r\u00e9glages personnalisables. Con\u00e7u pour les d\u00e9butants comme pour les fumeurs chevronn\u00e9s, il constitue un excellent compl\u00e9ment pour les distributeurs en gros.<\/p>","protected":false},"featured_media":8885,"comment_status":"open","ping_status":"closed","template":"","meta":[],"product_brand":[],"product_cat":[481,22],"product_tag":[31],"class_list":{"0":"post-8859","1":"product","2":"type-product","3":"status-publish","4":"has-post-thumbnail","6":"product_cat-bang","7":"product_cat-disposable-vape-sticks","8":"product_tag-bang","10":"first","11":"instock","12":"shipping-taxable","13":"purchasable","14":"product-type-simple"},"jetpack_sharing_enabled":true,"tiered_pricing_type":"fixed","tiered_pricing_fixed_rules":[],"tiered_pricing_product_settings":{"layout":"default","base_unit_name":{"singular":null,"plural":null},"default_variation":null},"tiered_pricing_minimum_quantity":30,"tiered_pricing_roles_data":[],"tiered_pricing_percentage_rules":[],"tiered_pricing_maximum_quantity":null,"tiered_pricing_quantity_step":"10","_links":{"self":[{"href":"https:\/\/cloudsupplyvapes.com\/fr\/wp-json\/wp\/v2\/product\/8859","targetHints":{"allow":["GET"]}}],"collection":[{"href":"https:\/\/cloudsupplyvapes.com\/fr\/wp-json\/wp\/v2\/product"}],"about":[{"href":"https:\/\/cloudsupplyvapes.com\/fr\/wp-json\/wp\/v2\/types\/product"}],"replies":[{"embeddable":true,"href":"https:\/\/cloudsupplyvapes.com\/fr\/wp-json\/wp\/v2\/comments?post=8859"}],"wp:featuredmedia":[{"embeddable":true,"href":"https:\/\/cloudsupplyvapes.com\/fr\/wp-json\/wp\/v2\/media\/8885"}],"wp:attachment":[{"href":"https:\/\/cloudsupplyvapes.com\/fr\/wp-json\/wp\/v2\/media?parent=8859"}],"wp:term":[{"taxonomy":"product_brand","embeddable":true,"href":"https:\/\/cloudsupplyvapes.com\/fr\/wp-json\/wp\/v2\/product_brand?post=8859"},{"taxonomy":"product_cat","embeddable":true,"href":"https:\/\/cloudsupplyvapes.com\/fr\/wp-json\/wp\/v2\/product_cat?post=8859"},{"taxonomy":"product_tag","embeddable":true,"href":"https:\/\/cloudsupplyvapes.com\/fr\/wp-json\/wp\/v2\/product_tag?post=8859"}],"curies":[{"name":"wp","href":"https:\/\/api.w.org\/{rel}","templated":true}]}}