{"id":8860,"date":"2024-10-19T03:03:08","date_gmt":"2024-10-19T03:03:08","guid":{"rendered":"https:\/\/cloudsupplyvapes.com\/?post_type=product&#038;p=8860"},"modified":"2024-11-19T06:52:44","modified_gmt":"2024-11-19T06:52:44","slug":"-277","status":"publish","type":"product","link":"https:\/\/cloudsupplyvapes.com\/fr\/product\/bang-20000-puff-disposable-vape-wholesale\/","title":{"rendered":"Bang 20000 Puffs Disposable Vape Wholesale - 20,000 Puffs, Rechargeable, High Capacity, Long-Lasting Vape Pods in Bulk"},"content":{"rendered":"<h2>Saveurs disponibles :<\/h2>\n<ol>\n<li>Glace aux myrtilles<\/li>\n<li>Past\u00e8que \u00e0 la fraise<\/li>\n<li>Myrtille Framboise<\/li>\n<li>Glace de raisin<\/li>\n<li>Glace \u00e0 la past\u00e8que<\/li>\n<li>Red Bull<\/li>\n<li>M\u00e9lange de fruits<\/li>\n<li>Glace \u00e0 la p\u00eache<\/li>\n<li>Past\u00e8que \u00e0 la myrtille<\/li>\n<li>Fraise Kiwi<\/li>\n<li>Menthe<\/li>\n<li>Lychee \u00e0 la fraise<\/li>\n<\/ol>\n<h3>Bang 20000 Vape jetable Sp\u00e9cifications<\/h3>\n<table>\n<thead>\n<tr>\n<th><strong>Fonctionnalit\u00e9<\/strong><\/th>\n<th><strong>Sp\u00e9cifications<\/strong><\/th>\n<\/tr>\n<\/thead>\n<tbody>\n<tr>\n<td>Capacit\u00e9 de la batterie<\/td>\n<td>550mAh<\/td>\n<\/tr>\n<tr>\n<td>Capacit\u00e9 en e-liquide<\/td>\n<td>25ml<\/td>\n<\/tr>\n<tr>\n<td>Intensit\u00e9 de la nicotine<\/td>\n<td>0%, 2%, 3%, 5% (par d\u00e9faut)<\/td>\n<\/tr>\n<tr>\n<td>Type de bobine<\/td>\n<td>Double maille<\/td>\n<\/tr>\n<tr>\n<td>Puffs<\/td>\n<td>Jusqu'\u00e0 20000 bouff\u00e9es<\/td>\n<\/tr>\n<tr>\n<td>Dimensions de la bo\u00eete ext\u00e9rieure<\/td>\n<td>43,0\u00d743,0x30,0 cm ; 20,8 kg\/200 pi\u00e8ces<\/td>\n<\/tr>\n<\/tbody>\n<\/table>\n<h3>Caract\u00e9ristiques principales :<\/h3>\n<ul>\n<li><strong>Grande vari\u00e9t\u00e9 de saveurs :<\/strong> Choisissez parmi 12 saveurs distinctes et rafra\u00eechissantes, con\u00e7ues pour satisfaire tous les palais.<\/li>\n<li><strong>Utilisation durable :<\/strong> Une grande capacit\u00e9 de 20000 bouff\u00e9es, id\u00e9ale pour les sessions de vapotage prolong\u00e9es.<\/li>\n<li><strong>Grand volume d'e-liquide :<\/strong> Pr\u00e9-rempli de 25ml d'e-liquide, r\u00e9duisant le besoin de recharges fr\u00e9quentes.<\/li>\n<li><strong>Syst\u00e8me d'enroulement avanc\u00e9 :<\/strong> Les bobines \u00e0 double maille offrent une vape plus douce et des profils de saveurs plus riches.<\/li>\n<li><strong>Plusieurs options de nicotine :<\/strong> Disponibles en plusieurs taux de nicotine, ils s'adressent aussi bien aux consommateurs l\u00e9gers qu'aux consommateurs r\u00e9guliers.<\/li>\n<\/ul>\n<h3>Pourquoi choisir Bang 20000 ?<\/h3>\n<p>Le Bang 20000 est con\u00e7u pour les vapoteurs s\u00e9rieux qui exigent performance et vari\u00e9t\u00e9. Avec son grand nombre de bouff\u00e9es et sa solide s\u00e9lection d'ar\u00f4mes, cette vape garantit une exp\u00e9rience durable et satisfaisante, ce qui en fait un choix exceptionnel sur le march\u00e9 de la vape jetable.<\/p>","protected":false},"excerpt":{"rendered":"<p>Bang 20000 garantit un effet de gorge doux gr\u00e2ce \u00e0 sa technologie de bobine avanc\u00e9e. Con\u00e7u pour \u00eatre transportable, il est id\u00e9al pour les d\u00e9taillants qui cherchent \u00e0 \u00e9largir leur collection de produits de vapotage jetables.<\/p>","protected":false},"featured_media":8886,"comment_status":"open","ping_status":"closed","template":"","meta":[],"product_brand":[],"product_cat":[481,22],"product_tag":[31],"class_list":{"0":"post-8860","1":"product","2":"type-product","3":"status-publish","4":"has-post-thumbnail","6":"product_cat-bang","7":"product_cat-disposable-vape-sticks","8":"product_tag-bang","10":"first","11":"instock","12":"shipping-taxable","13":"purchasable","14":"product-type-simple"},"jetpack_sharing_enabled":true,"tiered_pricing_type":"fixed","tiered_pricing_fixed_rules":[],"tiered_pricing_product_settings":{"layout":"default","base_unit_name":{"singular":null,"plural":null},"default_variation":null},"tiered_pricing_minimum_quantity":30,"tiered_pricing_roles_data":[],"tiered_pricing_percentage_rules":[],"tiered_pricing_maximum_quantity":null,"tiered_pricing_quantity_step":"10","_links":{"self":[{"href":"https:\/\/cloudsupplyvapes.com\/fr\/wp-json\/wp\/v2\/product\/8860","targetHints":{"allow":["GET"]}}],"collection":[{"href":"https:\/\/cloudsupplyvapes.com\/fr\/wp-json\/wp\/v2\/product"}],"about":[{"href":"https:\/\/cloudsupplyvapes.com\/fr\/wp-json\/wp\/v2\/types\/product"}],"replies":[{"embeddable":true,"href":"https:\/\/cloudsupplyvapes.com\/fr\/wp-json\/wp\/v2\/comments?post=8860"}],"wp:featuredmedia":[{"embeddable":true,"href":"https:\/\/cloudsupplyvapes.com\/fr\/wp-json\/wp\/v2\/media\/8886"}],"wp:attachment":[{"href":"https:\/\/cloudsupplyvapes.com\/fr\/wp-json\/wp\/v2\/media?parent=8860"}],"wp:term":[{"taxonomy":"product_brand","embeddable":true,"href":"https:\/\/cloudsupplyvapes.com\/fr\/wp-json\/wp\/v2\/product_brand?post=8860"},{"taxonomy":"product_cat","embeddable":true,"href":"https:\/\/cloudsupplyvapes.com\/fr\/wp-json\/wp\/v2\/product_cat?post=8860"},{"taxonomy":"product_tag","embeddable":true,"href":"https:\/\/cloudsupplyvapes.com\/fr\/wp-json\/wp\/v2\/product_tag?post=8860"}],"curies":[{"name":"wp","href":"https:\/\/api.w.org\/{rel}","templated":true}]}}