{"id":8861,"date":"2024-10-19T03:03:08","date_gmt":"2024-10-19T03:03:08","guid":{"rendered":"https:\/\/cloudsupplyvapes.com\/?post_type=product&#038;p=8861"},"modified":"2024-11-19T06:52:34","modified_gmt":"2024-11-19T06:52:34","slug":"-278","status":"publish","type":"product","link":"https:\/\/cloudsupplyvapes.com\/fr\/product\/bang-crystal-15000-puff-disposable-vape-wholesale\/","title":{"rendered":"Bang Crystal 15000 bouff\u00e9es Vape jetable en gros - 15 000 bouff\u00e9es, design cristal \u00e9l\u00e9gant, 16mL E-Liquid, achat en vrac"},"content":{"rendered":"<h2>Saveurs disponibles :<\/h2>\n<ol>\n<li>Past\u00e8que \u00e0 la fraise<\/li>\n<li>Glace aux trois baies<\/li>\n<li>Glace luxuriante<\/li>\n<li>Glace \u00e0 la p\u00eache<\/li>\n<li>Fraise Kiwi<\/li>\n<li>Glace Blue Razz<\/li>\n<li>Alo\u00e8s raisin<\/li>\n<li>P\u00eache Mangue<\/li>\n<li>Double pomme<\/li>\n<li>Fruits tropicaux<\/li>\n<li>Fraise et banane<\/li>\n<li>Kiwi Fruit de la passion Goyave<\/li>\n<li>Pomme acide Framboise<\/li>\n<li>Past\u00e8que Bubblegum<\/li>\n<li>Yogourt \u00e0 la fraise<\/li>\n<li>Glace du dragon noir<\/li>\n<li>Limonade rose<\/li>\n<li>Cerise souffl\u00e9e<\/li>\n<li>Menthe fra\u00eeche<\/li>\n<li>Barbe \u00e0 papa<\/li>\n<\/ol>\n<h3>Bang Crystal 15000 Vape jetable Sp\u00e9cifications<\/h3>\n<table>\n<thead>\n<tr>\n<th><strong>Fonctionnalit\u00e9<\/strong><\/th>\n<th><strong>Sp\u00e9cifications<\/strong><\/th>\n<\/tr>\n<\/thead>\n<tbody>\n<tr>\n<td>Capacit\u00e9 de la batterie<\/td>\n<td>550mAh<\/td>\n<\/tr>\n<tr>\n<td>Capacit\u00e9 en e-liquide<\/td>\n<td>25ml<\/td>\n<\/tr>\n<tr>\n<td>Intensit\u00e9 de la nicotine<\/td>\n<td>0%, 2%, 3%, 5% (par d\u00e9faut)<\/td>\n<\/tr>\n<tr>\n<td>Puffs<\/td>\n<td>Jusqu'\u00e0 15 000 bouff\u00e9es<\/td>\n<\/tr>\n<tr>\n<td>Dimensions de la bo\u00eete ext\u00e9rieure<\/td>\n<td>55\u00d728,5\u00d716 cm ; 18,85 kg\/200 pi\u00e8ces<\/td>\n<\/tr>\n<\/tbody>\n<\/table>\n<h3>Caract\u00e9ristiques principales :<\/h3>\n<ul>\n<li><strong>Portefeuille d'ar\u00f4mes diversifi\u00e9 :<\/strong> Offrant 20 saveurs uniques allant du fruit\u00e9 au rafra\u00eechissant, con\u00e7ues pour satisfaire les diverses pr\u00e9f\u00e9rences en mati\u00e8re de vapotage.<\/li>\n<li><strong>Plaisir de vapoter prolong\u00e9 :<\/strong> Chaque vape peut supporter jusqu'\u00e0 15000 bouff\u00e9es gr\u00e2ce \u00e0 une puissante batterie de 550mAh et une grande r\u00e9serve d'e-liquide.<\/li>\n<li><strong>Volume substantiel d'e-liquide :<\/strong> Pr\u00e9charg\u00e9 avec 25ml d'e-liquide pour am\u00e9liorer la dur\u00e9e et l'intensit\u00e9 de l'exp\u00e9rience de vapotage.<\/li>\n<li><strong>Niveaux de nicotine vari\u00e9s :<\/strong> Disponible en plusieurs taux de nicotine, de 0% \u00e0 3,5%, pour r\u00e9pondre aux diff\u00e9rents besoins des utilisateurs.<\/li>\n<li><strong>Compact et pratique :<\/strong> Con\u00e7u pour \u00eatre facile \u00e0 utiliser et \u00e0 transporter, il est parfait pour le vapotage en d\u00e9placement.<\/li>\n<\/ul>\n<h3>Pourquoi choisir Bang Crystal 15000 ?<\/h3>\n<p>Le Bang Crystal 15000 est le choix par excellence pour les vapoteurs qui exigent qualit\u00e9 et vari\u00e9t\u00e9. Avec un large \u00e9ventail de saveurs et une batterie robuste, il offre une exp\u00e9rience de vapotage coh\u00e9rente et agr\u00e9able qui dure. Id\u00e9al pour ceux qui appr\u00e9cient \u00e0 la fois le style et la substance dans leurs choix de vape.<\/p>","protected":false},"excerpt":{"rendered":"<p>Bang Crystal 15000 allie une esth\u00e9tique remarquable \u00e0 une fonctionnalit\u00e9 exceptionnelle. Son cadre compact et son syst\u00e8me de vaporisation optimis\u00e9 s'adressent aux utilisateurs \u00e0 la recherche d'un appareil \u00e0 la fois \u00e9l\u00e9gant et pratique.<\/p>","protected":false},"featured_media":8887,"comment_status":"open","ping_status":"closed","template":"","meta":[],"product_brand":[],"product_cat":[481,22],"product_tag":[31],"class_list":{"0":"post-8861","1":"product","2":"type-product","3":"status-publish","4":"has-post-thumbnail","6":"product_cat-bang","7":"product_cat-disposable-vape-sticks","8":"product_tag-bang","10":"first","11":"instock","12":"shipping-taxable","13":"purchasable","14":"product-type-simple"},"jetpack_sharing_enabled":true,"tiered_pricing_type":"fixed","tiered_pricing_fixed_rules":[],"tiered_pricing_product_settings":{"layout":"default","base_unit_name":{"singular":null,"plural":null},"default_variation":null},"tiered_pricing_minimum_quantity":50,"tiered_pricing_roles_data":[],"tiered_pricing_percentage_rules":[],"tiered_pricing_maximum_quantity":null,"tiered_pricing_quantity_step":"10","_links":{"self":[{"href":"https:\/\/cloudsupplyvapes.com\/fr\/wp-json\/wp\/v2\/product\/8861","targetHints":{"allow":["GET"]}}],"collection":[{"href":"https:\/\/cloudsupplyvapes.com\/fr\/wp-json\/wp\/v2\/product"}],"about":[{"href":"https:\/\/cloudsupplyvapes.com\/fr\/wp-json\/wp\/v2\/types\/product"}],"replies":[{"embeddable":true,"href":"https:\/\/cloudsupplyvapes.com\/fr\/wp-json\/wp\/v2\/comments?post=8861"}],"wp:featuredmedia":[{"embeddable":true,"href":"https:\/\/cloudsupplyvapes.com\/fr\/wp-json\/wp\/v2\/media\/8887"}],"wp:attachment":[{"href":"https:\/\/cloudsupplyvapes.com\/fr\/wp-json\/wp\/v2\/media?parent=8861"}],"wp:term":[{"taxonomy":"product_brand","embeddable":true,"href":"https:\/\/cloudsupplyvapes.com\/fr\/wp-json\/wp\/v2\/product_brand?post=8861"},{"taxonomy":"product_cat","embeddable":true,"href":"https:\/\/cloudsupplyvapes.com\/fr\/wp-json\/wp\/v2\/product_cat?post=8861"},{"taxonomy":"product_tag","embeddable":true,"href":"https:\/\/cloudsupplyvapes.com\/fr\/wp-json\/wp\/v2\/product_tag?post=8861"}],"curies":[{"name":"wp","href":"https:\/\/api.w.org\/{rel}","templated":true}]}}