{"id":8862,"date":"2024-10-19T03:03:08","date_gmt":"2024-10-19T03:03:08","guid":{"rendered":"https:\/\/cloudsupplyvapes.com\/?post_type=product&#038;p=8862"},"modified":"2024-11-19T06:52:18","modified_gmt":"2024-11-19T06:52:18","slug":"-280","status":"publish","type":"product","link":"https:\/\/cloudsupplyvapes.com\/fr\/product\/bang-20000-gear-puff-disposable-vape-wholesale\/","title":{"rendered":"Bang 20000 (Gear) Puffs Vape jetable en gros - Gear Technology, 20 000 bouff\u00e9es, r\u00e9servoir 18mL, Bulk Pods Ready"},"content":{"rendered":"<h2>Saveurs disponibles :<\/h2>\n<ol>\n<li>Fraise Mangue<\/li>\n<li>Boisson \u00e9nerg\u00e9tique<\/li>\n<li>Limonade aux myrtilles et aux cerises<\/li>\n<li>Glace du dragon noir<\/li>\n<li>Glace \u00e0 la p\u00eache<\/li>\n<li>Fraise et banane<\/li>\n<li>M\u00e9lange de fruits<\/li>\n<li>Glace aux myrtilles<\/li>\n<li>Glace \u00e0 la past\u00e8que<\/li>\n<li>Fraise Kiwi<\/li>\n<li>Myrtille Framboise<\/li>\n<li>Past\u00e8que \u00e0 la fraise<\/li>\n<\/ol>\n<h3>Bang 20000 (Gear) Vape jetable Sp\u00e9cifications<\/h3>\n<table>\n<thead>\n<tr>\n<th><strong>Fonctionnalit\u00e9<\/strong><\/th>\n<th><strong>Sp\u00e9cifications<\/strong><\/th>\n<\/tr>\n<\/thead>\n<tbody>\n<tr>\n<td>Capacit\u00e9 de la batterie<\/td>\n<td>550mAh<\/td>\n<\/tr>\n<tr>\n<td>Capacit\u00e9 en e-liquide<\/td>\n<td>25ml<\/td>\n<\/tr>\n<tr>\n<td>Intensit\u00e9 de la nicotine<\/td>\n<td>0%, 2%, 3%, 5% (par d\u00e9faut)<\/td>\n<\/tr>\n<tr>\n<td>Puffs<\/td>\n<td>Jusqu'\u00e0 20000 bouff\u00e9es<\/td>\n<\/tr>\n<tr>\n<td>Poids de l'emballage<\/td>\n<td>19 kg\/200 pi\u00e8ces<\/td>\n<\/tr>\n<\/tbody>\n<\/table>\n<h3>Caract\u00e9ristiques principales :<\/h3>\n<ul>\n<li><strong>Vari\u00e9t\u00e9 d'ar\u00f4mes :<\/strong> Offre une s\u00e9lection de 12 saveurs diverses et d\u00e9licieuses pour satisfaire un large \u00e9ventail de pr\u00e9f\u00e9rences gustatives.<\/li>\n<li><strong>Nombre \u00e9lev\u00e9 de bouff\u00e9es :<\/strong> Con\u00e7u pour 20000 bouff\u00e9es, il garantit une exp\u00e9rience de vapotage de longue dur\u00e9e.<\/li>\n<li><strong>Volume g\u00e9n\u00e9reux d'e-liquide :<\/strong> Pr\u00e9-rempli de 25ml d'e-liquide pour allonger la dur\u00e9e entre les recharges.<\/li>\n<li><strong>Intensit\u00e9 de la nicotine personnalisable :<\/strong> Disponibles en plusieurs niveaux de nicotine, ils conviennent aussi bien aux nouveaux fumeurs qu'aux fumeurs exp\u00e9riment\u00e9s.<\/li>\n<li><strong>Compact et convivial :<\/strong> Con\u00e7u pour la commodit\u00e9 et la portabilit\u00e9, parfait pour les vapoteurs en d\u00e9placement.<\/li>\n<\/ul>\n<h3>Pourquoi choisir Bang 20000 (Gear) ?<\/h3>\n<p>Le Bang 20000 (Gear) est con\u00e7u pour les vapoteurs qui privil\u00e9gient la capacit\u00e9 et la vari\u00e9t\u00e9 des saveurs. Il combine un nombre important de bouff\u00e9es avec un large spectre d'ar\u00f4mes, ce qui en fait un choix exceptionnel pour ceux qui recherchent une exp\u00e9rience de vape puissante et satisfaisante.<\/p>","protected":false},"excerpt":{"rendered":"<p>Bang 20000 (Gear) offre un contr\u00f4le innovant du flux d'air et un design ergonomique pour une exp\u00e9rience sans faille. Parfait pour les utilisateurs nomades, il est con\u00e7u pour les acheteurs en gros \u00e0 la recherche d'options haut de gamme.<\/p>","protected":false},"featured_media":8889,"comment_status":"open","ping_status":"closed","template":"","meta":[],"product_brand":[],"product_cat":[481,22],"product_tag":[31],"class_list":{"0":"post-8862","1":"product","2":"type-product","3":"status-publish","4":"has-post-thumbnail","6":"product_cat-bang","7":"product_cat-disposable-vape-sticks","8":"product_tag-bang","10":"first","11":"instock","12":"shipping-taxable","13":"purchasable","14":"product-type-simple"},"jetpack_sharing_enabled":true,"tiered_pricing_type":"fixed","tiered_pricing_fixed_rules":[],"tiered_pricing_product_settings":{"layout":"default","base_unit_name":{"singular":null,"plural":null},"default_variation":null},"tiered_pricing_minimum_quantity":30,"tiered_pricing_roles_data":[],"tiered_pricing_percentage_rules":[],"tiered_pricing_maximum_quantity":null,"tiered_pricing_quantity_step":"10","_links":{"self":[{"href":"https:\/\/cloudsupplyvapes.com\/fr\/wp-json\/wp\/v2\/product\/8862","targetHints":{"allow":["GET"]}}],"collection":[{"href":"https:\/\/cloudsupplyvapes.com\/fr\/wp-json\/wp\/v2\/product"}],"about":[{"href":"https:\/\/cloudsupplyvapes.com\/fr\/wp-json\/wp\/v2\/types\/product"}],"replies":[{"embeddable":true,"href":"https:\/\/cloudsupplyvapes.com\/fr\/wp-json\/wp\/v2\/comments?post=8862"}],"wp:featuredmedia":[{"embeddable":true,"href":"https:\/\/cloudsupplyvapes.com\/fr\/wp-json\/wp\/v2\/media\/8889"}],"wp:attachment":[{"href":"https:\/\/cloudsupplyvapes.com\/fr\/wp-json\/wp\/v2\/media?parent=8862"}],"wp:term":[{"taxonomy":"product_brand","embeddable":true,"href":"https:\/\/cloudsupplyvapes.com\/fr\/wp-json\/wp\/v2\/product_brand?post=8862"},{"taxonomy":"product_cat","embeddable":true,"href":"https:\/\/cloudsupplyvapes.com\/fr\/wp-json\/wp\/v2\/product_cat?post=8862"},{"taxonomy":"product_tag","embeddable":true,"href":"https:\/\/cloudsupplyvapes.com\/fr\/wp-json\/wp\/v2\/product_tag?post=8862"}],"curies":[{"name":"wp","href":"https:\/\/api.w.org\/{rel}","templated":true}]}}