{"id":8863,"date":"2024-10-19T03:03:09","date_gmt":"2024-10-19T03:03:09","guid":{"rendered":"https:\/\/cloudsupplyvapes.com\/?post_type=product&#038;p=8863"},"modified":"2024-11-19T06:52:09","modified_gmt":"2024-11-19T06:52:09","slug":"-281","status":"publish","type":"product","link":"https:\/\/cloudsupplyvapes.com\/fr\/product\/bang-25000-puff-disposable-vape-wholesale\/","title":{"rendered":"Bang 25000 Puffs Disposable Vape Wholesale - 25,000 Puffs, Rechargeable Design, Leak-Proof Pods for Bulk Sale"},"content":{"rendered":"<h2>Saveurs disponibles :<\/h2>\n<ol>\n<li>Glace \u00e0 la past\u00e8que<\/li>\n<li>Fraise Kiwi<\/li>\n<li>Glace \u00e0 la fraise<\/li>\n<li>Mangue P\u00eache<\/li>\n<li>Myrtille Framboise<\/li>\n<li>Myrtille Menthe<\/li>\n<li>M\u00e9lange de fruits<\/li>\n<li>Past\u00e8que \u00e0 la fraise<\/li>\n<li>Glace de raisin<\/li>\n<li>Past\u00e8que Bubblegum<\/li>\n<li>Glace aux myrtilles<\/li>\n<li>Sang de tigre<\/li>\n<\/ol>\n<h3>Bang 25000 Vape jetable Sp\u00e9cifications<\/h3>\n<table>\n<thead>\n<tr>\n<th><strong>Fonctionnalit\u00e9<\/strong><\/th>\n<th><strong>Sp\u00e9cifications<\/strong><\/th>\n<\/tr>\n<\/thead>\n<tbody>\n<tr>\n<td>Capacit\u00e9 de la batterie<\/td>\n<td>650mAh<\/td>\n<\/tr>\n<tr>\n<td>Capacit\u00e9 en e-liquide<\/td>\n<td>25ml<\/td>\n<\/tr>\n<tr>\n<td>Intensit\u00e9 de la nicotine<\/td>\n<td>0%, 2%, 3%, 5% (par d\u00e9faut)<\/td>\n<\/tr>\n<tr>\n<td>Puffs<\/td>\n<td>Jusqu'\u00e0 25 000 bouff\u00e9es<\/td>\n<\/tr>\n<tr>\n<td>Fourchette de prix<\/td>\n<td>$38-$45<\/td>\n<\/tr>\n<tr>\n<td>Poids de l'emballage<\/td>\n<td>21,5 kg\/200 pi\u00e8ces<\/td>\n<\/tr>\n<\/tbody>\n<\/table>\n<h3>Caract\u00e9ristiques principales :<\/h3>\n<ul>\n<li><strong>Collection d'ar\u00f4mes \u00e9tendue :<\/strong> Un riche assortiment de 12 saveurs qui r\u00e9pondent aux pr\u00e9f\u00e9rences de chaque vapoteur.<\/li>\n<li><strong>Capacit\u00e9 de bouff\u00e9e massive :<\/strong> Offre jusqu'\u00e0 25 000 bouff\u00e9es, con\u00e7u pour une utilisation \u00e0 long terme et des performances constantes.<\/li>\n<li><strong>Volume d'e-liquide ample :<\/strong> Chaque appareil est rempli de 25 ml d'e-liquide, ce qui augmente la long\u00e9vit\u00e9 et la satisfaction de chaque session.<\/li>\n<li><strong>Options de nicotine variable :<\/strong> Disponible en plusieurs taux de nicotine pour convenir aussi bien aux utilisateurs occasionnels qu'aux personnes en transition vers l'arr\u00eat du tabac.<\/li>\n<li><strong>Batterie durable et puissante :<\/strong> Une batterie de 650mAh garantit la fiabilit\u00e9 et une longue dur\u00e9e de vaporisation entre les charges.<\/li>\n<\/ul>\n<h3>Pourquoi choisir Bang 25000 ?<\/h3>\n<p>Le Bang 25000 est un choix exceptionnel pour les vapoteurs \u00e0 la recherche d'un appareil haut de gamme offrant \u00e0 la fois vari\u00e9t\u00e9 et volume. Avec son grand nombre de bouff\u00e9es et ses diverses options de saveurs, il offre une exp\u00e9rience de vapotage compl\u00e8te qui r\u00e9pond aux besoins d'un large \u00e9ventail de vapoteurs, des d\u00e9butants aux connaisseurs.<\/p>","protected":false},"excerpt":{"rendered":"<p>Gr\u00e2ce \u00e0 sa construction durable et \u00e0 l'activation intuitive du tirage, Bang 25000 garantit des performances fluides. Sa construction l\u00e9g\u00e8re et son ing\u00e9nierie de pr\u00e9cision en font un outil indispensable pour les march\u00e9s de gros \u00e0 forte demande.<\/p>","protected":false},"featured_media":8915,"comment_status":"open","ping_status":"closed","template":"","meta":[],"product_brand":[],"product_cat":[481,22],"product_tag":[31],"class_list":{"0":"post-8863","1":"product","2":"type-product","3":"status-publish","4":"has-post-thumbnail","6":"product_cat-bang","7":"product_cat-disposable-vape-sticks","8":"product_tag-bang","10":"first","11":"instock","12":"shipping-taxable","13":"purchasable","14":"product-type-simple"},"jetpack_sharing_enabled":true,"tiered_pricing_type":"fixed","tiered_pricing_fixed_rules":[],"tiered_pricing_product_settings":{"layout":"default","base_unit_name":{"singular":null,"plural":null},"default_variation":null},"tiered_pricing_minimum_quantity":30,"tiered_pricing_roles_data":[],"tiered_pricing_percentage_rules":[],"tiered_pricing_maximum_quantity":null,"tiered_pricing_quantity_step":"10","_links":{"self":[{"href":"https:\/\/cloudsupplyvapes.com\/fr\/wp-json\/wp\/v2\/product\/8863","targetHints":{"allow":["GET"]}}],"collection":[{"href":"https:\/\/cloudsupplyvapes.com\/fr\/wp-json\/wp\/v2\/product"}],"about":[{"href":"https:\/\/cloudsupplyvapes.com\/fr\/wp-json\/wp\/v2\/types\/product"}],"replies":[{"embeddable":true,"href":"https:\/\/cloudsupplyvapes.com\/fr\/wp-json\/wp\/v2\/comments?post=8863"}],"wp:featuredmedia":[{"embeddable":true,"href":"https:\/\/cloudsupplyvapes.com\/fr\/wp-json\/wp\/v2\/media\/8915"}],"wp:attachment":[{"href":"https:\/\/cloudsupplyvapes.com\/fr\/wp-json\/wp\/v2\/media?parent=8863"}],"wp:term":[{"taxonomy":"product_brand","embeddable":true,"href":"https:\/\/cloudsupplyvapes.com\/fr\/wp-json\/wp\/v2\/product_brand?post=8863"},{"taxonomy":"product_cat","embeddable":true,"href":"https:\/\/cloudsupplyvapes.com\/fr\/wp-json\/wp\/v2\/product_cat?post=8863"},{"taxonomy":"product_tag","embeddable":true,"href":"https:\/\/cloudsupplyvapes.com\/fr\/wp-json\/wp\/v2\/product_tag?post=8863"}],"curies":[{"name":"wp","href":"https:\/\/api.w.org\/{rel}","templated":true}]}}