{"id":8864,"date":"2024-10-19T03:03:09","date_gmt":"2024-10-19T03:03:09","guid":{"rendered":"https:\/\/cloudsupplyvapes.com\/?post_type=product&#038;p=8864"},"modified":"2024-11-19T06:51:58","modified_gmt":"2024-11-19T06:51:58","slug":"-284","status":"publish","type":"product","link":"https:\/\/cloudsupplyvapes.com\/fr\/product\/bang-36000-puff-disposable-vape-wholesale\/","title":{"rendered":"Bang 36000 Puffs Vape jetable en gros - Qualit\u00e9 sup\u00e9rieure, capacit\u00e9 de 22mL, longue dur\u00e9e de vie de la batterie, Pods en vrac disponibles"},"content":{"rendered":"<h2>Saveurs disponibles :<\/h2>\n<ol>\n<li>Fraise Kiwi<\/li>\n<li>P\u00eache Mangue Past\u00e8que<\/li>\n<li>M\u00e9lange de fruits<\/li>\n<li>Glace \u00e0 la menthe<\/li>\n<li>P\u00eache Mangue<\/li>\n<li>Glace de raisin<\/li>\n<li>Pommes doubles<\/li>\n<li>Fraise Framboise<\/li>\n<li>Glace aux myrtilles<\/li>\n<li>Past\u00e8que \u00e0 la fraise<\/li>\n<li>Glace \u00e0 la past\u00e8que<\/li>\n<li>Fraise Mangue<\/li>\n<\/ol>\n<h3>Bang 36000 Vape jetable Sp\u00e9cifications<\/h3>\n<table>\n<thead>\n<tr>\n<th><strong>Fonctionnalit\u00e9<\/strong><\/th>\n<th><strong>Sp\u00e9cifications<\/strong><\/th>\n<\/tr>\n<\/thead>\n<tbody>\n<tr>\n<td>Capacit\u00e9 de la batterie<\/td>\n<td>Non sp\u00e9cifi\u00e9<\/td>\n<\/tr>\n<tr>\n<td>Capacit\u00e9 en e-liquide<\/td>\n<td>Non sp\u00e9cifi\u00e9<\/td>\n<\/tr>\n<tr>\n<td>Intensit\u00e9 de la nicotine<\/td>\n<td>0%, 2%, 3%, 5% (par d\u00e9faut)<\/td>\n<\/tr>\n<tr>\n<td>Puffs<\/td>\n<td>Jusqu'\u00e0 36 000 bouff\u00e9es<\/td>\n<\/tr>\n<tr>\n<td>Poids de l'emballage<\/td>\n<td>22 kg\/200 pi\u00e8ces<\/td>\n<\/tr>\n<\/tbody>\n<\/table>\n<h3>Caract\u00e9ristiques principales :<\/h3>\n<ul>\n<li><strong>Vaste choix d'ar\u00f4mes :<\/strong> 12 saveurs distinctes et attrayantes pour r\u00e9pondre \u00e0 un large \u00e9ventail de pr\u00e9f\u00e9rences gustatives.<\/li>\n<li><strong>Nombre massif de bouff\u00e9es :<\/strong> Offre jusqu'\u00e0 36 000 bouff\u00e9es, id\u00e9al pour une utilisation \u00e0 long terme et pour r\u00e9duire la fr\u00e9quence des remplacements.<\/li>\n<li><strong>Tr\u00e8s portable :<\/strong> Malgr\u00e9 sa grande capacit\u00e9, il reste portable et facile \u00e0 utiliser, ce qui le rend id\u00e9al pour le vapotage en d\u00e9placement.<\/li>\n<li><strong>Grande vari\u00e9t\u00e9 :<\/strong> Du fruit\u00e9 \u00e0 la menthe rafra\u00eechissante, les options d'ar\u00f4mes offrent une exp\u00e9rience de vapotage compl\u00e8te.<\/li>\n<\/ul>\n<h3>Pourquoi choisir Bang 36000 ?<\/h3>\n<p>Le Bang 36000 se distingue par son nombre incroyable de bouff\u00e9es, ce qui en fait l'une des vapes jetables les plus durables du march\u00e9. Il est con\u00e7u pour les vapoteurs qui souhaitent une utilisation prolong\u00e9e sans sacrifier la saveur ou la performance. Id\u00e9al pour ceux qui ne veulent pas avoir \u00e0 changer fr\u00e9quemment d'appareil.<\/p>","protected":false},"excerpt":{"rendered":"<p>Bang 36000 offre un d\u00e9bit de vapeur constant gr\u00e2ce \u00e0 son syst\u00e8me d'airflow avanc\u00e9 et \u00e0 une utilisation efficace de l'e-liquide. Con\u00e7u pour des sessions prolong\u00e9es, c'est un choix de premier ordre pour les acheteurs en gros qui recherchent la fiabilit\u00e9.<\/p>","protected":false},"featured_media":8918,"comment_status":"open","ping_status":"closed","template":"","meta":[],"product_brand":[],"product_cat":[481,22],"product_tag":[31],"class_list":{"0":"post-8864","1":"product","2":"type-product","3":"status-publish","4":"has-post-thumbnail","6":"product_cat-bang","7":"product_cat-disposable-vape-sticks","8":"product_tag-bang","10":"first","11":"instock","12":"shipping-taxable","13":"purchasable","14":"product-type-simple"},"jetpack_sharing_enabled":true,"tiered_pricing_type":"fixed","tiered_pricing_fixed_rules":[],"tiered_pricing_product_settings":{"layout":"default","base_unit_name":{"singular":null,"plural":null},"default_variation":null},"tiered_pricing_minimum_quantity":null,"tiered_pricing_roles_data":[],"tiered_pricing_percentage_rules":[],"tiered_pricing_maximum_quantity":null,"tiered_pricing_quantity_step":null,"_links":{"self":[{"href":"https:\/\/cloudsupplyvapes.com\/fr\/wp-json\/wp\/v2\/product\/8864","targetHints":{"allow":["GET"]}}],"collection":[{"href":"https:\/\/cloudsupplyvapes.com\/fr\/wp-json\/wp\/v2\/product"}],"about":[{"href":"https:\/\/cloudsupplyvapes.com\/fr\/wp-json\/wp\/v2\/types\/product"}],"replies":[{"embeddable":true,"href":"https:\/\/cloudsupplyvapes.com\/fr\/wp-json\/wp\/v2\/comments?post=8864"}],"wp:featuredmedia":[{"embeddable":true,"href":"https:\/\/cloudsupplyvapes.com\/fr\/wp-json\/wp\/v2\/media\/8918"}],"wp:attachment":[{"href":"https:\/\/cloudsupplyvapes.com\/fr\/wp-json\/wp\/v2\/media?parent=8864"}],"wp:term":[{"taxonomy":"product_brand","embeddable":true,"href":"https:\/\/cloudsupplyvapes.com\/fr\/wp-json\/wp\/v2\/product_brand?post=8864"},{"taxonomy":"product_cat","embeddable":true,"href":"https:\/\/cloudsupplyvapes.com\/fr\/wp-json\/wp\/v2\/product_cat?post=8864"},{"taxonomy":"product_tag","embeddable":true,"href":"https:\/\/cloudsupplyvapes.com\/fr\/wp-json\/wp\/v2\/product_tag?post=8864"}],"curies":[{"name":"wp","href":"https:\/\/api.w.org\/{rel}","templated":true}]}}