{"id":8865,"date":"2024-10-19T03:03:09","date_gmt":"2024-10-19T03:03:09","guid":{"rendered":"https:\/\/cloudsupplyvapes.com\/?post_type=product&#038;p=8865"},"modified":"2024-11-19T06:50:26","modified_gmt":"2024-11-19T06:50:26","slug":"-285","status":"publish","type":"product","link":"https:\/\/cloudsupplyvapes.com\/fr\/product\/bang-pulse-9-18k-puff-disposable-vape-wholesale\/","title":{"rendered":"Bang Pulse 9K-18K Puffs Vape jetable en gros - Airflow ajustable, Dual Mesh Coil, High Puff Capacity for Bulk Orders"},"content":{"rendered":"<h2>Saveurs disponibles :<\/h2>\n<ol>\n<li>Bombe joyeuse<\/li>\n<li>Glace \u00e0 la p\u00eache juteuse<\/li>\n<li>Fruits tropicaux<\/li>\n<li>Glace de raisin<\/li>\n<li>P\u00eache Mangue<\/li>\n<li>Fraise et banane<\/li>\n<li>Fraise Mangue<\/li>\n<li>Glace aux trois baies<\/li>\n<li>Past\u00e8que \u00e0 la fraise<\/li>\n<li>Glace \u00e0 la past\u00e8que<\/li>\n<li>Glace Blue Razz<\/li>\n<li>Glace \u00e0 la pomme acide<\/li>\n<\/ol>\n<h3>Bang Pulse 9-18K Disposable Vape Specifications<\/h3>\n<table>\n<thead>\n<tr>\n<th><strong>Fonctionnalit\u00e9<\/strong><\/th>\n<th><strong>Sp\u00e9cifications<\/strong><\/th>\n<\/tr>\n<\/thead>\n<tbody>\n<tr>\n<td>Capacit\u00e9 de la batterie<\/td>\n<td>650mAh<\/td>\n<\/tr>\n<tr>\n<td>Capacit\u00e9 en e-liquide<\/td>\n<td>20ml<\/td>\n<\/tr>\n<tr>\n<td>Intensit\u00e9 de la nicotine<\/td>\n<td>0%, 2%, 3%, 5% (par d\u00e9faut)<\/td>\n<\/tr>\n<tr>\n<td>Type de bobine<\/td>\n<td>Double maille<\/td>\n<\/tr>\n<tr>\n<td>Puffs<\/td>\n<td>9000-18000 bouff\u00e9es<\/td>\n<\/tr>\n<tr>\n<td>Poids de l'emballage<\/td>\n<td>20.2 kg\/200 pcs<\/td>\n<\/tr>\n<\/tbody>\n<\/table>\n<h3>Caract\u00e9ristiques principales :<\/h3>\n<ul>\n<li><strong>Flexible Puff Range:<\/strong> Offers a wide puff range from 9000 to 18000, allowing users to choose according to their vaping needs.<\/li>\n<li><strong>S\u00e9lection de saveurs vari\u00e9es :<\/strong> Provides 12 dynamic flavors, from fruity to icy, to cater to various taste preferences.<\/li>\n<li><strong>Technologie avanc\u00e9e de la bobine :<\/strong> Features double mesh coils for a smoother and more flavorful vaping experience.<\/li>\n<li><strong>Capacit\u00e9 g\u00e9n\u00e9reuse en E-Liquide :<\/strong> Each device comes with 20ml of e-liquid, ensuring long-lasting use between refills.<\/li>\n<li><strong>Optimized Battery Use:<\/strong> A robust 650mAh battery powers extensive use throughout the life of the vape.<\/li>\n<\/ul>\n<h3>Why Choose Bang Pulse 9-18K?<\/h3>\n<p>The Bang Pulse 9-18K is tailored for vapers who value flexibility in their vaping experience, offering a broad range of puffs and flavors. This device combines cutting-edge coil technology with substantial e-liquid capacity, making it a preferred choice for both casual and avid vapers.<\/p>","protected":false},"excerpt":{"rendered":"<p>Bang Pulse delivers exceptional versatility with customizable airflow and superior coil technology. Its ergonomic design and smooth operation make it ideal for wholesale markets.<\/p>","protected":false},"featured_media":8919,"comment_status":"open","ping_status":"closed","template":"","meta":[],"product_brand":[],"product_cat":[481,22],"product_tag":[31],"class_list":{"0":"post-8865","1":"product","2":"type-product","3":"status-publish","4":"has-post-thumbnail","6":"product_cat-bang","7":"product_cat-disposable-vape-sticks","8":"product_tag-bang","10":"first","11":"instock","12":"shipping-taxable","13":"purchasable","14":"product-type-simple"},"jetpack_sharing_enabled":true,"tiered_pricing_type":"fixed","tiered_pricing_fixed_rules":[],"tiered_pricing_product_settings":{"layout":"default","base_unit_name":{"singular":null,"plural":null},"default_variation":null},"tiered_pricing_minimum_quantity":30,"tiered_pricing_roles_data":[],"tiered_pricing_percentage_rules":[],"tiered_pricing_maximum_quantity":null,"tiered_pricing_quantity_step":"10","_links":{"self":[{"href":"https:\/\/cloudsupplyvapes.com\/fr\/wp-json\/wp\/v2\/product\/8865","targetHints":{"allow":["GET"]}}],"collection":[{"href":"https:\/\/cloudsupplyvapes.com\/fr\/wp-json\/wp\/v2\/product"}],"about":[{"href":"https:\/\/cloudsupplyvapes.com\/fr\/wp-json\/wp\/v2\/types\/product"}],"replies":[{"embeddable":true,"href":"https:\/\/cloudsupplyvapes.com\/fr\/wp-json\/wp\/v2\/comments?post=8865"}],"wp:featuredmedia":[{"embeddable":true,"href":"https:\/\/cloudsupplyvapes.com\/fr\/wp-json\/wp\/v2\/media\/8919"}],"wp:attachment":[{"href":"https:\/\/cloudsupplyvapes.com\/fr\/wp-json\/wp\/v2\/media?parent=8865"}],"wp:term":[{"taxonomy":"product_brand","embeddable":true,"href":"https:\/\/cloudsupplyvapes.com\/fr\/wp-json\/wp\/v2\/product_brand?post=8865"},{"taxonomy":"product_cat","embeddable":true,"href":"https:\/\/cloudsupplyvapes.com\/fr\/wp-json\/wp\/v2\/product_cat?post=8865"},{"taxonomy":"product_tag","embeddable":true,"href":"https:\/\/cloudsupplyvapes.com\/fr\/wp-json\/wp\/v2\/product_tag?post=8865"}],"curies":[{"name":"wp","href":"https:\/\/api.w.org\/{rel}","templated":true}]}}