{"id":8890,"date":"2024-10-19T03:03:30","date_gmt":"2024-10-19T03:03:30","guid":{"rendered":"https:\/\/cloudsupplyvapes.com\/?post_type=product&#038;p=8890"},"modified":"2024-11-19T06:49:47","modified_gmt":"2024-11-19T06:49:47","slug":"-289","status":"publish","type":"product","link":"https:\/\/cloudsupplyvapes.com\/fr\/product\/elf-box-pulse-x-25000-puff-disposable-vape-wholesale\/","title":{"rendered":"ELF BOX Pulse X 25000 Puffs Vape jetable en gros - 25,000 Puffs, Dual Mesh Coil, High Capacity, Bulk Pods Available"},"content":{"rendered":"<h2>Options d'ar\u00f4mes :<\/h2>\n<ul>\n<li>Past\u00e8que \u00e0 la fraise<\/li>\n<li>Soda \u00e0 la cerise<\/li>\n<li>Glace \u00e0 la p\u00eache<\/li>\n<li>Kiwi Fruit de la passion<\/li>\n<li>Glace luxuriante<\/li>\n<li>Red Bull<\/li>\n<li>Glace de raisin<\/li>\n<li>Glace Blue Razz<\/li>\n<li>Fraise et banane<\/li>\n<li>Glace \u00e0 la fraise<\/li>\n<\/ul>\n<h3>ELF BOX Pulse X Sp\u00e9cifications<\/h3>\n<table>\n<thead>\n<tr>\n<th><strong>Fonctionnalit\u00e9<\/strong><\/th>\n<th><strong>Sp\u00e9cifications<\/strong><\/th>\n<\/tr>\n<\/thead>\n<tbody>\n<tr>\n<td>Puffs (Regular\/Pulse)<\/td>\n<td>25 000 \/ 15 000 bouff\u00e9es<\/td>\n<\/tr>\n<tr>\n<td>Bobine \u00e0 double maille<\/td>\n<td>1,2ohm+1,2ohm<\/td>\n<\/tr>\n<tr>\n<td>Capacit\u00e9 en e-liquide<\/td>\n<td>18ml<\/td>\n<\/tr>\n<tr>\n<td>Intensit\u00e9 de la nicotine<\/td>\n<td>0%, 2%, 3%, 5% (par d\u00e9faut)<\/td>\n<\/tr>\n<tr>\n<td>Capacit\u00e9 de la batterie<\/td>\n<td>650mAh (13500-650mah)<\/td>\n<\/tr>\n<tr>\n<td>Rechargeable<\/td>\n<td>Type-C<\/td>\n<\/tr>\n<tr>\n<td>Affichage LED<\/td>\n<td>Oui<\/td>\n<\/tr>\n<tr>\n<td>Poids du produit<\/td>\n<td>g\/pcs<\/td>\n<\/tr>\n<tr>\n<td>Poids de l'emballage<\/td>\n<td>kg\/200 pi\u00e8ces<\/td>\n<\/tr>\n<\/tbody>\n<\/table>\n<h3>Caract\u00e9ristiques principales :<\/h3>\n<ul>\n<li><strong>Nombre de bouff\u00e9es important :<\/strong> Offre jusqu'\u00e0 25 000 bouff\u00e9es avec la version normale et 15 000 bouff\u00e9es avec la version Pulse, maximisant ainsi l'utilisation.<\/li>\n<li><strong>Batterie \u00e0 haute capacit\u00e9 :<\/strong> \u00c9quip\u00e9 d'une puissante batterie rechargeable de 650mAh, garantissant des performances durables.<\/li>\n<li><strong>Affichage LED avanc\u00e9 :<\/strong> L'\u00e9cran LED permet de contr\u00f4ler l'autonomie de la batterie et le nombre de bouff\u00e9es, ce qui ajoute une touche de modernit\u00e9.<\/li>\n<li><strong>Plusieurs options de nicotine :<\/strong> Disponible dans les concentrations de nicotine 0%, 2%, 3% et 5% pour r\u00e9pondre aux diff\u00e9rentes pr\u00e9f\u00e9rences des utilisateurs.<\/li>\n<li><strong>Technologie Dual Mesh Coil :<\/strong> Am\u00e9liore la consistance des ar\u00f4mes et la production de vapeur pour une exp\u00e9rience de vapotage plus douce.<\/li>\n<li><strong>Vari\u00e9t\u00e9 d'ar\u00f4mes :<\/strong> Il existe une large gamme de saveurs pour satisfaire tous les go\u00fbts, des notes fruit\u00e9es aux notes glac\u00e9es.<\/li>\n<\/ul>\n<h3>Pourquoi choisir ELF BOX Pulse X ?<\/h3>\n<p>La ELF BOX Pulse X se distingue par ses bobines \u00e0 double maille, son grand nombre de bouff\u00e9es et ses options d'ar\u00f4mes polyvalentes, ce qui en fait un choix de premier ordre pour les vapoteurs s\u00e9rieux et les d\u00e9taillants. Les caract\u00e9ristiques suppl\u00e9mentaires telles que l'affichage LED et les multiples taux de nicotine garantissent un parcours de vapotage personnalis\u00e9 et satisfaisant pour tous les utilisateurs.<\/p>","protected":false},"excerpt":{"rendered":"<p>ELF BOX Pulse X 25000 offre une production de vapeur sup\u00e9rieure gr\u00e2ce \u00e0 un double flux d'air et \u00e0 une batterie efficace. Con\u00e7u pour une utilisation de longue dur\u00e9e, c'est un excellent compl\u00e9ment aux stocks en vrac.<\/p>","protected":false},"featured_media":8928,"comment_status":"open","ping_status":"closed","template":"","meta":[],"product_brand":[],"product_cat":[22],"product_tag":[472],"class_list":{"0":"post-8890","1":"product","2":"type-product","3":"status-publish","4":"has-post-thumbnail","6":"product_cat-disposable-vape-sticks","7":"product_tag-elf-box","9":"first","10":"instock","11":"sale","12":"shipping-taxable","13":"purchasable","14":"product-type-simple"},"jetpack_sharing_enabled":true,"tiered_pricing_type":"fixed","tiered_pricing_fixed_rules":{"500":10.9000000000000003552713678800500929355621337890625,"2000":10.800000000000000710542735760100185871124267578125,"10000":10.699999999999999289457264239899814128875732421875},"tiered_pricing_product_settings":{"layout":"default","base_unit_name":{"singular":null,"plural":null},"default_variation":null},"tiered_pricing_minimum_quantity":50,"tiered_pricing_roles_data":[],"tiered_pricing_percentage_rules":[],"tiered_pricing_maximum_quantity":null,"tiered_pricing_quantity_step":null,"_links":{"self":[{"href":"https:\/\/cloudsupplyvapes.com\/fr\/wp-json\/wp\/v2\/product\/8890","targetHints":{"allow":["GET"]}}],"collection":[{"href":"https:\/\/cloudsupplyvapes.com\/fr\/wp-json\/wp\/v2\/product"}],"about":[{"href":"https:\/\/cloudsupplyvapes.com\/fr\/wp-json\/wp\/v2\/types\/product"}],"replies":[{"embeddable":true,"href":"https:\/\/cloudsupplyvapes.com\/fr\/wp-json\/wp\/v2\/comments?post=8890"}],"wp:featuredmedia":[{"embeddable":true,"href":"https:\/\/cloudsupplyvapes.com\/fr\/wp-json\/wp\/v2\/media\/8928"}],"wp:attachment":[{"href":"https:\/\/cloudsupplyvapes.com\/fr\/wp-json\/wp\/v2\/media?parent=8890"}],"wp:term":[{"taxonomy":"product_brand","embeddable":true,"href":"https:\/\/cloudsupplyvapes.com\/fr\/wp-json\/wp\/v2\/product_brand?post=8890"},{"taxonomy":"product_cat","embeddable":true,"href":"https:\/\/cloudsupplyvapes.com\/fr\/wp-json\/wp\/v2\/product_cat?post=8890"},{"taxonomy":"product_tag","embeddable":true,"href":"https:\/\/cloudsupplyvapes.com\/fr\/wp-json\/wp\/v2\/product_tag?post=8890"}],"curies":[{"name":"wp","href":"https:\/\/api.w.org\/{rel}","templated":true}]}}