{"id":8891,"date":"2024-10-19T03:03:30","date_gmt":"2024-10-19T03:03:30","guid":{"rendered":"https:\/\/cloudsupplyvapes.com\/?post_type=product&#038;p=8891"},"modified":"2024-11-19T06:49:37","modified_gmt":"2024-11-19T06:49:37","slug":"-290","status":"publish","type":"product","link":"https:\/\/cloudsupplyvapes.com\/fr\/product\/elf-box-shisha-16000-puff-disposable-vape-wholesale\/","title":{"rendered":"ELF BOX Shisha 16000 bouff\u00e9es Vape jetable en gros - 16 000 bouff\u00e9es, style Shisha, rechargeable, Bulk Premium Vapes"},"content":{"rendered":"<h2>Options d'ar\u00f4mes :<\/h2>\n<ul>\n<li>Glace Blue Razz<\/li>\n<li>Glace \u00e0 la fraise<\/li>\n<li>Glace \u00e0 la p\u00eache<\/li>\n<li>Kiwi Fruit de la passion<\/li>\n<li>Glace \u00e0 la m\u00fbre<\/li>\n<li>Double pomme<\/li>\n<li>Glace luxuriante<\/li>\n<li>Glace de raisin<\/li>\n<li>Cerise Framboise<\/li>\n<li>Past\u00e8que \u00e0 la fraise<\/li>\n<li>P\u00eache Mangue Ananas<\/li>\n<li>Baies m\u00e9lang\u00e9es<\/li>\n<\/ul>\n<h3>ELF BOX Shisha 16000 Sp\u00e9cifications<\/h3>\n<table>\n<thead>\n<tr>\n<th><strong>Fonctionnalit\u00e9<\/strong><\/th>\n<th><strong>Sp\u00e9cifications<\/strong><\/th>\n<\/tr>\n<\/thead>\n<tbody>\n<tr>\n<td>Puffs<\/td>\n<td>16 000 bouff\u00e9es<\/td>\n<\/tr>\n<tr>\n<td>C\u0153ur de m\u00e9tier<\/td>\n<td>Bobine en maille 0.6ohm<\/td>\n<\/tr>\n<tr>\n<td>Capacit\u00e9 en e-liquide<\/td>\n<td>28ml<\/td>\n<\/tr>\n<tr>\n<td>Intensit\u00e9 de la nicotine<\/td>\n<td>0%, 2%, 3%, 5% (par d\u00e9faut)<\/td>\n<\/tr>\n<tr>\n<td>Capacit\u00e9 de la batterie<\/td>\n<td>18250-600mAh<\/td>\n<\/tr>\n<tr>\n<td>Rechargeable<\/td>\n<td>Type-C<\/td>\n<\/tr>\n<tr>\n<td>Affichage LED<\/td>\n<td>Oui<\/td>\n<\/tr>\n<tr>\n<td>Flux d'air r\u00e9glable<\/td>\n<td>Oui<\/td>\n<\/tr>\n<tr>\n<td>Poids du produit<\/td>\n<td>85g\/pcs<\/td>\n<\/tr>\n<tr>\n<td>Taille du produit<\/td>\n<td>30*125.5mm<\/td>\n<\/tr>\n<tr>\n<td>Poids de l'emballage<\/td>\n<td>18,3 kg\/200 pi\u00e8ces<\/td>\n<\/tr>\n<\/tbody>\n<\/table>\n<h3>Caract\u00e9ristiques principales :<\/h3>\n<ul>\n<li><strong>Capacit\u00e9 massive d'e-liquide :<\/strong> Le r\u00e9servoir de 28 ml garantit une utilisation prolong\u00e9e sans qu'il soit n\u00e9cessaire de le recharger fr\u00e9quemment.<\/li>\n<li><strong>Bobine en maille avanc\u00e9e :<\/strong> Dot\u00e9 d'une bobine de 0,6 ohm pour une am\u00e9lioration constante des saveurs et de la production de vapeur.<\/li>\n<li><strong>Exp\u00e9rience de vapotage personnalisable :<\/strong> Le flux d'air r\u00e9glable et l'affichage LED permettent de personnaliser les param\u00e8tres de vapotage.<\/li>\n<li><strong>Options de nicotine polyvalentes :<\/strong> Offre diff\u00e9rents taux de nicotine pour r\u00e9pondre \u00e0 toutes les pr\u00e9f\u00e9rences, de l'absence de nicotine aux cigarettes fortes.<\/li>\n<li><strong>Nombre de bouff\u00e9es important :<\/strong> D\u00e9livre jusqu'\u00e0 16 000 bouff\u00e9es, ce qui est parfait pour une utilisation prolong\u00e9e.<\/li>\n<li><strong>Conception portable et durable :<\/strong> Une taille compacte associ\u00e9e \u00e0 une batterie robuste pour un vapotage fiable et en d\u00e9placement.<\/li>\n<\/ul>\n<h3>Pourquoi choisir ELF BOX Shisha 16000 ?<\/h3>\n<p>La ELF BOX Shisha 16000 se distingue par sa grande capacit\u00e9 d'e-liquide, son coil mesh avanc\u00e9 et ses r\u00e9glages personnalisables tels que l'airflow r\u00e9glable et l'affichage LED. Elle est con\u00e7ue pour ceux qui appr\u00e9cient une exp\u00e9rience de vapotage robuste et personnalis\u00e9e avec un large \u00e9ventail de saveurs.<\/p>","protected":false},"excerpt":{"rendered":"<p>ELF BOX Shisha 16000 apporte un authentique style de shisha dans un appareil compact. Son doux effet de gorge et sa conception rechargeable en font un choix exceptionnel pour les clients exigeants de la vente en gros.<\/p>","protected":false},"featured_media":8944,"comment_status":"open","ping_status":"closed","template":"","meta":[],"product_brand":[],"product_cat":[22],"product_tag":[472],"class_list":{"0":"post-8891","1":"product","2":"type-product","3":"status-publish","4":"has-post-thumbnail","6":"product_cat-disposable-vape-sticks","7":"product_tag-elf-box","9":"first","10":"instock","11":"sale","12":"shipping-taxable","13":"purchasable","14":"product-type-simple"},"jetpack_sharing_enabled":true,"tiered_pricing_type":"fixed","tiered_pricing_fixed_rules":{"500":8.800000000000000710542735760100185871124267578125,"2000":8.699999999999999289457264239899814128875732421875,"5000":8.5},"tiered_pricing_product_settings":{"layout":"default","base_unit_name":{"singular":null,"plural":null},"default_variation":null},"tiered_pricing_minimum_quantity":50,"tiered_pricing_roles_data":[],"tiered_pricing_percentage_rules":[],"tiered_pricing_maximum_quantity":null,"tiered_pricing_quantity_step":null,"_links":{"self":[{"href":"https:\/\/cloudsupplyvapes.com\/fr\/wp-json\/wp\/v2\/product\/8891","targetHints":{"allow":["GET"]}}],"collection":[{"href":"https:\/\/cloudsupplyvapes.com\/fr\/wp-json\/wp\/v2\/product"}],"about":[{"href":"https:\/\/cloudsupplyvapes.com\/fr\/wp-json\/wp\/v2\/types\/product"}],"replies":[{"embeddable":true,"href":"https:\/\/cloudsupplyvapes.com\/fr\/wp-json\/wp\/v2\/comments?post=8891"}],"wp:featuredmedia":[{"embeddable":true,"href":"https:\/\/cloudsupplyvapes.com\/fr\/wp-json\/wp\/v2\/media\/8944"}],"wp:attachment":[{"href":"https:\/\/cloudsupplyvapes.com\/fr\/wp-json\/wp\/v2\/media?parent=8891"}],"wp:term":[{"taxonomy":"product_brand","embeddable":true,"href":"https:\/\/cloudsupplyvapes.com\/fr\/wp-json\/wp\/v2\/product_brand?post=8891"},{"taxonomy":"product_cat","embeddable":true,"href":"https:\/\/cloudsupplyvapes.com\/fr\/wp-json\/wp\/v2\/product_cat?post=8891"},{"taxonomy":"product_tag","embeddable":true,"href":"https:\/\/cloudsupplyvapes.com\/fr\/wp-json\/wp\/v2\/product_tag?post=8891"}],"curies":[{"name":"wp","href":"https:\/\/api.w.org\/{rel}","templated":true}]}}