{"id":8893,"date":"2024-10-19T03:03:30","date_gmt":"2024-10-19T03:03:30","guid":{"rendered":"https:\/\/cloudsupplyvapes.com\/?post_type=product&#038;p=8893"},"modified":"2024-11-19T06:49:14","modified_gmt":"2024-11-19T06:49:14","slug":"-292","status":"publish","type":"product","link":"https:\/\/cloudsupplyvapes.com\/fr\/product\/elf-box-ls15000-puff-disposable-vape-wholesale-2\/","title":{"rendered":"ELF BOX LS15000 Puffs Vape jetable en gros - 15 000 bouff\u00e9es, construction \u00e9l\u00e9gante, batterie longue dur\u00e9e, pods de qualit\u00e9 sup\u00e9rieure en vrac"},"content":{"rendered":"<h2>Options d'ar\u00f4mes :<\/h2>\n<ul>\n<li>Glace \u00e0 la m\u00fbre<\/li>\n<li>Myrtille sur glace<\/li>\n<li>Kiwi Fruit de la passion<\/li>\n<li>Fraise Kiwi<\/li>\n<li>Limonade Blue Razz<\/li>\n<li>Glace \u00e0 la past\u00e8que<\/li>\n<li>Past\u00e8que \u00e0 la fraise<\/li>\n<li>Glace \u00e0 la fraise<\/li>\n<li>P\u00eache Mangue Ananas<\/li>\n<li>Glace de raisin<\/li>\n<li>Mangue Banane<\/li>\n<li>Baies m\u00e9lang\u00e9es<\/li>\n<\/ul>\n<h3>ELF BOX LS15000 Sp\u00e9cifications<\/h3>\n<table>\n<thead>\n<tr>\n<th><strong>Fonctionnalit\u00e9<\/strong><\/th>\n<th><strong>Sp\u00e9cifications<\/strong><\/th>\n<\/tr>\n<\/thead>\n<tbody>\n<tr>\n<td>Puffs<\/td>\n<td>15 000 bouff\u00e9es<\/td>\n<\/tr>\n<tr>\n<td>C\u0153ur de m\u00e9tier<\/td>\n<td>Bobine en maille 0.6ohm<\/td>\n<\/tr>\n<tr>\n<td>Capacit\u00e9 en e-liquide<\/td>\n<td>26ml<\/td>\n<\/tr>\n<tr>\n<td>Intensit\u00e9 de la nicotine<\/td>\n<td>0%, 2%, 5% (par d\u00e9faut)<\/td>\n<\/tr>\n<tr>\n<td>Capacit\u00e9 de la batterie<\/td>\n<td>18250-600mAh<\/td>\n<\/tr>\n<tr>\n<td>Rechargeable<\/td>\n<td>Type-C<\/td>\n<\/tr>\n<tr>\n<td>Poids du produit<\/td>\n<td>91g<\/td>\n<\/tr>\n<tr>\n<td>Taille du produit<\/td>\n<td>124,5*31,5mm<\/td>\n<\/tr>\n<tr>\n<td>Poids de l'emballage<\/td>\n<td>20 kg\/200 pi\u00e8ces<\/td>\n<\/tr>\n<\/tbody>\n<\/table>\n<h3>Caract\u00e9ristiques principales :<\/h3>\n<ul>\n<li><strong>R\u00e9servoir d'e-liquide de grande capacit\u00e9 :<\/strong> Le r\u00e9servoir de 26 ml permet d'effectuer des sessions de vapotage prolong\u00e9es, jusqu'\u00e0 15 000 bouff\u00e9es.<\/li>\n<li><strong>Bobine en maille efficace :<\/strong> \u00c9quip\u00e9 d'une bobine de 0,6ohm pour une diffusion optimale des ar\u00f4mes et une production de vapeur.<\/li>\n<li><strong>Des forces de nicotine vari\u00e9es :<\/strong> Disponible dans les options de nicotine 0%, 2% et 5%, pour r\u00e9pondre aux diff\u00e9rentes pr\u00e9f\u00e9rences des utilisateurs.<\/li>\n<li><strong>Compact et portable :<\/strong> Con\u00e7u pour \u00eatre facile \u00e0 manipuler et \u00e0 transporter, il est id\u00e9al pour le vapotage en d\u00e9placement.<\/li>\n<li><strong>USB Type-C Chargement :<\/strong> Prend en charge la charge rapide et pratique gr\u00e2ce \u00e0 son port USB de type C.<\/li>\n<\/ul>\n<h3>Pourquoi choisir ELF BOX LS15000 ?<\/h3>\n<p>La ELF BOX LS15000 se distingue par sa g\u00e9n\u00e9reuse capacit\u00e9 d'e-liquide et sa puissante technologie mesh coil, offrant une exp\u00e9rience de vapotage prolong\u00e9e et satisfaisante. Id\u00e9ale pour les vapoteurs \u00e0 la recherche d'une saveur robuste et d'une grande facilit\u00e9 d'utilisation dans un appareil \u00e9l\u00e9gant et portable.<\/p>","protected":false},"excerpt":{"rendered":"<p>ELF BOX LS15000 est con\u00e7u pour des sessions de vapotage prolong\u00e9es, offrant un confort ergonomique et des mat\u00e9riaux de premi\u00e8re qualit\u00e9. Une option fiable pour les acheteurs en gros \u00e0 la recherche d'appareils durables.<\/p>","protected":false},"featured_media":9035,"comment_status":"open","ping_status":"closed","template":"","meta":[],"product_brand":[],"product_cat":[22],"product_tag":[472],"class_list":{"0":"post-8893","1":"product","2":"type-product","3":"status-publish","4":"has-post-thumbnail","6":"product_cat-disposable-vape-sticks","7":"product_tag-elf-box","9":"first","10":"instock","11":"sale","12":"featured","13":"shipping-taxable","14":"purchasable","15":"product-type-simple"},"jetpack_sharing_enabled":true,"tiered_pricing_type":"fixed","tiered_pricing_fixed_rules":{"500":8.800000000000000710542735760100185871124267578125,"2000":8.699999999999999289457264239899814128875732421875,"5000":8.5999999999999996447286321199499070644378662109375},"tiered_pricing_product_settings":{"layout":"default","base_unit_name":{"singular":null,"plural":null},"default_variation":null},"tiered_pricing_minimum_quantity":10,"tiered_pricing_roles_data":[],"tiered_pricing_percentage_rules":[],"tiered_pricing_maximum_quantity":null,"tiered_pricing_quantity_step":"10","_links":{"self":[{"href":"https:\/\/cloudsupplyvapes.com\/fr\/wp-json\/wp\/v2\/product\/8893","targetHints":{"allow":["GET"]}}],"collection":[{"href":"https:\/\/cloudsupplyvapes.com\/fr\/wp-json\/wp\/v2\/product"}],"about":[{"href":"https:\/\/cloudsupplyvapes.com\/fr\/wp-json\/wp\/v2\/types\/product"}],"replies":[{"embeddable":true,"href":"https:\/\/cloudsupplyvapes.com\/fr\/wp-json\/wp\/v2\/comments?post=8893"}],"wp:featuredmedia":[{"embeddable":true,"href":"https:\/\/cloudsupplyvapes.com\/fr\/wp-json\/wp\/v2\/media\/9035"}],"wp:attachment":[{"href":"https:\/\/cloudsupplyvapes.com\/fr\/wp-json\/wp\/v2\/media?parent=8893"}],"wp:term":[{"taxonomy":"product_brand","embeddable":true,"href":"https:\/\/cloudsupplyvapes.com\/fr\/wp-json\/wp\/v2\/product_brand?post=8893"},{"taxonomy":"product_cat","embeddable":true,"href":"https:\/\/cloudsupplyvapes.com\/fr\/wp-json\/wp\/v2\/product_cat?post=8893"},{"taxonomy":"product_tag","embeddable":true,"href":"https:\/\/cloudsupplyvapes.com\/fr\/wp-json\/wp\/v2\/product_tag?post=8893"}],"curies":[{"name":"wp","href":"https:\/\/api.w.org\/{rel}","templated":true}]}}