{"id":8894,"date":"2024-10-19T03:03:30","date_gmt":"2024-10-19T03:03:30","guid":{"rendered":"https:\/\/cloudsupplyvapes.com\/?post_type=product&#038;p=8894"},"modified":"2024-11-19T06:49:05","modified_gmt":"2024-11-19T06:49:05","slug":"-293","status":"publish","type":"product","link":"https:\/\/cloudsupplyvapes.com\/fr\/product\/elf-box-digital-12000-puff-disposable-vape-wholesale\/","title":{"rendered":"ELF BOX Digital 12000 bouff\u00e9es Vape jetable en gros - 12 000 bouff\u00e9es, affichage num\u00e9rique, design rechargeable, achat en gros"},"content":{"rendered":"<h2>Options d'ar\u00f4mes :<\/h2>\n<ul>\n<li>Glace \u00e0 la fraise<\/li>\n<li>Explosion de fraises<\/li>\n<li>Past\u00e8que \u00e0 la fraise<\/li>\n<li>M\u00e9lange de fruits<\/li>\n<li>Glace Blue Razz<\/li>\n<li>Myrtille framboise acidul\u00e9e<\/li>\n<li>Kiwi Fruit de la passion<\/li>\n<li>Double pomme<\/li>\n<li>Glace \u00e0 la past\u00e8que<\/li>\n<li>Past\u00e8que Bubblegum<\/li>\n<li>Melon \u00e0 la noix de coco<\/li>\n<li>Cola \u00e0 la cerise<\/li>\n<li>Glace \u00e0 la p\u00eache<\/li>\n<li>Fraise et banane<\/li>\n<li>M. Bleu<\/li>\n<li>Glace \u00e0 la m\u00fbre<\/li>\n<li>Glace \u00e0 la mangue<\/li>\n<li>Glace de raisin<\/li>\n<li>P\u00eache et baies<\/li>\n<li>Fraise Kiwi<\/li>\n<\/ul>\n<h3>ELF BOX Digital 12000 Sp\u00e9cifications<\/h3>\n<table>\n<thead>\n<tr>\n<th><strong>Fonctionnalit\u00e9<\/strong><\/th>\n<th><strong>Sp\u00e9cifications<\/strong><\/th>\n<\/tr>\n<\/thead>\n<tbody>\n<tr>\n<td>Puffs<\/td>\n<td>12 000 bouff\u00e9es<\/td>\n<\/tr>\n<tr>\n<td>C\u0153ur de m\u00e9tier<\/td>\n<td>Bobine en maille 0.8ohm<\/td>\n<\/tr>\n<tr>\n<td>Capacit\u00e9 en e-liquide<\/td>\n<td>25ml<\/td>\n<\/tr>\n<tr>\n<td>Intensit\u00e9 de la nicotine<\/td>\n<td>0%, 2%, 3%, 5% (par d\u00e9faut)<\/td>\n<\/tr>\n<tr>\n<td>Capacit\u00e9 de la batterie<\/td>\n<td>13350-500mAh<\/td>\n<\/tr>\n<tr>\n<td>Rechargeable<\/td>\n<td>Type-C<\/td>\n<\/tr>\n<tr>\n<td>Affichage num\u00e9rique<\/td>\n<td>Oui<\/td>\n<\/tr>\n<tr>\n<td>Poids du produit<\/td>\n<td>82g<\/td>\n<\/tr>\n<tr>\n<td>Taille du produit<\/td>\n<td>30*57*101mm<\/td>\n<\/tr>\n<tr>\n<td>Poids de l'emballage<\/td>\n<td>17,5 kg\/200 pi\u00e8ces<\/td>\n<\/tr>\n<\/tbody>\n<\/table>\n<h3>Caract\u00e9ristiques principales :<\/h3>\n<ul>\n<li><strong>Affichage num\u00e9rique Surveillance :<\/strong> L'\u00e9cran num\u00e9rique permet de contr\u00f4ler en temps r\u00e9el les niveaux d'e-liquide et l'\u00e9tat de la batterie.<\/li>\n<li><strong>Gamme d'ar\u00f4mes \u00e9tendue :<\/strong> Offre une grande vari\u00e9t\u00e9 de saveurs pour r\u00e9pondre \u00e0 toutes les pr\u00e9f\u00e9rences, garantissant une exp\u00e9rience fra\u00eeche \u00e0 chaque fois.<\/li>\n<li><strong>E-liquide \u00e0 haute capacit\u00e9 :<\/strong> Livr\u00e9 avec un grand r\u00e9servoir d'e-liquide de 25 ml permettant de tirer jusqu'\u00e0 12 000 bouff\u00e9es, ce qui prolonge l'intervalle entre les recharges.<\/li>\n<li><strong>Bobine en maille efficace :<\/strong> Utilise une bobine de 0,8ohm pour une production de vapeur constante et une meilleure diffusion des ar\u00f4mes.<\/li>\n<li><strong>USB Type-C Chargement :<\/strong> \u00c9quip\u00e9 d'un port de charge de type C pour une recharge rapide et pratique.<\/li>\n<\/ul>\n<h3>Pourquoi choisir ELF BOX Digital 12000 ?<\/h3>\n<p>La ELF BOX Digital 12000 allie technologie moderne et design pratique, avec un \u00e9cran digital et une vaste gamme d'ar\u00f4mes. Elle est id\u00e9ale pour les vapoteurs qui appr\u00e9cient la commodit\u00e9, l'usage intensif et une s\u00e9lection vari\u00e9e de saveurs.<\/p>","protected":false},"excerpt":{"rendered":"<p>La ELF BOX Digital 12000 associe un \u00e9cran \u00e9l\u00e9gant \u00e0 un contr\u00f4le du flux d'air con\u00e7u avec pr\u00e9cision. Sa construction durable et sa conception intuitive s'adressent aux utilisateurs avanc\u00e9s et aux distributeurs en gros.<\/p>","protected":false},"featured_media":9072,"comment_status":"open","ping_status":"closed","template":"","meta":[],"product_brand":[],"product_cat":[22],"product_tag":[472],"class_list":{"0":"post-8894","1":"product","2":"type-product","3":"status-publish","4":"has-post-thumbnail","6":"product_cat-disposable-vape-sticks","7":"product_tag-elf-box","9":"first","10":"instock","11":"sale","12":"shipping-taxable","13":"purchasable","14":"product-type-simple"},"jetpack_sharing_enabled":true,"tiered_pricing_type":"fixed","tiered_pricing_fixed_rules":{"500":8.5999999999999996447286321199499070644378662109375,"2000":8.5,"5000":8.300000000000000710542735760100185871124267578125},"tiered_pricing_product_settings":{"layout":"default","base_unit_name":{"singular":null,"plural":null},"default_variation":null},"tiered_pricing_minimum_quantity":50,"tiered_pricing_roles_data":[],"tiered_pricing_percentage_rules":[],"tiered_pricing_maximum_quantity":null,"tiered_pricing_quantity_step":null,"_links":{"self":[{"href":"https:\/\/cloudsupplyvapes.com\/fr\/wp-json\/wp\/v2\/product\/8894","targetHints":{"allow":["GET"]}}],"collection":[{"href":"https:\/\/cloudsupplyvapes.com\/fr\/wp-json\/wp\/v2\/product"}],"about":[{"href":"https:\/\/cloudsupplyvapes.com\/fr\/wp-json\/wp\/v2\/types\/product"}],"replies":[{"embeddable":true,"href":"https:\/\/cloudsupplyvapes.com\/fr\/wp-json\/wp\/v2\/comments?post=8894"}],"wp:featuredmedia":[{"embeddable":true,"href":"https:\/\/cloudsupplyvapes.com\/fr\/wp-json\/wp\/v2\/media\/9072"}],"wp:attachment":[{"href":"https:\/\/cloudsupplyvapes.com\/fr\/wp-json\/wp\/v2\/media?parent=8894"}],"wp:term":[{"taxonomy":"product_brand","embeddable":true,"href":"https:\/\/cloudsupplyvapes.com\/fr\/wp-json\/wp\/v2\/product_brand?post=8894"},{"taxonomy":"product_cat","embeddable":true,"href":"https:\/\/cloudsupplyvapes.com\/fr\/wp-json\/wp\/v2\/product_cat?post=8894"},{"taxonomy":"product_tag","embeddable":true,"href":"https:\/\/cloudsupplyvapes.com\/fr\/wp-json\/wp\/v2\/product_tag?post=8894"}],"curies":[{"name":"wp","href":"https:\/\/api.w.org\/{rel}","templated":true}]}}