{"id":8895,"date":"2024-10-19T03:03:30","date_gmt":"2024-10-19T03:03:30","guid":{"rendered":"https:\/\/cloudsupplyvapes.com\/?post_type=product&#038;p=8895"},"modified":"2024-11-19T06:48:56","modified_gmt":"2024-11-19T06:48:56","slug":"-294","status":"publish","type":"product","link":"https:\/\/cloudsupplyvapes.com\/fr\/product\/elf-box-rgb14000-disposable-vape-wholesale\/","title":{"rendered":"ELF BOX RGB14000 Puffs Vape jetable en gros - 14,000 Puffs, RGB Lighting, 16mL Tank, Bulk Disposable Vapes"},"content":{"rendered":"<h2>Options d'ar\u00f4mes :<\/h2>\n<ul>\n<li>Past\u00e8que \u00e0 la fraise<\/li>\n<li>Glace Blue Razz<\/li>\n<li>Glace \u00e0 la fraise<\/li>\n<li>Glace de raisin<\/li>\n<li>Glace \u00e0 la menthe<\/li>\n<li>Red Bull<\/li>\n<li>Double pomme<\/li>\n<li>Glace luxuriante<\/li>\n<li>P\u00eache Mangue<\/li>\n<li>Soda \u00e0 la cerise<\/li>\n<\/ul>\n<h3>ELF BOX RGB14000 Sp\u00e9cifications<\/h3>\n<table>\n<thead>\n<tr>\n<th><strong>Fonctionnalit\u00e9<\/strong><\/th>\n<th><strong>Sp\u00e9cifications<\/strong><\/th>\n<\/tr>\n<\/thead>\n<tbody>\n<tr>\n<td>Puffs<\/td>\n<td>14 000 bouff\u00e9es<\/td>\n<\/tr>\n<tr>\n<td>C\u0153ur de m\u00e9tier<\/td>\n<td>Bobine en maille 1.0ohm<\/td>\n<\/tr>\n<tr>\n<td>Capacit\u00e9 en e-liquide<\/td>\n<td>25ml<\/td>\n<\/tr>\n<tr>\n<td>Intensit\u00e9 de la nicotine<\/td>\n<td>0%, 2%, 3%, 5% (par d\u00e9faut)<\/td>\n<\/tr>\n<tr>\n<td>Capacit\u00e9 de la batterie<\/td>\n<td>18250-600mAh<\/td>\n<\/tr>\n<tr>\n<td>Rechargeable<\/td>\n<td>Type-C<\/td>\n<\/tr>\n<tr>\n<td>Lumi\u00e8re RVB + lani\u00e8re<\/td>\n<td>Inclus<\/td>\n<\/tr>\n<tr>\n<td>Poids du produit<\/td>\n<td>100g\/pcs<\/td>\n<\/tr>\n<tr>\n<td>Taille du produit<\/td>\n<td>35*36*133.5mm<\/td>\n<\/tr>\n<tr>\n<td>Poids de l'emballage<\/td>\n<td>20,7 kg\/200 pi\u00e8ces<\/td>\n<\/tr>\n<\/tbody>\n<\/table>\n<h3>Caract\u00e9ristiques principales :<\/h3>\n<ul>\n<li><strong>\u00c9clairage dynamique RVB :<\/strong> L'\u00e9clairage RVB am\u00e9liore l'exp\u00e9rience visuelle pendant l'utilisation.<\/li>\n<li><strong>Puissante bobine en maille :<\/strong> Equip\u00e9 d'un coil mesh de 1.0ohm pour une excellente production d'ar\u00f4mes et un nuage satisfaisant.<\/li>\n<li><strong>Capacit\u00e9 g\u00e9n\u00e9reuse en E-Liquide :<\/strong> Dot\u00e9 d'un r\u00e9servoir de 25 ml pour des sessions de vapotage de longue dur\u00e9e, supportant jusqu'\u00e0 14 000 bouff\u00e9es.<\/li>\n<li><strong>Options de nicotine polyvalentes :<\/strong> Disponible dans une gamme de taux de nicotine pour r\u00e9pondre \u00e0 toutes les pr\u00e9f\u00e9rences.<\/li>\n<li><strong>Portable et \u00e9l\u00e9gant :<\/strong> Con\u00e7u pour \u00eatre facilement transport\u00e9 et utilis\u00e9 en d\u00e9placement, il est muni d'une lani\u00e8re pratique.<\/li>\n<\/ul>\n<h3>Pourquoi choisir ELF BOX RGB14000 ?<\/h3>\n<p>La ELF BOX RGB14000 est parfaite pour les vapoteurs qui appr\u00e9cient \u00e0 la fois le style et la substance. Son \u00e9clairage RGB et sa technologie de bobine sup\u00e9rieure offrent une exp\u00e9rience de vapotage \u00e0 la fois visuellement \u00e9tonnante et tr\u00e8s satisfaisante.<\/p>","protected":false},"excerpt":{"rendered":"<p>ELF BOX RGB14000 am\u00e9liore le vapotage avec un \u00e9clairage vibrant et un profil compact. Cet appareil garantit des performances fluides et un attrait \u00e9l\u00e9gant, id\u00e9al pour les clients f\u00e9rus de technologie et les acheteurs en gros.<\/p>","protected":false},"featured_media":9130,"comment_status":"open","ping_status":"closed","template":"","meta":[],"product_brand":[],"product_cat":[22],"product_tag":[472],"class_list":{"0":"post-8895","1":"product","2":"type-product","3":"status-publish","4":"has-post-thumbnail","6":"product_cat-disposable-vape-sticks","7":"product_tag-elf-box","9":"first","10":"instock","11":"sale","12":"shipping-taxable","13":"purchasable","14":"product-type-simple"},"jetpack_sharing_enabled":true,"tiered_pricing_type":"fixed","tiered_pricing_fixed_rules":{"500":8.0999999999999996447286321199499070644378662109375,"2000":8,"5000":7.9000000000000003552713678800500929355621337890625},"tiered_pricing_product_settings":{"layout":"default","base_unit_name":{"singular":null,"plural":null},"default_variation":null},"tiered_pricing_minimum_quantity":50,"tiered_pricing_roles_data":[],"tiered_pricing_percentage_rules":[],"tiered_pricing_maximum_quantity":null,"tiered_pricing_quantity_step":null,"_links":{"self":[{"href":"https:\/\/cloudsupplyvapes.com\/fr\/wp-json\/wp\/v2\/product\/8895","targetHints":{"allow":["GET"]}}],"collection":[{"href":"https:\/\/cloudsupplyvapes.com\/fr\/wp-json\/wp\/v2\/product"}],"about":[{"href":"https:\/\/cloudsupplyvapes.com\/fr\/wp-json\/wp\/v2\/types\/product"}],"replies":[{"embeddable":true,"href":"https:\/\/cloudsupplyvapes.com\/fr\/wp-json\/wp\/v2\/comments?post=8895"}],"wp:featuredmedia":[{"embeddable":true,"href":"https:\/\/cloudsupplyvapes.com\/fr\/wp-json\/wp\/v2\/media\/9130"}],"wp:attachment":[{"href":"https:\/\/cloudsupplyvapes.com\/fr\/wp-json\/wp\/v2\/media?parent=8895"}],"wp:term":[{"taxonomy":"product_brand","embeddable":true,"href":"https:\/\/cloudsupplyvapes.com\/fr\/wp-json\/wp\/v2\/product_brand?post=8895"},{"taxonomy":"product_cat","embeddable":true,"href":"https:\/\/cloudsupplyvapes.com\/fr\/wp-json\/wp\/v2\/product_cat?post=8895"},{"taxonomy":"product_tag","embeddable":true,"href":"https:\/\/cloudsupplyvapes.com\/fr\/wp-json\/wp\/v2\/product_tag?post=8895"}],"curies":[{"name":"wp","href":"https:\/\/api.w.org\/{rel}","templated":true}]}}