{"id":8896,"date":"2024-10-19T03:03:30","date_gmt":"2024-10-19T03:03:30","guid":{"rendered":"https:\/\/cloudsupplyvapes.com\/?post_type=product&#038;p=8896"},"modified":"2024-11-19T06:04:11","modified_gmt":"2024-11-19T06:04:11","slug":"-295","status":"publish","type":"product","link":"https:\/\/cloudsupplyvapes.com\/fr\/product\/elf-box-14000-puff-disposable-vape-wholesale\/","title":{"rendered":"ELF BOX 14000 Puffs Vape jetable en gros - 14 000 bouff\u00e9es, batterie longue dur\u00e9e, capacit\u00e9 de 15mL, pr\u00eat pour les pods en vrac"},"content":{"rendered":"<h2>Options d'ar\u00f4mes :<\/h2>\n<ul>\n<li>Glace Blue Razz<\/li>\n<li>Glace \u00e0 la fraise<\/li>\n<li>Glace de raisin<\/li>\n<li>Glace \u00e0 la menthe<\/li>\n<li>Red Bull<\/li>\n<li>Double pomme<\/li>\n<li>Glace luxuriante<\/li>\n<li>P\u00eache Mangue<\/li>\n<li>Soda \u00e0 la cerise<\/li>\n<\/ul>\n<h3>ELF BOX 14000 Specifications<\/h3>\n<table>\n<thead>\n<tr>\n<th><strong>Fonctionnalit\u00e9<\/strong><\/th>\n<th><strong>Sp\u00e9cifications<\/strong><\/th>\n<\/tr>\n<\/thead>\n<tbody>\n<tr>\n<td>Puffs<\/td>\n<td>14 000 bouff\u00e9es<\/td>\n<\/tr>\n<tr>\n<td>C\u0153ur de m\u00e9tier<\/td>\n<td>Bobine en maille 1.0ohm<\/td>\n<\/tr>\n<tr>\n<td>Capacit\u00e9 en e-liquide<\/td>\n<td>25ml<\/td>\n<\/tr>\n<tr>\n<td>Intensit\u00e9 de la nicotine<\/td>\n<td>0%, 2%, 3%, 5% (par d\u00e9faut)<\/td>\n<\/tr>\n<tr>\n<td>Capacit\u00e9 de la batterie<\/td>\n<td>18250-600mAh<\/td>\n<\/tr>\n<tr>\n<td>Rechargeable<\/td>\n<td>Type-C<\/td>\n<\/tr>\n<tr>\n<td>Lumi\u00e8re RVB + lani\u00e8re<\/td>\n<td>Inclus<\/td>\n<\/tr>\n<tr>\n<td>Poids du produit<\/td>\n<td>100g\/pcs<\/td>\n<\/tr>\n<tr>\n<td>Taille du produit<\/td>\n<td>35*36*133.5mm<\/td>\n<\/tr>\n<tr>\n<td>Poids de l'emballage<\/td>\n<td>20,7 kg\/200 pi\u00e8ces<\/td>\n<\/tr>\n<\/tbody>\n<\/table>\n<h3>Caract\u00e9ristiques principales :<\/h3>\n<ul>\n<li><strong>\u00c9clairage dynamique RVB :<\/strong> Features RGB lighting that adds a vibrant and engaging visual effect during use.<\/li>\n<li><strong>Bobine en maille efficace :<\/strong> Utilizes a 1.0ohm mesh coil for excellent flavor fidelity and substantial vapor production.<\/li>\n<li><strong>Grande capacit\u00e9 d'e-liquide :<\/strong> Comes with a 25ml tank, providing up to 14,000 puffs for extended vaping enjoyment.<\/li>\n<li><strong>Diverses options de nicotine :<\/strong> Offers a selection of nicotine strengths, catering to various preferences and needs.<\/li>\n<li><strong>Convenient Rechargeability:<\/strong> Equipped with a Type-C charging port for quick and easy battery replenishment.<\/li>\n<\/ul>\n<h3>Why Choose ELF BOX 14000?<\/h3>\n<p>The ELF BOX 14000 is designed for those who value both style and performance. The vibrant RGB lighting and robust mesh coil ensure a visually appealing and satisfying vaping experience.<\/p>","protected":false},"excerpt":{"rendered":"<p>Enhance your vaping experience with ELF BOX 14000, featuring RGB lighting and a high-capacity 25ml e-liquid tank. Enjoy long-lasting vaping with up to 14,000 puffs and advanced mesh coil technology, all in a stylish and portable design.<\/p>","protected":false},"featured_media":9164,"comment_status":"open","ping_status":"closed","template":"","meta":[],"product_brand":[],"product_cat":[22],"product_tag":[472],"class_list":{"0":"post-8896","1":"product","2":"type-product","3":"status-publish","4":"has-post-thumbnail","6":"product_cat-disposable-vape-sticks","7":"product_tag-elf-box","9":"first","10":"instock","11":"sale","12":"shipping-taxable","13":"purchasable","14":"product-type-simple"},"jetpack_sharing_enabled":true,"tiered_pricing_type":"fixed","tiered_pricing_fixed_rules":[],"tiered_pricing_product_settings":{"layout":"default","base_unit_name":{"singular":null,"plural":null},"default_variation":null},"tiered_pricing_minimum_quantity":50,"tiered_pricing_roles_data":[],"tiered_pricing_percentage_rules":[],"tiered_pricing_maximum_quantity":null,"tiered_pricing_quantity_step":null,"_links":{"self":[{"href":"https:\/\/cloudsupplyvapes.com\/fr\/wp-json\/wp\/v2\/product\/8896","targetHints":{"allow":["GET"]}}],"collection":[{"href":"https:\/\/cloudsupplyvapes.com\/fr\/wp-json\/wp\/v2\/product"}],"about":[{"href":"https:\/\/cloudsupplyvapes.com\/fr\/wp-json\/wp\/v2\/types\/product"}],"replies":[{"embeddable":true,"href":"https:\/\/cloudsupplyvapes.com\/fr\/wp-json\/wp\/v2\/comments?post=8896"}],"wp:featuredmedia":[{"embeddable":true,"href":"https:\/\/cloudsupplyvapes.com\/fr\/wp-json\/wp\/v2\/media\/9164"}],"wp:attachment":[{"href":"https:\/\/cloudsupplyvapes.com\/fr\/wp-json\/wp\/v2\/media?parent=8896"}],"wp:term":[{"taxonomy":"product_brand","embeddable":true,"href":"https:\/\/cloudsupplyvapes.com\/fr\/wp-json\/wp\/v2\/product_brand?post=8896"},{"taxonomy":"product_cat","embeddable":true,"href":"https:\/\/cloudsupplyvapes.com\/fr\/wp-json\/wp\/v2\/product_cat?post=8896"},{"taxonomy":"product_tag","embeddable":true,"href":"https:\/\/cloudsupplyvapes.com\/fr\/wp-json\/wp\/v2\/product_tag?post=8896"}],"curies":[{"name":"wp","href":"https:\/\/api.w.org\/{rel}","templated":true}]}}