{"id":8897,"date":"2024-10-19T03:03:31","date_gmt":"2024-10-19T03:03:31","guid":{"rendered":"https:\/\/cloudsupplyvapes.com\/?post_type=product&#038;p=8897"},"modified":"2024-11-19T06:48:32","modified_gmt":"2024-11-19T06:48:32","slug":"-296","status":"publish","type":"product","link":"https:\/\/cloudsupplyvapes.com\/fr\/product\/elf-box-bk12000-puff-disposable-vape-wholesale\/","title":{"rendered":"ELF BOX BK12000 Puffs Vape jetable en gros - 12 000 bouff\u00e9es, rechargeable, r\u00e9servoir de 13 ml, grande capacit\u00e9 de bouff\u00e9es pour les commandes en gros"},"content":{"rendered":"<h2>Options d'ar\u00f4mes :<\/h2>\n<ul>\n<li>Fraise Kiwi<\/li>\n<li>Myrtille Framboise<\/li>\n<li>P\u00eache Mangue Ananas<\/li>\n<li>Glace \u00e0 la past\u00e8que<\/li>\n<li>Cola \u00e0 la cerise<\/li>\n<li>Past\u00e8que \u00e0 la fraise<\/li>\n<li>Glace de raisin<\/li>\n<li>Kiwi Fruit de la passion<\/li>\n<li>Glace \u00e0 la p\u00eache<\/li>\n<li>Myrtille sur glace<\/li>\n<\/ul>\n<h3>Sp\u00e9cifications ELF BOX BK12000<\/h3>\n<table>\n<thead>\n<tr>\n<th><strong>Fonctionnalit\u00e9<\/strong><\/th>\n<th><strong>Sp\u00e9cifications<\/strong><\/th>\n<\/tr>\n<\/thead>\n<tbody>\n<tr>\n<td>Puffs<\/td>\n<td>12 000 bouff\u00e9es<\/td>\n<\/tr>\n<tr>\n<td>C\u0153ur de m\u00e9tier<\/td>\n<td>Bobine en maille 0.8ohm<\/td>\n<\/tr>\n<tr>\n<td>Capacit\u00e9 en e-liquide<\/td>\n<td>23ml<\/td>\n<\/tr>\n<tr>\n<td>Intensit\u00e9 de la nicotine<\/td>\n<td>0%, 2%, 3%, 5% (par d\u00e9faut)<\/td>\n<\/tr>\n<tr>\n<td>Capacit\u00e9 de la batterie<\/td>\n<td>650mAh<\/td>\n<\/tr>\n<tr>\n<td>Rechargeable<\/td>\n<td>Type-C<\/td>\n<\/tr>\n<tr>\n<td>Poids du produit<\/td>\n<td>103 g\/pi\u00e8ce<\/td>\n<\/tr>\n<tr>\n<td>Taille du produit<\/td>\n<td>46 \u00d7 46 \u00d7 124 mm<\/td>\n<\/tr>\n<tr>\n<td>Poids de l'emballage<\/td>\n<td>21,6 kg\/200 pi\u00e8ces<\/td>\n<\/tr>\n<\/tbody>\n<\/table>\n<h3>Caract\u00e9ristiques principales :<\/h3>\n<ul>\n<li><strong>Bobine en maille efficace :<\/strong> Utilise une r\u00e9sistance mesh de 0,8 ohm pour une meilleure extraction des ar\u00f4mes et une production de vapeur constante.<\/li>\n<li><strong>Grande capacit\u00e9 d'e-liquide :<\/strong> Dispose d'un r\u00e9servoir de 23 ml, permettant jusqu'\u00e0 12 000 bouff\u00e9es, pour des sessions de vapotage prolong\u00e9es.<\/li>\n<li><strong>Teneurs en nicotine flexibles :<\/strong> Disponible dans une gamme de concentrations de nicotine, pour r\u00e9pondre \u00e0 diverses pr\u00e9f\u00e9rences en mati\u00e8re de vapotage.<\/li>\n<li><strong>Pratique rechargeable :<\/strong> \u00c9quip\u00e9 d'un port Type-C pour une recharge rapide et efficace.<\/li>\n<li><strong>Conception compacte et portable :<\/strong> Con\u00e7u pour \u00eatre facile \u00e0 utiliser et portable, id\u00e9al pour vapoter lors de vos d\u00e9placements.<\/li>\n<\/ul>\n<h3>Pourquoi choisir ELF BOX BK12000 ?<\/h3>\n<p>L'ELF BOX BK12000 offre une combinaison puissante de performances, de commodit\u00e9 et de vari\u00e9t\u00e9 de saveurs, ce qui en fait un excellent choix pour les vapoteurs \u00e0 la recherche d'une exp\u00e9rience de vapotage fiable et agr\u00e9able.<\/p>","protected":false},"excerpt":{"rendered":"<p>ELF BOX BK12000 offre un syst\u00e8me avanc\u00e9 activ\u00e9 par aspiration et un r\u00e9servoir \u00e9tanche. Con\u00e7u pour offrir des performances constantes, il est id\u00e9al pour les vapoteurs nomades et les opportunit\u00e9s de revente en gros.<\/p>","protected":false},"featured_media":9165,"comment_status":"open","ping_status":"closed","template":"","meta":[],"product_brand":[],"product_cat":[22],"product_tag":[472],"class_list":{"0":"post-8897","1":"product","2":"type-product","3":"status-publish","4":"has-post-thumbnail","6":"product_cat-disposable-vape-sticks","7":"product_tag-elf-box","9":"first","10":"instock","11":"sale","12":"shipping-taxable","13":"purchasable","14":"product-type-simple"},"jetpack_sharing_enabled":true,"tiered_pricing_type":"fixed","tiered_pricing_fixed_rules":{"500":8,"2000":7.9000000000000003552713678800500929355621337890625,"5000":7.79999999999999982236431605997495353221893310546875},"tiered_pricing_product_settings":{"layout":"default","base_unit_name":{"singular":null,"plural":null},"default_variation":null},"tiered_pricing_minimum_quantity":50,"tiered_pricing_roles_data":[],"tiered_pricing_percentage_rules":[],"tiered_pricing_maximum_quantity":null,"tiered_pricing_quantity_step":null,"_links":{"self":[{"href":"https:\/\/cloudsupplyvapes.com\/fr\/wp-json\/wp\/v2\/product\/8897","targetHints":{"allow":["GET"]}}],"collection":[{"href":"https:\/\/cloudsupplyvapes.com\/fr\/wp-json\/wp\/v2\/product"}],"about":[{"href":"https:\/\/cloudsupplyvapes.com\/fr\/wp-json\/wp\/v2\/types\/product"}],"replies":[{"embeddable":true,"href":"https:\/\/cloudsupplyvapes.com\/fr\/wp-json\/wp\/v2\/comments?post=8897"}],"wp:featuredmedia":[{"embeddable":true,"href":"https:\/\/cloudsupplyvapes.com\/fr\/wp-json\/wp\/v2\/media\/9165"}],"wp:attachment":[{"href":"https:\/\/cloudsupplyvapes.com\/fr\/wp-json\/wp\/v2\/media?parent=8897"}],"wp:term":[{"taxonomy":"product_brand","embeddable":true,"href":"https:\/\/cloudsupplyvapes.com\/fr\/wp-json\/wp\/v2\/product_brand?post=8897"},{"taxonomy":"product_cat","embeddable":true,"href":"https:\/\/cloudsupplyvapes.com\/fr\/wp-json\/wp\/v2\/product_cat?post=8897"},{"taxonomy":"product_tag","embeddable":true,"href":"https:\/\/cloudsupplyvapes.com\/fr\/wp-json\/wp\/v2\/product_tag?post=8897"}],"curies":[{"name":"wp","href":"https:\/\/api.w.org\/{rel}","templated":true}]}}