{"id":8898,"date":"2024-10-19T03:03:31","date_gmt":"2024-10-19T03:03:31","guid":{"rendered":"https:\/\/cloudsupplyvapes.com\/?post_type=product&#038;p=8898"},"modified":"2024-11-19T06:38:35","modified_gmt":"2024-11-19T06:38:35","slug":"-297","status":"publish","type":"product","link":"https:\/\/cloudsupplyvapes.com\/fr\/product\/elf-box-5500-puff-disposable-vape-wholesale\/","title":{"rendered":"ELF BOX 5500 Puffs Disposable Vape Wholesale - 10mL E-Liquid, Compact Design, Bulk Pods En stock maintenant"},"content":{"rendered":"<h2>Options d'ar\u00f4mes :<\/h2>\n<ul>\n<li>Kiwi Orange Baies<\/li>\n<li>Glace au melon et au raisin<\/li>\n<li>Kiwi Berry<\/li>\n<li>Bonbons arc-en-ciel<\/li>\n<li>Pamplemousse Ananas<\/li>\n<li>Banane glac\u00e9e<\/li>\n<\/ul>\n<h3>Sp\u00e9cifications de l'ELF BOX 5500<\/h3>\n<table>\n<thead>\n<tr>\n<th><strong>Fonctionnalit\u00e9<\/strong><\/th>\n<th><strong>Sp\u00e9cifications<\/strong><\/th>\n<\/tr>\n<\/thead>\n<tbody>\n<tr>\n<td>Puffs<\/td>\n<td>5 500 bouff\u00e9es<\/td>\n<\/tr>\n<tr>\n<td>C\u0153ur de m\u00e9tier<\/td>\n<td>Bobine en maille 1.2ohm<\/td>\n<\/tr>\n<tr>\n<td>Capacit\u00e9 en e-liquide<\/td>\n<td>13ml<\/td>\n<\/tr>\n<tr>\n<td>Intensit\u00e9 de la nicotine<\/td>\n<td>0%, 2%, 3%, 5% (par d\u00e9faut)<\/td>\n<\/tr>\n<tr>\n<td>Capacit\u00e9 de la batterie<\/td>\n<td>16350-650mAh<\/td>\n<\/tr>\n<tr>\n<td>Rechargeable<\/td>\n<td>Type-C<\/td>\n<\/tr>\n<tr>\n<td>Poids du produit<\/td>\n<td>60g\/pcs<\/td>\n<\/tr>\n<tr>\n<td>Taille du produit<\/td>\n<td>45*87*244mm<\/td>\n<\/tr>\n<tr>\n<td>Poids de l'emballage<\/td>\n<td>13,35 kg\/200 pi\u00e8ces<\/td>\n<\/tr>\n<\/tbody>\n<\/table>\n<h3>Caract\u00e9ristiques principales :<\/h3>\n<ul>\n<li><strong>Bobine en maille efficace :<\/strong> Utilise une bobine de 1,2 ohm con\u00e7ue pour une diffusion optimale des ar\u00f4mes et une production r\u00e9guli\u00e8re de vapeur.<\/li>\n<li><strong>Compact E-Liquid Capacity :<\/strong> Dot\u00e9 d'un r\u00e9servoir de 13 ml pour une exp\u00e9rience de vapotage compacte mais satisfaisante avec jusqu'\u00e0 5 500 bouff\u00e9es.<\/li>\n<li><strong>Options de nicotine polyvalentes :<\/strong> Disponible en diff\u00e9rents taux de nicotine pour satisfaire les vapoteurs l\u00e9gers et les gros vapoteurs.<\/li>\n<li><strong>Conception conviviale :<\/strong> Facile \u00e0 utiliser et \u00e0 recharger gr\u00e2ce \u00e0 son port USB Type-C, il est id\u00e9al pour le vapotage en d\u00e9placement.<\/li>\n<li><strong>L\u00e9ger et portable :<\/strong> Pesant seulement 60 g, il est con\u00e7u pour \u00eatre portatif et facile \u00e0 manipuler.<\/li>\n<\/ul>\n<h3>Pourquoi choisir ELF BOX 5500 ?<\/h3>\n<p>La ELF BOX 5500 est parfaite pour ceux qui recherchent un dispositif de vapotage l\u00e9ger et portable qui ne fait aucun compromis sur la saveur ou la performance. Id\u00e9ale pour les vapoteurs qui appr\u00e9cient la commodit\u00e9 et la qualit\u00e9 sous une forme compacte.<\/p>","protected":false},"excerpt":{"rendered":"<p>La ELF BOX 5500 allie une construction l\u00e9g\u00e8re \u00e0 un fonctionnement sans probl\u00e8me, parfait pour une utilisation quotidienne. Sa production de vapeur en douceur et son design ergonomique en font un choix populaire pour les clients en gros.<\/p>","protected":false},"featured_media":9198,"comment_status":"open","ping_status":"closed","template":"","meta":[],"product_brand":[],"product_cat":[22],"product_tag":[472],"class_list":{"0":"post-8898","1":"product","2":"type-product","3":"status-publish","4":"has-post-thumbnail","6":"product_cat-disposable-vape-sticks","7":"product_tag-elf-box","9":"first","10":"instock","11":"sale","12":"shipping-taxable","13":"purchasable","14":"product-type-simple"},"jetpack_sharing_enabled":true,"tiered_pricing_type":"fixed","tiered_pricing_fixed_rules":{"500":7.9000000000000003552713678800500929355621337890625,"2000":7.79999999999999982236431605997495353221893310546875,"5000":7.5999999999999996447286321199499070644378662109375},"tiered_pricing_product_settings":{"layout":"default","base_unit_name":{"singular":null,"plural":null},"default_variation":null},"tiered_pricing_minimum_quantity":50,"tiered_pricing_roles_data":[],"tiered_pricing_percentage_rules":[],"tiered_pricing_maximum_quantity":null,"tiered_pricing_quantity_step":null,"_links":{"self":[{"href":"https:\/\/cloudsupplyvapes.com\/fr\/wp-json\/wp\/v2\/product\/8898","targetHints":{"allow":["GET"]}}],"collection":[{"href":"https:\/\/cloudsupplyvapes.com\/fr\/wp-json\/wp\/v2\/product"}],"about":[{"href":"https:\/\/cloudsupplyvapes.com\/fr\/wp-json\/wp\/v2\/types\/product"}],"replies":[{"embeddable":true,"href":"https:\/\/cloudsupplyvapes.com\/fr\/wp-json\/wp\/v2\/comments?post=8898"}],"wp:featuredmedia":[{"embeddable":true,"href":"https:\/\/cloudsupplyvapes.com\/fr\/wp-json\/wp\/v2\/media\/9198"}],"wp:attachment":[{"href":"https:\/\/cloudsupplyvapes.com\/fr\/wp-json\/wp\/v2\/media?parent=8898"}],"wp:term":[{"taxonomy":"product_brand","embeddable":true,"href":"https:\/\/cloudsupplyvapes.com\/fr\/wp-json\/wp\/v2\/product_brand?post=8898"},{"taxonomy":"product_cat","embeddable":true,"href":"https:\/\/cloudsupplyvapes.com\/fr\/wp-json\/wp\/v2\/product_cat?post=8898"},{"taxonomy":"product_tag","embeddable":true,"href":"https:\/\/cloudsupplyvapes.com\/fr\/wp-json\/wp\/v2\/product_tag?post=8898"}],"curies":[{"name":"wp","href":"https:\/\/api.w.org\/{rel}","templated":true}]}}