{"id":8899,"date":"2024-10-19T03:03:31","date_gmt":"2024-10-19T03:03:31","guid":{"rendered":"https:\/\/cloudsupplyvapes.com\/?post_type=product&#038;p=8899"},"modified":"2024-11-19T06:01:48","modified_gmt":"2024-11-19T06:01:48","slug":"-298","status":"publish","type":"product","link":"https:\/\/cloudsupplyvapes.com\/fr\/product\/elf-box-5000-disposable-wholesale\/","title":{"rendered":"ELF BOX 5000 Puffs Disposable Vape Wholesale - 5,000 Puffs, 10mL E-Liquid, Affordable and Reliable Pods in Bulk (Pods abordables et fiables en vrac)"},"content":{"rendered":"<h2>Options d'ar\u00f4mes :<\/h2>\n<ul>\n<li>Kiwi<\/li>\n<li>Kiwi Goyave Fruit de la passion<\/li>\n<li>Mangue de Malaisie<\/li>\n<\/ul>\n<h3>ELF BOX 5000 Sp\u00e9cifications<\/h3>\n<table>\n<thead>\n<tr>\n<th><strong>Fonctionnalit\u00e9<\/strong><\/th>\n<th><strong>Sp\u00e9cifications<\/strong><\/th>\n<\/tr>\n<\/thead>\n<tbody>\n<tr>\n<td>Puffs<\/td>\n<td>5 000 bouff\u00e9es<\/td>\n<\/tr>\n<tr>\n<td>C\u0153ur de m\u00e9tier<\/td>\n<td>Bobine en maille 1.2ohm<\/td>\n<\/tr>\n<tr>\n<td>Capacit\u00e9 en e-liquide<\/td>\n<td>12ml<\/td>\n<\/tr>\n<tr>\n<td>Intensit\u00e9 de la nicotine<\/td>\n<td>0%, 2%, 3%, 5%<\/td>\n<\/tr>\n<tr>\n<td>Capacit\u00e9 de la batterie<\/td>\n<td>16350-650mAh<\/td>\n<\/tr>\n<tr>\n<td>Rechargeable<\/td>\n<td>Type-C<\/td>\n<\/tr>\n<tr>\n<td>Poids du produit<\/td>\n<td>62g\/pcs<\/td>\n<\/tr>\n<tr>\n<td>Taille du produit<\/td>\n<td>22*49*98mm<\/td>\n<\/tr>\n<tr>\n<td>Poids de l'emballage<\/td>\n<td>13,5 kg\/200 pi\u00e8ces<\/td>\n<\/tr>\n<tr>\n<td>Taille du carton<\/td>\n<td>548*235*215mm<\/td>\n<\/tr>\n<\/tbody>\n<\/table>\n<h3>Caract\u00e9ristiques principales :<\/h3>\n<ul>\n<li><strong>Bobine \u00e0 mailles optimis\u00e9es :<\/strong> Dot\u00e9 d'une bobine de 1,2 ohm qui offre une excellente fid\u00e9lit\u00e9 des saveurs et une bonne consistance de la vapeur.<\/li>\n<li><strong>Compact E-Liquid Volume :<\/strong> \u00c9quip\u00e9 d'un r\u00e9servoir de 12 ml, id\u00e9al pour les sessions de vapotage prolong\u00e9es, jusqu'\u00e0 5 000 bouff\u00e9es.<\/li>\n<li><strong>Diff\u00e9rents niveaux de nicotine :<\/strong> Disponible en plusieurs concentrations de nicotine, il convient donc \u00e0 un large \u00e9ventail d'utilisateurs.<\/li>\n<li><strong>Recharge facile \u00e0 utiliser :<\/strong> Livr\u00e9 avec un port USB Type-C pour une recharge pratique et rapide.<\/li>\n<li><strong>L\u00e9ger et portable :<\/strong> Pesant seulement 62 g, il est con\u00e7u pour \u00eatre facilement transportable et utilisable en d\u00e9placement.<\/li>\n<\/ul>\n<h3>Pourquoi choisir ELF BOX 5000 ?<\/h3>\n<p>La ELF BOX 5000 allie fonctionnalit\u00e9 et simplicit\u00e9, offrant une exp\u00e9rience de vapotage directe et de haute qualit\u00e9, ax\u00e9e sur la saveur et la portabilit\u00e9. Id\u00e9ale pour les vapoteurs qui appr\u00e9cient une session de vapotage agr\u00e9able et sans tracas.<\/p>","protected":false},"excerpt":{"rendered":"<p>Am\u00e9liorez votre exp\u00e9rience de vapoteur avec la ELF BOX 5000, qui d\u00e9livre jusqu'\u00e0 5 000 bouff\u00e9es avec une capacit\u00e9 de 12 ml d'e-liquide. Cet appareil est dot\u00e9 d'une bobine \u00e0 haute efficacit\u00e9 et d'un design compact, ce qui le rend parfait pour les nouveaux vapoteurs et les vapoteurs exp\u00e9riment\u00e9s \u00e0 la recherche de qualit\u00e9 et de commodit\u00e9.<\/p>","protected":false},"featured_media":9199,"comment_status":"open","ping_status":"closed","template":"","meta":[],"product_brand":[],"product_cat":[22],"product_tag":[472],"class_list":{"0":"post-8899","1":"product","2":"type-product","3":"status-publish","4":"has-post-thumbnail","6":"product_cat-disposable-vape-sticks","7":"product_tag-elf-box","9":"first","10":"instock","11":"sale","12":"shipping-taxable","13":"purchasable","14":"product-type-simple"},"jetpack_sharing_enabled":true,"tiered_pricing_type":"fixed","tiered_pricing_fixed_rules":{"500":8,"2000":7.9000000000000003552713678800500929355621337890625,"5000":7.70000000000000017763568394002504646778106689453125},"tiered_pricing_product_settings":{"layout":"default","base_unit_name":{"singular":null,"plural":null},"default_variation":null},"tiered_pricing_minimum_quantity":50,"tiered_pricing_roles_data":[],"tiered_pricing_percentage_rules":[],"tiered_pricing_maximum_quantity":null,"tiered_pricing_quantity_step":null,"_links":{"self":[{"href":"https:\/\/cloudsupplyvapes.com\/fr\/wp-json\/wp\/v2\/product\/8899","targetHints":{"allow":["GET"]}}],"collection":[{"href":"https:\/\/cloudsupplyvapes.com\/fr\/wp-json\/wp\/v2\/product"}],"about":[{"href":"https:\/\/cloudsupplyvapes.com\/fr\/wp-json\/wp\/v2\/types\/product"}],"replies":[{"embeddable":true,"href":"https:\/\/cloudsupplyvapes.com\/fr\/wp-json\/wp\/v2\/comments?post=8899"}],"wp:featuredmedia":[{"embeddable":true,"href":"https:\/\/cloudsupplyvapes.com\/fr\/wp-json\/wp\/v2\/media\/9199"}],"wp:attachment":[{"href":"https:\/\/cloudsupplyvapes.com\/fr\/wp-json\/wp\/v2\/media?parent=8899"}],"wp:term":[{"taxonomy":"product_brand","embeddable":true,"href":"https:\/\/cloudsupplyvapes.com\/fr\/wp-json\/wp\/v2\/product_brand?post=8899"},{"taxonomy":"product_cat","embeddable":true,"href":"https:\/\/cloudsupplyvapes.com\/fr\/wp-json\/wp\/v2\/product_cat?post=8899"},{"taxonomy":"product_tag","embeddable":true,"href":"https:\/\/cloudsupplyvapes.com\/fr\/wp-json\/wp\/v2\/product_tag?post=8899"}],"curies":[{"name":"wp","href":"https:\/\/api.w.org\/{rel}","templated":true}]}}