{"id":8900,"date":"2024-10-19T03:03:31","date_gmt":"2024-10-19T03:03:31","guid":{"rendered":"https:\/\/cloudsupplyvapes.com\/?post_type=product&#038;p=8900"},"modified":"2024-11-19T06:36:18","modified_gmt":"2024-11-19T06:36:18","slug":"-299","status":"publish","type":"product","link":"https:\/\/cloudsupplyvapes.com\/fr\/product\/doloda-db7000-puff-disposable-vape-wholesale\/","title":{"rendered":"DOLODA DB7000 Puffs Vape jetable en gros - 7 000 bouff\u00e9es, capacit\u00e9 de 15 ml, conception anti-fuite, dosettes jetables en vrac"},"content":{"rendered":"<h2>Options d'ar\u00f4mes :<\/h2>\n<ul>\n<li>Fraise et banane<\/li>\n<li>Ours en gomme<\/li>\n<li>Glace luxuriante<\/li>\n<li>Glace de raisin<\/li>\n<li>Glace Blue Razz<\/li>\n<li>Pina Colada<\/li>\n<li>Past\u00e8que \u00e0 la fraise<\/li>\n<li>Pommes doubles<\/li>\n<\/ul>\n<h3>DOLODA DB7000 Specifications<\/h3>\n<table>\n<thead>\n<tr>\n<th><strong>Fonctionnalit\u00e9<\/strong><\/th>\n<th><strong>Sp\u00e9cifications<\/strong><\/th>\n<\/tr>\n<\/thead>\n<tbody>\n<tr>\n<td>Puffs<\/td>\n<td>7,000 puffs<\/td>\n<\/tr>\n<tr>\n<td>C\u0153ur de m\u00e9tier<\/td>\n<td>Bobine en maille 1.2ohm<\/td>\n<\/tr>\n<tr>\n<td>Capacit\u00e9 en e-liquide<\/td>\n<td>14ml<\/td>\n<\/tr>\n<tr>\n<td>Intensit\u00e9 de la nicotine<\/td>\n<td>0%, 2%, 3%, 5% (par d\u00e9faut)<\/td>\n<\/tr>\n<tr>\n<td>Capacit\u00e9 de la batterie<\/td>\n<td>13350-500mAh<\/td>\n<\/tr>\n<tr>\n<td>Rechargeable<\/td>\n<td>Type-C<\/td>\n<\/tr>\n<tr>\n<td>Poids du produit<\/td>\n<td>63g\/pcs<\/td>\n<\/tr>\n<tr>\n<td>Taille du produit<\/td>\n<td>25*55*98.5mm<\/td>\n<\/tr>\n<tr>\n<td>Poids de l'emballage<\/td>\n<td>13.75 kg\/200 pcs<\/td>\n<\/tr>\n<tr>\n<td>Taille du carton<\/td>\n<td>580*275*222mm<\/td>\n<\/tr>\n<\/tbody>\n<\/table>\n<h3>Caract\u00e9ristiques principales :<\/h3>\n<ul>\n<li><strong>High-Efficiency Mesh Coil:<\/strong> Equipped with a 1.2ohm mesh coil for enhanced flavor extraction and smooth vapor production.<\/li>\n<li><strong>Capacit\u00e9 g\u00e9n\u00e9reuse en E-Liquide :<\/strong> Offers a 14ml tank for up to 7,000 puffs, providing long-lasting vape sessions.<\/li>\n<li><strong>Diverses options de nicotine :<\/strong> Available in multiple nicotine strengths to suit a variety of user preferences.<\/li>\n<li><strong>Compact et portable :<\/strong> Lightweight and easy to carry, ideal for vaping on the go.<\/li>\n<li><strong>USB Type-C Recharging:<\/strong> Features a Type-C charging port for quick and convenient power-ups.<\/li>\n<\/ul>\n<h3>Why Choose DOLODA DB7000?<\/h3>\n<p>The DOLODA DB7000 is perfect for vapers looking for a high-capacity, long-lasting disposable vape that delivers rich flavors and robust performance in a sleek, portable package.<\/p>","protected":false},"excerpt":{"rendered":"<p>DOLODA DB7000 features innovative coil technology and a precision-engineered tank for exceptional vapor consistency. Its robust design is tailored for extended use and wholesale opportunities.<\/p>","protected":false},"featured_media":9200,"comment_status":"open","ping_status":"closed","template":"","meta":[],"product_brand":[],"product_cat":[22],"product_tag":[473],"class_list":{"0":"post-8900","1":"product","2":"type-product","3":"status-publish","4":"has-post-thumbnail","6":"product_cat-disposable-vape-sticks","7":"product_tag-doloda","9":"first","10":"instock","11":"sale","12":"shipping-taxable","13":"purchasable","14":"product-type-simple"},"jetpack_sharing_enabled":true,"tiered_pricing_type":"fixed","tiered_pricing_fixed_rules":{"500":7.9000000000000003552713678800500929355621337890625,"2000":7.79999999999999982236431605997495353221893310546875,"5000":7.5},"tiered_pricing_product_settings":{"layout":"default","base_unit_name":{"singular":null,"plural":null},"default_variation":null},"tiered_pricing_minimum_quantity":50,"tiered_pricing_roles_data":[],"tiered_pricing_percentage_rules":[],"tiered_pricing_maximum_quantity":null,"tiered_pricing_quantity_step":null,"_links":{"self":[{"href":"https:\/\/cloudsupplyvapes.com\/fr\/wp-json\/wp\/v2\/product\/8900","targetHints":{"allow":["GET"]}}],"collection":[{"href":"https:\/\/cloudsupplyvapes.com\/fr\/wp-json\/wp\/v2\/product"}],"about":[{"href":"https:\/\/cloudsupplyvapes.com\/fr\/wp-json\/wp\/v2\/types\/product"}],"replies":[{"embeddable":true,"href":"https:\/\/cloudsupplyvapes.com\/fr\/wp-json\/wp\/v2\/comments?post=8900"}],"wp:featuredmedia":[{"embeddable":true,"href":"https:\/\/cloudsupplyvapes.com\/fr\/wp-json\/wp\/v2\/media\/9200"}],"wp:attachment":[{"href":"https:\/\/cloudsupplyvapes.com\/fr\/wp-json\/wp\/v2\/media?parent=8900"}],"wp:term":[{"taxonomy":"product_brand","embeddable":true,"href":"https:\/\/cloudsupplyvapes.com\/fr\/wp-json\/wp\/v2\/product_brand?post=8900"},{"taxonomy":"product_cat","embeddable":true,"href":"https:\/\/cloudsupplyvapes.com\/fr\/wp-json\/wp\/v2\/product_cat?post=8900"},{"taxonomy":"product_tag","embeddable":true,"href":"https:\/\/cloudsupplyvapes.com\/fr\/wp-json\/wp\/v2\/product_tag?post=8900"}],"curies":[{"name":"wp","href":"https:\/\/api.w.org\/{rel}","templated":true}]}}