{"id":8902,"date":"2024-10-19T03:03:31","date_gmt":"2024-10-19T03:03:31","guid":{"rendered":"https:\/\/cloudsupplyvapes.com\/?post_type=product&#038;p=8902"},"modified":"2024-11-19T06:35:57","modified_gmt":"2024-11-19T06:35:57","slug":"-301","status":"publish","type":"product","link":"https:\/\/cloudsupplyvapes.com\/fr\/product\/doloda-extra-box-6000-puff-disposable-vape-wholesale\/","title":{"rendered":"DOLODA EXTRA BOX 6000 Puffs Vape jetable en gros - Batterie 600mAh, 12mL E-Liquid, Long-Lasting Pods for Bulk Orders"},"content":{"rendered":"<h2>Options d'ar\u00f4mes :<\/h2>\n<ul>\n<li>Glace luxuriante<\/li>\n<li>Fraise et banane<\/li>\n<li>Glace \u00e0 la menthe<\/li>\n<li>Bleu Razz<\/li>\n<li>Strawberry Apple Watermelon<\/li>\n<li>Limonade rose<\/li>\n<li>Banane glac\u00e9e<\/li>\n<li>Royal Cream<\/li>\n<li>P\u00eache Mangue Ananas<\/li>\n<li>Barbe \u00e0 papa<\/li>\n<\/ul>\n<h3>DOLODA EXTRA BOX Specifications<\/h3>\n<table>\n<thead>\n<tr>\n<th><strong>Fonctionnalit\u00e9<\/strong><\/th>\n<th><strong>Sp\u00e9cifications<\/strong><\/th>\n<\/tr>\n<\/thead>\n<tbody>\n<tr>\n<td>Puffs<\/td>\n<td>6,000 puffs<\/td>\n<\/tr>\n<tr>\n<td>C\u0153ur de m\u00e9tier<\/td>\n<td>Bobine en maille 1.2ohm<\/td>\n<\/tr>\n<tr>\n<td>Capacit\u00e9 en e-liquide<\/td>\n<td>12ml<\/td>\n<\/tr>\n<tr>\n<td>Intensit\u00e9 de la nicotine<\/td>\n<td>2%, 5%(default)<\/td>\n<\/tr>\n<tr>\n<td>Capacit\u00e9 de la batterie<\/td>\n<td>650mAh<\/td>\n<\/tr>\n<tr>\n<td>Rechargeable<\/td>\n<td>Type-C<\/td>\n<\/tr>\n<tr>\n<td>Flux d'air r\u00e9glable<\/td>\n<td>Oui<\/td>\n<\/tr>\n<tr>\n<td>Poids du produit<\/td>\n<td>73.2g\/pcs<\/td>\n<\/tr>\n<tr>\n<td>Taille du produit<\/td>\n<td>26*48.5*103mm<\/td>\n<\/tr>\n<tr>\n<td>Poids de l'emballage<\/td>\n<td>16.2 kg\/200 pcs<\/td>\n<\/tr>\n<tr>\n<td>Taille du carton<\/td>\n<td>530*310*230mm<\/td>\n<\/tr>\n<\/tbody>\n<\/table>\n<h3>Caract\u00e9ristiques principales :<\/h3>\n<ul>\n<li><strong>Bobine en maille avanc\u00e9e :<\/strong> Utilizes a 1.2ohm mesh coil designed for optimal flavor enhancement and consistent vapor production.<\/li>\n<li><strong>Adjustable Airflow System:<\/strong> Allows for personal customization of the vaping experience, adjusting the draw resistance to suit individual preferences.<\/li>\n<li><strong>Capacit\u00e9 g\u00e9n\u00e9reuse en E-Liquide :<\/strong> Features a 12ml tank to support up to 6,000 puffs, perfect for prolonged vaping sessions.<\/li>\n<li><strong>Versatile Nicotine Strengths:<\/strong> Available in 2% and 5% nicotine options to cater to different user requirements.<\/li>\n<li><strong>Portable and Ergonomic:<\/strong> Compact and easy to handle, making it ideal for on-the-go vaping.<\/li>\n<\/ul>\n<h3>Why Choose DOLODA EXTRA BOX?<\/h3>\n<p>The DOLODA EXTRA BOX stands out for its excellent performance, customizable airflow, and a wide range of delicious flavors. It&#8217;s designed for vapers who value flexibility and quality in their vaping experience.<\/p>","protected":false},"excerpt":{"rendered":"<p>DOLODA EXTRA BOX delivers superior vapor production with its high-efficiency coil and long-lasting battery. Designed for consistent performance, it\u2019s ideal for heavy vapers and bulk distributors.<\/p>","protected":false},"featured_media":9202,"comment_status":"open","ping_status":"closed","template":"","meta":[],"product_brand":[],"product_cat":[22],"product_tag":[473],"class_list":{"0":"post-8902","1":"product","2":"type-product","3":"status-publish","4":"has-post-thumbnail","6":"product_cat-disposable-vape-sticks","7":"product_tag-doloda","9":"first","10":"instock","11":"sale","12":"shipping-taxable","13":"purchasable","14":"product-type-simple"},"jetpack_sharing_enabled":true,"tiered_pricing_type":"fixed","tiered_pricing_fixed_rules":{"500":7.9000000000000003552713678800500929355621337890625,"2000":7.79999999999999982236431605997495353221893310546875,"5000":7.5999999999999996447286321199499070644378662109375},"tiered_pricing_product_settings":{"layout":"default","base_unit_name":{"singular":null,"plural":null},"default_variation":null},"tiered_pricing_minimum_quantity":50,"tiered_pricing_roles_data":[],"tiered_pricing_percentage_rules":[],"tiered_pricing_maximum_quantity":null,"tiered_pricing_quantity_step":null,"_links":{"self":[{"href":"https:\/\/cloudsupplyvapes.com\/fr\/wp-json\/wp\/v2\/product\/8902","targetHints":{"allow":["GET"]}}],"collection":[{"href":"https:\/\/cloudsupplyvapes.com\/fr\/wp-json\/wp\/v2\/product"}],"about":[{"href":"https:\/\/cloudsupplyvapes.com\/fr\/wp-json\/wp\/v2\/types\/product"}],"replies":[{"embeddable":true,"href":"https:\/\/cloudsupplyvapes.com\/fr\/wp-json\/wp\/v2\/comments?post=8902"}],"wp:featuredmedia":[{"embeddable":true,"href":"https:\/\/cloudsupplyvapes.com\/fr\/wp-json\/wp\/v2\/media\/9202"}],"wp:attachment":[{"href":"https:\/\/cloudsupplyvapes.com\/fr\/wp-json\/wp\/v2\/media?parent=8902"}],"wp:term":[{"taxonomy":"product_brand","embeddable":true,"href":"https:\/\/cloudsupplyvapes.com\/fr\/wp-json\/wp\/v2\/product_brand?post=8902"},{"taxonomy":"product_cat","embeddable":true,"href":"https:\/\/cloudsupplyvapes.com\/fr\/wp-json\/wp\/v2\/product_cat?post=8902"},{"taxonomy":"product_tag","embeddable":true,"href":"https:\/\/cloudsupplyvapes.com\/fr\/wp-json\/wp\/v2\/product_tag?post=8902"}],"curies":[{"name":"wp","href":"https:\/\/api.w.org\/{rel}","templated":true}]}}