{"id":8903,"date":"2024-10-19T03:03:31","date_gmt":"2024-10-19T03:03:31","guid":{"rendered":"https:\/\/cloudsupplyvapes.com\/?post_type=product&#038;p=8903"},"modified":"2024-11-19T06:35:48","modified_gmt":"2024-11-19T06:35:48","slug":"-302","status":"publish","type":"product","link":"https:\/\/cloudsupplyvapes.com\/fr\/product\/doloda-mini-bar-800-puff-disposable-vape-wholesale\/","title":{"rendered":"DOLODA Mini Bar 800 Puffs Vape jetable en gros - Capacit\u00e9 de 2mL, compact et ultra-portable, pr\u00eat pour les achats en gros"},"content":{"rendered":"<h2>Options d'ar\u00f4mes :<\/h2>\n<ul>\n<li>Glace luxuriante<\/li>\n<li>Pomme acide<\/li>\n<li>Glace \u00e0 la menthe<\/li>\n<li>Glace Blue Razz<\/li>\n<li>Mango Melon Ice<\/li>\n<li>Yogourt \u00e0 la fraise<\/li>\n<li>Banane glac\u00e9e<\/li>\n<li>Glace \u00e0 la p\u00eache<\/li>\n<li>Pina Colada<\/li>\n<li>Alo\u00e8s raisin<\/li>\n<\/ul>\n<h3>DOLODA Mini Bar Specifications<\/h3>\n<table>\n<thead>\n<tr>\n<th><strong>Fonctionnalit\u00e9<\/strong><\/th>\n<th><strong>Sp\u00e9cifications<\/strong><\/th>\n<\/tr>\n<\/thead>\n<tbody>\n<tr>\n<td>Puffs<\/td>\n<td>800 bouff\u00e9es<\/td>\n<\/tr>\n<tr>\n<td>C\u0153ur de m\u00e9tier<\/td>\n<td>Bobine en maille 1.2ohm<\/td>\n<\/tr>\n<tr>\n<td>Capacit\u00e9 en e-liquide<\/td>\n<td>2.5ml<\/td>\n<\/tr>\n<tr>\n<td>Intensit\u00e9 de la nicotine<\/td>\n<td>2%, 5%<\/td>\n<\/tr>\n<tr>\n<td>Capacit\u00e9 de la batterie<\/td>\n<td>480mAh<\/td>\n<\/tr>\n<tr>\n<td>Poids du produit<\/td>\n<td>35.5g\/pcs<\/td>\n<\/tr>\n<tr>\n<td>Taille du produit<\/td>\n<td>121.5*24.5*24.5mm<\/td>\n<\/tr>\n<tr>\n<td>Poids de l'emballage<\/td>\n<td>15.5 kg\/400 pcs<\/td>\n<\/tr>\n<tr>\n<td>Taille du carton<\/td>\n<td>546*265*270mm<\/td>\n<\/tr>\n<\/tbody>\n<\/table>\n<h3>Caract\u00e9ristiques principales :<\/h3>\n<ul>\n<li><strong>Compact and Lightweight:<\/strong> Designed for portability and ease of use, ideal for on-the-go vaping.<\/li>\n<li><strong>Bobine en maille efficace :<\/strong> Features a 1.2ohm mesh coil that ensures rich flavor and smooth vapor production.<\/li>\n<li><strong>Options de nicotine pratiques :<\/strong> Available in 2% and 5% nicotine strengths to suit varying preferences.<\/li>\n<li><strong>Discrete Vaping:<\/strong> Small size makes it discreet and easy to carry, perfect for subtle use.<\/li>\n<li><strong>Large gamme d'ar\u00f4mes :<\/strong> Offers a diverse selection of flavors to cater to all tastes, from fruity to creamy.<\/li>\n<\/ul>\n<h3>Why Choose DOLODA Mini Bar?<\/h3>\n<p>The DOLODA Mini Bar is perfect for those who prefer a compact, easy-to-use device that doesn&#8217;t compromise on flavor. It&#8217;s an excellent choice for casual vapers or those looking for a convenient option for travel or occasional use.<\/p>","protected":false},"excerpt":{"rendered":"<p>DOLODA Mini Bar excels in portability and design. With its durable frame and effortless operation, this device is tailored for convenient vaping and high-demand bulk orders.<\/p>","protected":false},"featured_media":9203,"comment_status":"open","ping_status":"closed","template":"","meta":[],"product_brand":[],"product_cat":[22],"product_tag":[473],"class_list":{"0":"post-8903","1":"product","2":"type-product","3":"status-publish","4":"has-post-thumbnail","6":"product_cat-disposable-vape-sticks","7":"product_tag-doloda","9":"first","10":"instock","11":"sale","12":"shipping-taxable","13":"purchasable","14":"product-type-simple"},"jetpack_sharing_enabled":true,"tiered_pricing_type":"fixed","tiered_pricing_fixed_rules":{"500":7.0999999999999996447286321199499070644378662109375,"2000":7,"5000":6.9000000000000003552713678800500929355621337890625},"tiered_pricing_product_settings":{"layout":"default","base_unit_name":{"singular":null,"plural":null},"default_variation":null},"tiered_pricing_minimum_quantity":50,"tiered_pricing_roles_data":[],"tiered_pricing_percentage_rules":[],"tiered_pricing_maximum_quantity":null,"tiered_pricing_quantity_step":null,"_links":{"self":[{"href":"https:\/\/cloudsupplyvapes.com\/fr\/wp-json\/wp\/v2\/product\/8903","targetHints":{"allow":["GET"]}}],"collection":[{"href":"https:\/\/cloudsupplyvapes.com\/fr\/wp-json\/wp\/v2\/product"}],"about":[{"href":"https:\/\/cloudsupplyvapes.com\/fr\/wp-json\/wp\/v2\/types\/product"}],"replies":[{"embeddable":true,"href":"https:\/\/cloudsupplyvapes.com\/fr\/wp-json\/wp\/v2\/comments?post=8903"}],"wp:featuredmedia":[{"embeddable":true,"href":"https:\/\/cloudsupplyvapes.com\/fr\/wp-json\/wp\/v2\/media\/9203"}],"wp:attachment":[{"href":"https:\/\/cloudsupplyvapes.com\/fr\/wp-json\/wp\/v2\/media?parent=8903"}],"wp:term":[{"taxonomy":"product_brand","embeddable":true,"href":"https:\/\/cloudsupplyvapes.com\/fr\/wp-json\/wp\/v2\/product_brand?post=8903"},{"taxonomy":"product_cat","embeddable":true,"href":"https:\/\/cloudsupplyvapes.com\/fr\/wp-json\/wp\/v2\/product_cat?post=8903"},{"taxonomy":"product_tag","embeddable":true,"href":"https:\/\/cloudsupplyvapes.com\/fr\/wp-json\/wp\/v2\/product_tag?post=8903"}],"curies":[{"name":"wp","href":"https:\/\/api.w.org\/{rel}","templated":true}]}}