{"id":8904,"date":"2024-10-19T03:03:32","date_gmt":"2024-10-19T03:03:32","guid":{"rendered":"https:\/\/cloudsupplyvapes.com\/?post_type=product&#038;p=8904"},"modified":"2024-11-19T06:35:38","modified_gmt":"2024-11-19T06:35:38","slug":"-303","status":"publish","type":"product","link":"https:\/\/cloudsupplyvapes.com\/fr\/product\/elf-box-crystal-bar-600-puff-disposable-vape-wholesale\/","title":{"rendered":"ELF BOX Crystal Bar 600 Puffs Vape jetable en gros - R\u00e9servoir 2mL, Finition cristal \u00e9pur\u00e9e, Vapes Crystal Bar en gros abordables"},"content":{"rendered":"<h2>Options d'ar\u00f4mes :<\/h2>\n<ul>\n<li>Glace \u00e0 la cerise<\/li>\n<li>Glace \u00e0 la fraise<\/li>\n<li>Glace de raisin<\/li>\n<li>Baies m\u00e9lang\u00e9es<\/li>\n<li>Glace aux myrtilles<\/li>\n<li>Glace \u00e0 la past\u00e8que<\/li>\n<li>Past\u00e8que \u00e0 la fraise<\/li>\n<li>Bleu Razz<\/li>\n<li>Glace \u00e0 la p\u00eache<\/li>\n<li>Kiwi Fruit de la passion<\/li>\n<\/ul>\n<h3>ELF BOX Crystal Bar Sp\u00e9cifications<\/h3>\n<table>\n<thead>\n<tr>\n<th><strong>Fonctionnalit\u00e9<\/strong><\/th>\n<th><strong>Sp\u00e9cifications<\/strong><\/th>\n<\/tr>\n<\/thead>\n<tbody>\n<tr>\n<td>Puffs<\/td>\n<td>600 bouff\u00e9es<\/td>\n<\/tr>\n<tr>\n<td>C\u0153ur de m\u00e9tier<\/td>\n<td>1,6ohm<\/td>\n<\/tr>\n<tr>\n<td>Capacit\u00e9 en e-liquide<\/td>\n<td>2ml<\/td>\n<\/tr>\n<tr>\n<td>Intensit\u00e9 de la nicotine<\/td>\n<td>0%, 2%, 5%<\/td>\n<\/tr>\n<tr>\n<td>Capacit\u00e9 de la batterie<\/td>\n<td>500mAh<\/td>\n<\/tr>\n<tr>\n<td>Poids du produit<\/td>\n<td>38g<\/td>\n<\/tr>\n<tr>\n<td>Taille du produit<\/td>\n<td>25*47*77mm<\/td>\n<\/tr>\n<tr>\n<td>Poids de l'emballage<\/td>\n<td>17,52 kg\/400 pi\u00e8ces<\/td>\n<\/tr>\n<tr>\n<td>Taille du carton<\/td>\n<td>548*235*215mm<\/td>\n<\/tr>\n<\/tbody>\n<\/table>\n<h3>Caract\u00e9ristiques principales :<\/h3>\n<ul>\n<li><strong>Compact et efficace :<\/strong> Con\u00e7u pour une utilisation facile et un profil discret, id\u00e9al pour les nouveaux vapoteurs et les vapoteurs exp\u00e9riment\u00e9s.<\/li>\n<li><strong>Noyau \u00e0 haute r\u00e9sistance :<\/strong> Utilise une bobine de 1,6 ohm qui est optimis\u00e9e pour la r\u00e9tention des ar\u00f4mes et la fluidit\u00e9 du vapotage.<\/li>\n<li><strong>Options de nicotine pratiques :<\/strong> Disponible dans les taux de nicotine 0%, 2% et 5% pour r\u00e9pondre \u00e0 un large \u00e9ventail de pr\u00e9f\u00e9rences.<\/li>\n<li><strong>Portable et l\u00e9ger :<\/strong> Il ne p\u00e8se que 38 g, ce qui le rend exceptionnellement facile \u00e0 transporter et \u00e0 utiliser en d\u00e9placement.<\/li>\n<li><strong>Gamme de saveurs d\u00e9licieuses :<\/strong> Offre une vari\u00e9t\u00e9 de saveurs pour garantir une exp\u00e9rience de vapotage agr\u00e9able pour tous les utilisateurs.<\/li>\n<\/ul>\n<h3>Pourquoi choisir ELF BOX Crystal Bar ?<\/h3>\n<p>Le ELF BOX Crystal Bar est parfait pour les vapoteurs \u00e0 la recherche d'une exp\u00e9rience de vapotage simple et sans chichis, avec un design compact et une vari\u00e9t\u00e9 de choix d'ar\u00f4mes. C'est un excellent choix pour ceux qui privil\u00e9gient la commodit\u00e9 et la vari\u00e9t\u00e9 des saveurs dans une vape jetable.<\/p>","protected":false},"excerpt":{"rendered":"<p>L'ELF BOX Crystal Bar se distingue par son esth\u00e9tique moderne et sa structure compacte. Ce pod l\u00e9ger est con\u00e7u pour des tirages en douceur et constitue un choix populaire pour les acheteurs en gros.<\/p>","protected":false},"featured_media":9204,"comment_status":"open","ping_status":"closed","template":"","meta":[],"product_brand":[],"product_cat":[22],"product_tag":[472],"class_list":{"0":"post-8904","1":"product","2":"type-product","3":"status-publish","4":"has-post-thumbnail","6":"product_cat-disposable-vape-sticks","7":"product_tag-elf-box","9":"first","10":"instock","11":"sale","12":"shipping-taxable","13":"purchasable","14":"product-type-simple"},"jetpack_sharing_enabled":true,"tiered_pricing_type":"fixed","tiered_pricing_fixed_rules":{"500":6.79999999999999982236431605997495353221893310546875,"2000":6.70000000000000017763568394002504646778106689453125,"5000":6.5},"tiered_pricing_product_settings":{"layout":"default","base_unit_name":{"singular":null,"plural":null},"default_variation":null},"tiered_pricing_minimum_quantity":50,"tiered_pricing_roles_data":[],"tiered_pricing_percentage_rules":[],"tiered_pricing_maximum_quantity":null,"tiered_pricing_quantity_step":null,"_links":{"self":[{"href":"https:\/\/cloudsupplyvapes.com\/fr\/wp-json\/wp\/v2\/product\/8904","targetHints":{"allow":["GET"]}}],"collection":[{"href":"https:\/\/cloudsupplyvapes.com\/fr\/wp-json\/wp\/v2\/product"}],"about":[{"href":"https:\/\/cloudsupplyvapes.com\/fr\/wp-json\/wp\/v2\/types\/product"}],"replies":[{"embeddable":true,"href":"https:\/\/cloudsupplyvapes.com\/fr\/wp-json\/wp\/v2\/comments?post=8904"}],"wp:featuredmedia":[{"embeddable":true,"href":"https:\/\/cloudsupplyvapes.com\/fr\/wp-json\/wp\/v2\/media\/9204"}],"wp:attachment":[{"href":"https:\/\/cloudsupplyvapes.com\/fr\/wp-json\/wp\/v2\/media?parent=8904"}],"wp:term":[{"taxonomy":"product_brand","embeddable":true,"href":"https:\/\/cloudsupplyvapes.com\/fr\/wp-json\/wp\/v2\/product_brand?post=8904"},{"taxonomy":"product_cat","embeddable":true,"href":"https:\/\/cloudsupplyvapes.com\/fr\/wp-json\/wp\/v2\/product_cat?post=8904"},{"taxonomy":"product_tag","embeddable":true,"href":"https:\/\/cloudsupplyvapes.com\/fr\/wp-json\/wp\/v2\/product_tag?post=8904"}],"curies":[{"name":"wp","href":"https:\/\/api.w.org\/{rel}","templated":true}]}}