{"id":8905,"date":"2024-10-19T03:03:32","date_gmt":"2024-10-19T03:03:32","guid":{"rendered":"https:\/\/cloudsupplyvapes.com\/?post_type=product&#038;p=8905"},"modified":"2024-11-19T06:35:29","modified_gmt":"2024-11-19T06:35:29","slug":"-304","status":"publish","type":"product","link":"https:\/\/cloudsupplyvapes.com\/fr\/product\/elf-box-600-puff-disposable-vape-wholesale\/","title":{"rendered":"ELF BOX 600 Puffs Vape jetable en gros - 2mL E-Liquid, Compact Design, Beginner-Friendly, Bulk Pods for Resale (Pods en gros pour la revente)"},"content":{"rendered":"<h2>Options d'ar\u00f4mes :<\/h2>\n<ul>\n<li>Fraise et banane<\/li>\n<li>Glace \u00e0 la menthe<\/li>\n<li>Bleu Razz<\/li>\n<li>Cherry Blossom Grape<\/li>\n<li>Kiwi Sour Plum<\/li>\n<li>Gomme \u00e0 m\u00e2cher \u00e0 la past\u00e8que<\/li>\n<li>Pineapple Lemon<\/li>\n<li>Glace \u00e0 la p\u00eache<\/li>\n<li>Orange Vodka<\/li>\n<li>Banane glac\u00e9e<\/li>\n<\/ul>\n<h3>ELF BOX 600 Specifications<\/h3>\n<table>\n<thead>\n<tr>\n<th><strong>Fonctionnalit\u00e9<\/strong><\/th>\n<th><strong>Sp\u00e9cifications<\/strong><\/th>\n<\/tr>\n<\/thead>\n<tbody>\n<tr>\n<td>Puffs<\/td>\n<td>600 bouff\u00e9es<\/td>\n<\/tr>\n<tr>\n<td>C\u0153ur de m\u00e9tier<\/td>\n<td>1,6ohm<\/td>\n<\/tr>\n<tr>\n<td>Capacit\u00e9 en e-liquide<\/td>\n<td>2ml<\/td>\n<\/tr>\n<tr>\n<td>Intensit\u00e9 de la nicotine<\/td>\n<td>0%, 2%, 3%, 5% (par d\u00e9faut)<\/td>\n<\/tr>\n<tr>\n<td>Capacit\u00e9 de la batterie<\/td>\n<td>450mAh<\/td>\n<\/tr>\n<tr>\n<td>Poids du produit<\/td>\n<td>38g<\/td>\n<\/tr>\n<tr>\n<td>Taille du produit<\/td>\n<td>25*47*77mm<\/td>\n<\/tr>\n<tr>\n<td>Poids de l'emballage<\/td>\n<td>17,52 kg\/400 pi\u00e8ces<\/td>\n<\/tr>\n<tr>\n<td>Taille du carton<\/td>\n<td>548*235*215mm<\/td>\n<\/tr>\n<\/tbody>\n<\/table>\n<h3>Caract\u00e9ristiques principales :<\/h3>\n<ul>\n<li><strong>Compact et efficace :<\/strong> Designed for ease of use with a high-resistance core, ideal for delivering a smooth vaping experience.<\/li>\n<li><strong>Des forces de nicotine vari\u00e9es :<\/strong> Offers multiple nicotine levels to suit different preferences, ensuring a customizable experience.<\/li>\n<li><strong>Conception l\u00e9g\u00e8re :<\/strong> Easy to carry and use, perfect for both new and experienced vapers looking for a portable solution.<\/li>\n<li><strong>S\u00e9lection de saveurs vari\u00e9es :<\/strong> Available in a variety of unique flavors to cater to all tastes, from fruity to refreshing.<\/li>\n<\/ul>\n<h3>Why Choose ELF BOX 600?<\/h3>\n<p>The ELF BOX 600 is perfect for those seeking a convenient, no-fuss vaping option with a variety of flavors. Its compact size and sufficient puff count make it ideal for on-the-go use, providing a satisfying vape experience with every puff.<\/p>","protected":false},"excerpt":{"rendered":"<p>ELF BOX 600 combines simplicity with performance. Its draw-activated system and slim design make it perfect for first-time users, providing an effortless vaping experience for daily use.<\/p>","protected":false},"featured_media":9205,"comment_status":"open","ping_status":"closed","template":"","meta":[],"product_brand":[],"product_cat":[22],"product_tag":[472],"class_list":{"0":"post-8905","1":"product","2":"type-product","3":"status-publish","4":"has-post-thumbnail","6":"product_cat-disposable-vape-sticks","7":"product_tag-elf-box","9":"first","10":"instock","11":"sale","12":"shipping-taxable","13":"purchasable","14":"product-type-simple"},"jetpack_sharing_enabled":true,"tiered_pricing_type":"fixed","tiered_pricing_fixed_rules":{"500":6.70000000000000017763568394002504646778106689453125,"2000":6.5999999999999996447286321199499070644378662109375,"5000":6.29999999999999982236431605997495353221893310546875},"tiered_pricing_product_settings":{"layout":"default","base_unit_name":{"singular":null,"plural":null},"default_variation":null},"tiered_pricing_minimum_quantity":50,"tiered_pricing_roles_data":[],"tiered_pricing_percentage_rules":[],"tiered_pricing_maximum_quantity":null,"tiered_pricing_quantity_step":null,"_links":{"self":[{"href":"https:\/\/cloudsupplyvapes.com\/fr\/wp-json\/wp\/v2\/product\/8905","targetHints":{"allow":["GET"]}}],"collection":[{"href":"https:\/\/cloudsupplyvapes.com\/fr\/wp-json\/wp\/v2\/product"}],"about":[{"href":"https:\/\/cloudsupplyvapes.com\/fr\/wp-json\/wp\/v2\/types\/product"}],"replies":[{"embeddable":true,"href":"https:\/\/cloudsupplyvapes.com\/fr\/wp-json\/wp\/v2\/comments?post=8905"}],"wp:featuredmedia":[{"embeddable":true,"href":"https:\/\/cloudsupplyvapes.com\/fr\/wp-json\/wp\/v2\/media\/9205"}],"wp:attachment":[{"href":"https:\/\/cloudsupplyvapes.com\/fr\/wp-json\/wp\/v2\/media?parent=8905"}],"wp:term":[{"taxonomy":"product_brand","embeddable":true,"href":"https:\/\/cloudsupplyvapes.com\/fr\/wp-json\/wp\/v2\/product_brand?post=8905"},{"taxonomy":"product_cat","embeddable":true,"href":"https:\/\/cloudsupplyvapes.com\/fr\/wp-json\/wp\/v2\/product_cat?post=8905"},{"taxonomy":"product_tag","embeddable":true,"href":"https:\/\/cloudsupplyvapes.com\/fr\/wp-json\/wp\/v2\/product_tag?post=8905"}],"curies":[{"name":"wp","href":"https:\/\/api.w.org\/{rel}","templated":true}]}}