{"id":8906,"date":"2024-10-19T03:03:32","date_gmt":"2024-10-19T03:03:32","guid":{"rendered":"https:\/\/cloudsupplyvapes.com\/?post_type=product&#038;p=8906"},"modified":"2024-11-19T06:35:20","modified_gmt":"2024-11-19T06:35:20","slug":"-305","status":"publish","type":"product","link":"https:\/\/cloudsupplyvapes.com\/fr\/product\/poco-bm7000-puffs-disposable-vape-wholesale-germany-europe-and-usa-local-warehouse-in-stock\/","title":{"rendered":"POCO BM7000 Puffs Vape jetable en gros - 7 000 bouff\u00e9es, capacit\u00e9 de 13 ml, rechargeable, nombre de bouff\u00e9es \u00e9lev\u00e9 pour les commandes en gros"},"content":{"rendered":"<h2>Options d'ar\u00f4mes :<\/h2>\n<ul>\n<li>Past\u00e8que \u00e0 la fraise<\/li>\n<li>Banane, baie, fruit du dragon<\/li>\n<li>Canneberge Raisin<\/li>\n<li>Menthe fra\u00eeche<\/li>\n<li>Myrtille Framboise<\/li>\n<li>Barbe \u00e0 papa aux myrtilles<\/li>\n<li>Glace \u00e0 la p\u00eache<\/li>\n<li>Fraise Mangue<\/li>\n<li>Fruit de la passion Kiwi Goyave<\/li>\n<li>Glace aux myrtilles<\/li>\n<\/ul>\n<h3>POCO BM7000 Sp\u00e9cifications<\/h3>\n<table>\n<thead>\n<tr>\n<th><strong>Fonctionnalit\u00e9<\/strong><\/th>\n<th><strong>Sp\u00e9cifications<\/strong><\/th>\n<\/tr>\n<\/thead>\n<tbody>\n<tr>\n<td>Capacit\u00e9<\/td>\n<td>17ml<\/td>\n<\/tr>\n<tr>\n<td>Intensit\u00e9 de la nicotine<\/td>\n<td>5%<\/td>\n<\/tr>\n<tr>\n<td>Capacit\u00e9 de la batterie<\/td>\n<td>850mAh<\/td>\n<\/tr>\n<tr>\n<td>Rechargeable<\/td>\n<td>Type-C<\/td>\n<\/tr>\n<tr>\n<td>Puffs<\/td>\n<td>7000 bouff\u00e9es<\/td>\n<\/tr>\n<tr>\n<td>Poids du produit<\/td>\n<td>Calcul\u00e9 lors de la commande en fonction de la quantit\u00e9 et du lieu d'exp\u00e9dition.<\/td>\n<\/tr>\n<\/tbody>\n<\/table>\n<h3>Caract\u00e9ristiques principales :<\/h3>\n<ul>\n<li><strong>Grande capacit\u00e9 d'e-liquide :<\/strong> Le r\u00e9servoir d'e-liquide de 17 ml permet d'obtenir jusqu'\u00e0 7 000 bouff\u00e9es, ce qui le rend tr\u00e8s efficace pour une utilisation prolong\u00e9e.<\/li>\n<li><strong>Batterie haute performance :<\/strong> \u00c9quip\u00e9 d'une batterie de 850mAh, il garantit des sessions de vapotage de longue dur\u00e9e avec un rendement constant.<\/li>\n<li><strong>USB Type-C Chargement :<\/strong> Livr\u00e9 avec un port Type-C pour une charge rapide et pratique, r\u00e9duisant consid\u00e9rablement les temps d'arr\u00eat.<\/li>\n<li><strong>Large gamme d'ar\u00f4mes :<\/strong> Offre une s\u00e9lection vari\u00e9e de saveurs, du fruit\u00e9 au menthol\u00e9, r\u00e9pondant \u00e0 toutes les pr\u00e9f\u00e9rences.<\/li>\n<\/ul>\n<h3>Pourquoi choisir POCO BM7000 ?<\/h3>\n<p>Le POCO BM7000 se distingue par sa grande capacit\u00e9 d'e-liquide et sa puissante batterie, offrant une exp\u00e9rience de vapotage fiable et agr\u00e9able. Il est parfait pour les vapoteurs qui recherchent un appareil jetable de grande capacit\u00e9 qui offre \u00e0 la fois vari\u00e9t\u00e9 et long\u00e9vit\u00e9.<\/p>","protected":false},"excerpt":{"rendered":"<p>Gr\u00e2ce \u00e0 l'efficacit\u00e9 accrue de la batterie et \u00e0 la conception du r\u00e9servoir, le POCO BM7000 offre une fonctionnalit\u00e9 sans faille. Son poids l\u00e9ger s'adresse aux utilisateurs nomades et aux acheteurs en gros \u00e0 la recherche d'appareils fiables.<\/p>","protected":false},"featured_media":9206,"comment_status":"open","ping_status":"closed","template":"","meta":[],"product_brand":[],"product_cat":[22],"product_tag":[474],"class_list":{"0":"post-8906","1":"product","2":"type-product","3":"status-publish","4":"has-post-thumbnail","6":"product_cat-disposable-vape-sticks","7":"product_tag-poco","9":"first","10":"instock","11":"sale","12":"shipping-taxable","13":"purchasable","14":"product-type-simple"},"jetpack_sharing_enabled":true,"tiered_pricing_type":"fixed","tiered_pricing_fixed_rules":{"500":6.70000000000000017763568394002504646778106689453125,"2000":6.5999999999999996447286321199499070644378662109375,"5000":6.5},"tiered_pricing_product_settings":{"layout":"default","base_unit_name":{"singular":null,"plural":null},"default_variation":null},"tiered_pricing_minimum_quantity":50,"tiered_pricing_roles_data":[],"tiered_pricing_percentage_rules":[],"tiered_pricing_maximum_quantity":null,"tiered_pricing_quantity_step":null,"_links":{"self":[{"href":"https:\/\/cloudsupplyvapes.com\/fr\/wp-json\/wp\/v2\/product\/8906","targetHints":{"allow":["GET"]}}],"collection":[{"href":"https:\/\/cloudsupplyvapes.com\/fr\/wp-json\/wp\/v2\/product"}],"about":[{"href":"https:\/\/cloudsupplyvapes.com\/fr\/wp-json\/wp\/v2\/types\/product"}],"replies":[{"embeddable":true,"href":"https:\/\/cloudsupplyvapes.com\/fr\/wp-json\/wp\/v2\/comments?post=8906"}],"wp:featuredmedia":[{"embeddable":true,"href":"https:\/\/cloudsupplyvapes.com\/fr\/wp-json\/wp\/v2\/media\/9206"}],"wp:attachment":[{"href":"https:\/\/cloudsupplyvapes.com\/fr\/wp-json\/wp\/v2\/media?parent=8906"}],"wp:term":[{"taxonomy":"product_brand","embeddable":true,"href":"https:\/\/cloudsupplyvapes.com\/fr\/wp-json\/wp\/v2\/product_brand?post=8906"},{"taxonomy":"product_cat","embeddable":true,"href":"https:\/\/cloudsupplyvapes.com\/fr\/wp-json\/wp\/v2\/product_cat?post=8906"},{"taxonomy":"product_tag","embeddable":true,"href":"https:\/\/cloudsupplyvapes.com\/fr\/wp-json\/wp\/v2\/product_tag?post=8906"}],"curies":[{"name":"wp","href":"https:\/\/api.w.org\/{rel}","templated":true}]}}