{"id":8907,"date":"2024-10-19T03:03:32","date_gmt":"2024-10-19T03:03:32","guid":{"rendered":"https:\/\/cloudsupplyvapes.com\/?post_type=product&#038;p=8907"},"modified":"2024-11-19T06:35:10","modified_gmt":"2024-11-19T06:35:10","slug":"-306","status":"publish","type":"product","link":"https:\/\/cloudsupplyvapes.com\/fr\/product\/poco-be5000-puffs-disposable-vape-wholesale-germany-europe-and-usa-local-warehouse-in-stock\/","title":{"rendered":"POCO BE5000 Puffs Vape jetable en gros - 5 000 bouff\u00e9es, 10 ml d'e-liquide, rechargeable, disponible en Allemagne, en Europe et aux \u00c9tats-Unis."},"content":{"rendered":"<h2>Options d'ar\u00f4mes :<\/h2>\n<ul>\n<li>Bleu Razz Cherry<\/li>\n<li>Strawnana<\/li>\n<li>Orange Mangue Goyave<\/li>\n<li>Past\u00e8que \u00e0 la fraise<\/li>\n<li>Alo\u00e8s raisin<\/li>\n<li>Fraise Mangue P\u00eache<\/li>\n<li>Pomme P\u00eache<\/li>\n<li>Pina Colada<\/li>\n<li>Glace aux myrtilles<\/li>\n<li>Fraise Kiwi<\/li>\n<\/ul>\n<h3>POCO BE5000 Sp\u00e9cifications<\/h3>\n<table>\n<thead>\n<tr>\n<th><strong>Fonctionnalit\u00e9<\/strong><\/th>\n<th><strong>Sp\u00e9cifications<\/strong><\/th>\n<\/tr>\n<\/thead>\n<tbody>\n<tr>\n<td>Capacit\u00e9<\/td>\n<td>15ml<\/td>\n<\/tr>\n<tr>\n<td>Intensit\u00e9 de la nicotine<\/td>\n<td>5%<\/td>\n<\/tr>\n<tr>\n<td>Capacit\u00e9 de la batterie<\/td>\n<td>650mAh<\/td>\n<\/tr>\n<tr>\n<td>Rechargeable<\/td>\n<td>Prise Type-C<\/td>\n<\/tr>\n<tr>\n<td>Puffs<\/td>\n<td>5000 bouff\u00e9es<\/td>\n<\/tr>\n<\/tbody>\n<\/table>\n<h3>Caract\u00e9ristiques principales :<\/h3>\n<ul>\n<li><strong>Volume g\u00e9n\u00e9reux d'e-liquide :<\/strong> Livr\u00e9 avec un r\u00e9servoir de 15 ml, il permet de tirer jusqu'\u00e0 5 000 bouff\u00e9es pour un plaisir durable.<\/li>\n<li><strong>Nicotine \u00e0 haute concentration :<\/strong> Offre une concentration de nicotine constante de 5% pour une exp\u00e9rience de vapotage satisfaisante.<\/li>\n<li><strong>Batterie efficace :<\/strong> \u00c9quip\u00e9 d'une batterie de 650mAh rechargeable via une prise Type-C, garantissant fiabilit\u00e9 et commodit\u00e9.<\/li>\n<li><strong>S\u00e9lection de saveurs vari\u00e9es :<\/strong> Elle propose un large \u00e9ventail de saveurs d\u00e9licieuses, r\u00e9pondant aux go\u00fbts les plus divers.<\/li>\n<\/ul>\n<h3>Pourquoi choisir POCO BE5000 ?<\/h3>\n<p>Le POCO BE5000 offre un m\u00e9lange parfait de capacit\u00e9, de go\u00fbt et de commodit\u00e9, id\u00e9al pour les vapoteurs \u00e0 la recherche d'un appareil robuste avec de nombreuses options d'ar\u00f4mes et une grande facilit\u00e9 d'utilisation. Il est con\u00e7u pour ceux qui appr\u00e9cient \u00e0 la fois la diversit\u00e9 des saveurs et l'efficacit\u00e9 de l'appareil. En stock en Allemagne EU\/US Warehouse<\/p>","protected":false},"excerpt":{"rendered":"<p>Le POCO BE5000 est dot\u00e9 d'une ing\u00e9nierie de pr\u00e9cision et d'un profil \u00e9l\u00e9gant. Cet appareil portable assure une diffusion r\u00e9guli\u00e8re de la vapeur, ce qui en fait un choix exceptionnel pour le vapotage quotidien et les march\u00e9s de gros \u00e0 travers l'Europe et les \u00c9tats-Unis.<\/p>","protected":false},"featured_media":9207,"comment_status":"open","ping_status":"closed","template":"","meta":[],"product_brand":[],"product_cat":[22],"product_tag":[474],"class_list":{"0":"post-8907","1":"product","2":"type-product","3":"status-publish","4":"has-post-thumbnail","6":"product_cat-disposable-vape-sticks","7":"product_tag-poco","9":"first","10":"instock","11":"sale","12":"shipping-taxable","13":"purchasable","14":"product-type-simple"},"jetpack_sharing_enabled":true,"tiered_pricing_type":"fixed","tiered_pricing_fixed_rules":{"500":6.70000000000000017763568394002504646778106689453125,"2000":6.5999999999999996447286321199499070644378662109375,"5000":6.5},"tiered_pricing_product_settings":{"layout":"default","base_unit_name":{"singular":null,"plural":null},"default_variation":null},"tiered_pricing_minimum_quantity":50,"tiered_pricing_roles_data":[],"tiered_pricing_percentage_rules":[],"tiered_pricing_maximum_quantity":null,"tiered_pricing_quantity_step":null,"_links":{"self":[{"href":"https:\/\/cloudsupplyvapes.com\/fr\/wp-json\/wp\/v2\/product\/8907","targetHints":{"allow":["GET"]}}],"collection":[{"href":"https:\/\/cloudsupplyvapes.com\/fr\/wp-json\/wp\/v2\/product"}],"about":[{"href":"https:\/\/cloudsupplyvapes.com\/fr\/wp-json\/wp\/v2\/types\/product"}],"replies":[{"embeddable":true,"href":"https:\/\/cloudsupplyvapes.com\/fr\/wp-json\/wp\/v2\/comments?post=8907"}],"wp:featuredmedia":[{"embeddable":true,"href":"https:\/\/cloudsupplyvapes.com\/fr\/wp-json\/wp\/v2\/media\/9207"}],"wp:attachment":[{"href":"https:\/\/cloudsupplyvapes.com\/fr\/wp-json\/wp\/v2\/media?parent=8907"}],"wp:term":[{"taxonomy":"product_brand","embeddable":true,"href":"https:\/\/cloudsupplyvapes.com\/fr\/wp-json\/wp\/v2\/product_brand?post=8907"},{"taxonomy":"product_cat","embeddable":true,"href":"https:\/\/cloudsupplyvapes.com\/fr\/wp-json\/wp\/v2\/product_cat?post=8907"},{"taxonomy":"product_tag","embeddable":true,"href":"https:\/\/cloudsupplyvapes.com\/fr\/wp-json\/wp\/v2\/product_tag?post=8907"}],"curies":[{"name":"wp","href":"https:\/\/api.w.org\/{rel}","templated":true}]}}