{"id":891,"date":"2024-10-19T02:15:56","date_gmt":"2024-10-19T02:15:56","guid":{"rendered":"https:\/\/cloudsupplyvapes.com\/?post_type=product&#038;p=891"},"modified":"2024-11-26T09:09:38","modified_gmt":"2024-11-26T09:09:38","slug":"-29","status":"publish","type":"product","link":"https:\/\/cloudsupplyvapes.com\/fr\/product\/energy-5000-puffs-rechargeable-disposable-wholesale\/","title":{"rendered":"Energy 5000 Puffs Rechargeable Disposable Vape Wholesale Sleek Adjustable Vape"},"content":{"rendered":"<p>Saveur :<\/p>\n<p>glace mangue-fraise<br \/>\nrhum pina colada<br \/>\nours en gomme<br \/>\nlait de banane<br \/>\nbeignet \u00e0 la fraise<br \/>\nfusion de fruits<br \/>\nsoda \u00e0 l'orange<br \/>\npomme rouge citron<br \/>\nglace au raisin<br \/>\nboisson \u00e9nerg\u00e9tique<br \/>\nmenthe fra\u00eeche<br \/>\nglace luxuriante<\/p>\n<p><img data-recalc-dims=\"1\" loading=\"lazy\" decoding=\"async\" class=\"alignnone size-full wp-image-69265\" src=\"https:\/\/i0.wp.com\/shop.vape.hk\/wp-content\/uploads\/2022\/06\/%E5%BE%AE%E4%BF%A1%E5%9B%BE%E7%89%87_20220622184424.png?resize=1020%2C795&#038;ssl=1\" alt=\"Energy 5000 Puffs Jetable | Wholesale\" width=\"1020\" height=\"795\" title=\"\"> <img data-recalc-dims=\"1\" loading=\"lazy\" decoding=\"async\" class=\"alignnone size-full wp-image-69249\" src=\"https:\/\/i0.wp.com\/shop.vape.hk\/wp-content\/uploads\/2022\/06\/%E5%BE%AE%E4%BF%A1%E5%9B%BE%E7%89%87_20220622184438.png?resize=751%2C638&#038;ssl=1\" alt=\"Energy 5000 Puffs Jetable | Wholesale\" width=\"751\" height=\"638\" title=\"\"> <img data-recalc-dims=\"1\" loading=\"lazy\" decoding=\"async\" class=\"alignnone size-full wp-image-69281\" src=\"https:\/\/i0.wp.com\/shop.vape.hk\/wp-content\/uploads\/2022\/06\/%E5%BE%AE%E4%BF%A1%E5%9B%BE%E7%89%87_20220622184408.jpg?resize=1020%2C927&#038;ssl=1\" alt=\"Energy 5000 Puffs Jetable | Wholesale\" width=\"1020\" height=\"927\" title=\"\"><\/p>","protected":false},"excerpt":{"rendered":"<p>Energy 5000 Puffs Rechargeable Disposable Vape Wholesale est dot\u00e9 d'un design \u00e9l\u00e9gant, d'un syst\u00e8me de recharge et d'un d\u00e9bit d'air r\u00e9glable pour un usage polyvalent et agr\u00e9able.<\/p>","protected":false},"featured_media":948,"comment_status":"open","ping_status":"closed","template":"","meta":[],"product_brand":[],"product_cat":[22],"product_tag":[],"class_list":{"0":"post-891","1":"product","2":"type-product","3":"status-publish","4":"has-post-thumbnail","6":"product_cat-disposable-vape-sticks","8":"first","9":"instock","10":"shipping-taxable","11":"purchasable","12":"product-type-simple"},"jetpack_sharing_enabled":true,"tiered_pricing_type":"fixed","tiered_pricing_fixed_rules":{"200":12,"300":11.5},"tiered_pricing_product_settings":{"layout":"default","base_unit_name":{"singular":null,"plural":null},"default_variation":null},"tiered_pricing_minimum_quantity":100,"tiered_pricing_roles_data":[],"tiered_pricing_percentage_rules":[],"tiered_pricing_maximum_quantity":null,"tiered_pricing_quantity_step":null,"_links":{"self":[{"href":"https:\/\/cloudsupplyvapes.com\/fr\/wp-json\/wp\/v2\/product\/891","targetHints":{"allow":["GET"]}}],"collection":[{"href":"https:\/\/cloudsupplyvapes.com\/fr\/wp-json\/wp\/v2\/product"}],"about":[{"href":"https:\/\/cloudsupplyvapes.com\/fr\/wp-json\/wp\/v2\/types\/product"}],"replies":[{"embeddable":true,"href":"https:\/\/cloudsupplyvapes.com\/fr\/wp-json\/wp\/v2\/comments?post=891"}],"wp:featuredmedia":[{"embeddable":true,"href":"https:\/\/cloudsupplyvapes.com\/fr\/wp-json\/wp\/v2\/media\/948"}],"wp:attachment":[{"href":"https:\/\/cloudsupplyvapes.com\/fr\/wp-json\/wp\/v2\/media?parent=891"}],"wp:term":[{"taxonomy":"product_brand","embeddable":true,"href":"https:\/\/cloudsupplyvapes.com\/fr\/wp-json\/wp\/v2\/product_brand?post=891"},{"taxonomy":"product_cat","embeddable":true,"href":"https:\/\/cloudsupplyvapes.com\/fr\/wp-json\/wp\/v2\/product_cat?post=891"},{"taxonomy":"product_tag","embeddable":true,"href":"https:\/\/cloudsupplyvapes.com\/fr\/wp-json\/wp\/v2\/product_tag?post=891"}],"curies":[{"name":"wp","href":"https:\/\/api.w.org\/{rel}","templated":true}]}}