{"id":8943,"date":"2024-10-19T03:04:18","date_gmt":"2024-10-19T03:04:18","guid":{"rendered":"https:\/\/cloudsupplyvapes.com\/?post_type=product&#038;p=8943"},"modified":"2024-11-19T06:35:00","modified_gmt":"2024-11-19T06:35:00","slug":"-309","status":"publish","type":"product","link":"https:\/\/cloudsupplyvapes.com\/fr\/product\/elfbar-fs18000-disposable-pod-device-bulk-wholesale-in-stock-in-middle-east-pakistan\/","title":{"rendered":"Elfbar FS18000 Disposable Pod Device Wholesale - 18,000 Puffs, Rechargeable, 12mL E-Liquid, Bulk Pods pour le Moyen-Orient et le Pakistan"},"content":{"rendered":"<p>Mode Boost, 10 000 bouff\u00e9es, mode Smooth, 18 000 bouff\u00e9es.<\/p>\n<p>Caract\u00e9ristiques :<br \/>\nModes ajustables avec dual mesh coil, \u00e9cran plat avec interface utilisateur color\u00e9e, indicateur intuitif de la batterie et de l'e-liquide, 30 saveurs<\/p>\n<p>&nbsp;<\/p>\n<p>En stock dans l'entrep\u00f4t local de<\/p>\n<ul class=\"tagchecklist\" role=\"list\">\n<li><strong>Duba\u00ef<\/strong><\/li>\n<li><strong>Pakistan<\/strong><\/li>\n<li><strong>Arabie Saoudite<\/strong><\/li>\n<li><strong>Moyen-Orient<\/strong><\/li>\n<\/ul>\n<p>Ou exp\u00e9dition directe de l'usine. Livraison rapide !<\/p>","protected":false},"excerpt":{"rendered":"<p>L'Elfbar FS18000 offre une technologie de flux d'air avanc\u00e9e et une construction ergonomique. Con\u00e7u pour des performances fluides, il s'agit d'une option \u00e9cologique avec des mat\u00e9riaux de premi\u00e8re qualit\u00e9, id\u00e9ale pour une utilisation \u00e0 long terme et une distribution en vrac.<\/p>","protected":false},"featured_media":9262,"comment_status":"open","ping_status":"closed","template":"","meta":[],"product_brand":[],"product_cat":[22],"product_tag":[476,330,183,477,478],"class_list":{"0":"post-8943","1":"product","2":"type-product","3":"status-publish","4":"has-post-thumbnail","6":"product_cat-disposable-vape-sticks","7":"product_tag-dubai","8":"product_tag-elfbar","9":"product_tag-middle-east","10":"product_tag-pakistan","11":"product_tag-saudi-arabia","13":"first","14":"instock","15":"shipping-taxable","16":"purchasable","17":"product-type-simple"},"jetpack_sharing_enabled":true,"tiered_pricing_type":"fixed","tiered_pricing_fixed_rules":{"20000":5.0999999999999996447286321199499070644378662109375,"30000":4.9000000000000003552713678800500929355621337890625},"tiered_pricing_product_settings":{"layout":"default","base_unit_name":{"singular":null,"plural":null},"default_variation":null},"tiered_pricing_minimum_quantity":10000,"tiered_pricing_roles_data":[],"tiered_pricing_percentage_rules":[],"tiered_pricing_maximum_quantity":null,"tiered_pricing_quantity_step":null,"_links":{"self":[{"href":"https:\/\/cloudsupplyvapes.com\/fr\/wp-json\/wp\/v2\/product\/8943","targetHints":{"allow":["GET"]}}],"collection":[{"href":"https:\/\/cloudsupplyvapes.com\/fr\/wp-json\/wp\/v2\/product"}],"about":[{"href":"https:\/\/cloudsupplyvapes.com\/fr\/wp-json\/wp\/v2\/types\/product"}],"replies":[{"embeddable":true,"href":"https:\/\/cloudsupplyvapes.com\/fr\/wp-json\/wp\/v2\/comments?post=8943"}],"wp:featuredmedia":[{"embeddable":true,"href":"https:\/\/cloudsupplyvapes.com\/fr\/wp-json\/wp\/v2\/media\/9262"}],"wp:attachment":[{"href":"https:\/\/cloudsupplyvapes.com\/fr\/wp-json\/wp\/v2\/media?parent=8943"}],"wp:term":[{"taxonomy":"product_brand","embeddable":true,"href":"https:\/\/cloudsupplyvapes.com\/fr\/wp-json\/wp\/v2\/product_brand?post=8943"},{"taxonomy":"product_cat","embeddable":true,"href":"https:\/\/cloudsupplyvapes.com\/fr\/wp-json\/wp\/v2\/product_cat?post=8943"},{"taxonomy":"product_tag","embeddable":true,"href":"https:\/\/cloudsupplyvapes.com\/fr\/wp-json\/wp\/v2\/product_tag?post=8943"}],"curies":[{"name":"wp","href":"https:\/\/api.w.org\/{rel}","templated":true}]}}