{"id":8980,"date":"2024-10-19T03:05:08","date_gmt":"2024-10-19T03:05:08","guid":{"rendered":"https:\/\/cloudsupplyvapes.com\/?post_type=product&#038;p=8980"},"modified":"2024-11-19T06:33:20","modified_gmt":"2024-11-19T06:33:20","slug":"-310","status":"publish","type":"product","link":"https:\/\/cloudsupplyvapes.com\/fr\/product\/elfbar-raya-d3-25k-puff-disposable-pod-device-bulk-wholesale-in-stock-in-middle-east-pakistan\/","title":{"rendered":"Elfbar RAYA D3 25K Puffs Disposable Pod Device Wholesale - Premium Quality, Rechargeable Design, In Stock Now"},"content":{"rendered":"<p><strong>Elf Bar Raya D3 Vape jetable\u00a0<\/strong><\/p>\n<ul>\n<li><strong>Capacit\u00e9 exceptionnelle en E-liquide :<\/strong>\u00a0Contient une quantit\u00e9 g\u00e9n\u00e9reuse de 23 ml de jus de vape.<\/li>\n<li><strong>Syst\u00e8me avanc\u00e9 de serpentin \u00e0 triple maille :<\/strong>\u00a0Offre une saveur et une production de vapeur sup\u00e9rieures.<\/li>\n<li><strong>R\u00e9glages variables de la bouff\u00e9e :<\/strong> Choisissez parmi trois modes (Lite, Smooth, Turbo) pour ajuster le nombre de bouff\u00e9es sans effort. <strong>25K houppette<\/strong><\/li>\n<li><strong>Batterie haute capacit\u00e9 :<\/strong>\u00a0\u00c9quip\u00e9 d'une batterie de 850mAh et d'une recharge Type-C pour une utilisation prolong\u00e9e.<\/li>\n<li><strong>Contr\u00f4le innovant du flux d'air :<\/strong>\u00a0Personnalisez votre exp\u00e9rience de vaporisation gr\u00e2ce \u00e0 la pr\u00e9cision du flux d'air et \u00e0 la personnalisation de la pression.<\/li>\n<li><strong>Design \u00e9l\u00e9gant :<\/strong>\u00a0L'anneau lumineux ext\u00e9rieur est d'un bleu monochrome captivant.<\/li>\n<li><strong>Large choix d'ar\u00f4mes :<\/strong>\u00a0Disponible en 15 saveurs d\u00e9licieuses pour satisfaire tous les palais.<\/li>\n<\/ul>\n<p>Explorez l'avenir des vapes jetables avec l'Elf Bar Raya D3, o\u00f9 la performance rencontre le style \u00e0 chaque bouff\u00e9e.<\/p>\n<p>&nbsp;<\/p>\n<p>En stock dans l'entrep\u00f4t local de<\/p>\n<ul class=\"tagchecklist\" role=\"list\">\n<li><strong>Duba\u00ef<\/strong><\/li>\n<li><strong>Pakistan<\/strong><\/li>\n<li><strong>Arabie Saoudite<\/strong><\/li>\n<li><strong>Moyen-Orient<\/strong><\/li>\n<\/ul>\n<p>Ou exp\u00e9dition directe de l'usine. Livraison rapide !<\/p>","protected":false},"excerpt":{"rendered":"<p>D\u00e9couvrez une vape exceptionnelle avec l'Elfbar RAYA D3, qui offre une technologie mesh coil avanc\u00e9e et un design compact. Parfait pour une portabilit\u00e9 sans faille et une production de vapeur fluide, id\u00e9al pour les acheteurs en gros \u00e0 la recherche d'appareils de vapotage haut de gamme.<\/p>","protected":false},"featured_media":9263,"comment_status":"open","ping_status":"closed","template":"","meta":[],"product_brand":[],"product_cat":[22],"product_tag":[476,330,183,477,478],"class_list":{"0":"post-8980","1":"product","2":"type-product","3":"status-publish","4":"has-post-thumbnail","6":"product_cat-disposable-vape-sticks","7":"product_tag-dubai","8":"product_tag-elfbar","9":"product_tag-middle-east","10":"product_tag-pakistan","11":"product_tag-saudi-arabia","13":"first","14":"instock","15":"shipping-taxable","16":"purchasable","17":"product-type-simple"},"jetpack_sharing_enabled":true,"tiered_pricing_type":"fixed","tiered_pricing_fixed_rules":{"20000":5.0999999999999996447286321199499070644378662109375,"30000":4.9000000000000003552713678800500929355621337890625},"tiered_pricing_product_settings":{"layout":"default","base_unit_name":{"singular":null,"plural":null},"default_variation":null},"tiered_pricing_minimum_quantity":10000,"tiered_pricing_roles_data":[],"tiered_pricing_percentage_rules":[],"tiered_pricing_maximum_quantity":null,"tiered_pricing_quantity_step":null,"_links":{"self":[{"href":"https:\/\/cloudsupplyvapes.com\/fr\/wp-json\/wp\/v2\/product\/8980","targetHints":{"allow":["GET"]}}],"collection":[{"href":"https:\/\/cloudsupplyvapes.com\/fr\/wp-json\/wp\/v2\/product"}],"about":[{"href":"https:\/\/cloudsupplyvapes.com\/fr\/wp-json\/wp\/v2\/types\/product"}],"replies":[{"embeddable":true,"href":"https:\/\/cloudsupplyvapes.com\/fr\/wp-json\/wp\/v2\/comments?post=8980"}],"wp:featuredmedia":[{"embeddable":true,"href":"https:\/\/cloudsupplyvapes.com\/fr\/wp-json\/wp\/v2\/media\/9263"}],"wp:attachment":[{"href":"https:\/\/cloudsupplyvapes.com\/fr\/wp-json\/wp\/v2\/media?parent=8980"}],"wp:term":[{"taxonomy":"product_brand","embeddable":true,"href":"https:\/\/cloudsupplyvapes.com\/fr\/wp-json\/wp\/v2\/product_brand?post=8980"},{"taxonomy":"product_cat","embeddable":true,"href":"https:\/\/cloudsupplyvapes.com\/fr\/wp-json\/wp\/v2\/product_cat?post=8980"},{"taxonomy":"product_tag","embeddable":true,"href":"https:\/\/cloudsupplyvapes.com\/fr\/wp-json\/wp\/v2\/product_tag?post=8980"}],"curies":[{"name":"wp","href":"https:\/\/api.w.org\/{rel}","templated":true}]}}