{"id":9071,"date":"2024-10-19T03:06:49","date_gmt":"2024-10-19T03:06:49","guid":{"rendered":"https:\/\/cloudsupplyvapes.com\/?post_type=product&#038;p=9071"},"modified":"2024-11-19T06:33:06","modified_gmt":"2024-11-19T06:33:06","slug":"-312","status":"publish","type":"product","link":"https:\/\/cloudsupplyvapes.com\/fr\/product\/elfbar-gh23000-23k-puff-disposable-pod-device-bulk-wholesale-in-stock-in-middle-east-pakistan\/","title":{"rendered":"Elfbar GH23000 23K Puffs Disposable Pod Device Wholesale - Long-Lasting Vape Pods, In Stock for Middle East and Pakistan"},"content":{"rendered":"<p>La vape jetable Elf Bar GH23000 est un appareil compact et pratique con\u00e7u pour les fumeurs et les vapoteurs qui recherchent une exp\u00e9rience aromatique fruit\u00e9e, juteuse et de haute qualit\u00e9. Avec un r\u00e9servoir pr\u00e9-rempli contenant jusqu'\u00e0 <strong>23000 bouff\u00e9es<\/strong>Ce dispositif de vapotage est donc un choix id\u00e9al pour le vapotage en d\u00e9placement. En outre, l'appareil peut \u00eatre utilis\u00e9 dans trois modes diff\u00e9rents. Le grand \u00e9cran LED indique le mode s\u00e9lectionn\u00e9 et permet de contr\u00f4ler en permanence le niveau de la batterie et le contenu du liquide.<\/p>\n<p>&nbsp;<\/p>\n<p>En stock dans l'entrep\u00f4t local de<\/p>\n<ul class=\"tagchecklist\" role=\"list\">\n<li><strong>Duba\u00ef<\/strong><\/li>\n<li><strong>Pakistan<\/strong><\/li>\n<li><strong>Arabie Saoudite<\/strong><\/li>\n<li><strong>Moyen-Orient<\/strong><\/li>\n<\/ul>\n<p>Ou exp\u00e9dition directe de l'usine. Livraison rapide !<\/p>","protected":false},"excerpt":{"rendered":"<p>L'Elfbar GH23000 allie un design de pointe \u00e0 des performances robustes. Dot\u00e9 d'une construction durable, c'est l'appareil id\u00e9al pour les clients \u00e0 forte demande sur les march\u00e9s mondiaux, offrant une valeur sup\u00e9rieure.<\/p>","protected":false},"featured_media":9265,"comment_status":"open","ping_status":"closed","template":"","meta":[],"product_brand":[],"product_cat":[22],"product_tag":[476,330,183,477,478],"class_list":{"0":"post-9071","1":"product","2":"type-product","3":"status-publish","4":"has-post-thumbnail","6":"product_cat-disposable-vape-sticks","7":"product_tag-dubai","8":"product_tag-elfbar","9":"product_tag-middle-east","10":"product_tag-pakistan","11":"product_tag-saudi-arabia","13":"first","14":"instock","15":"shipping-taxable","16":"purchasable","17":"product-type-simple"},"jetpack_sharing_enabled":true,"tiered_pricing_type":"fixed","tiered_pricing_fixed_rules":{"20000":5.0999999999999996447286321199499070644378662109375,"30000":4.79999999999999982236431605997495353221893310546875},"tiered_pricing_product_settings":{"layout":"default","base_unit_name":{"singular":null,"plural":null},"default_variation":null},"tiered_pricing_minimum_quantity":10000,"tiered_pricing_roles_data":[],"tiered_pricing_percentage_rules":[],"tiered_pricing_maximum_quantity":null,"tiered_pricing_quantity_step":null,"_links":{"self":[{"href":"https:\/\/cloudsupplyvapes.com\/fr\/wp-json\/wp\/v2\/product\/9071","targetHints":{"allow":["GET"]}}],"collection":[{"href":"https:\/\/cloudsupplyvapes.com\/fr\/wp-json\/wp\/v2\/product"}],"about":[{"href":"https:\/\/cloudsupplyvapes.com\/fr\/wp-json\/wp\/v2\/types\/product"}],"replies":[{"embeddable":true,"href":"https:\/\/cloudsupplyvapes.com\/fr\/wp-json\/wp\/v2\/comments?post=9071"}],"wp:featuredmedia":[{"embeddable":true,"href":"https:\/\/cloudsupplyvapes.com\/fr\/wp-json\/wp\/v2\/media\/9265"}],"wp:attachment":[{"href":"https:\/\/cloudsupplyvapes.com\/fr\/wp-json\/wp\/v2\/media?parent=9071"}],"wp:term":[{"taxonomy":"product_brand","embeddable":true,"href":"https:\/\/cloudsupplyvapes.com\/fr\/wp-json\/wp\/v2\/product_brand?post=9071"},{"taxonomy":"product_cat","embeddable":true,"href":"https:\/\/cloudsupplyvapes.com\/fr\/wp-json\/wp\/v2\/product_cat?post=9071"},{"taxonomy":"product_tag","embeddable":true,"href":"https:\/\/cloudsupplyvapes.com\/fr\/wp-json\/wp\/v2\/product_tag?post=9071"}],"curies":[{"name":"wp","href":"https:\/\/api.w.org\/{rel}","templated":true}]}}