{"id":9217,"date":"2024-10-19T03:08:29","date_gmt":"2024-10-19T03:08:29","guid":{"rendered":"https:\/\/cloudsupplyvapes.com\/?post_type=product&#038;p=9217"},"modified":"2024-11-19T06:32:18","modified_gmt":"2024-11-19T06:32:18","slug":"-313","status":"publish","type":"product","link":"https:\/\/cloudsupplyvapes.com\/fr\/product\/ske-crystal-bar-20mg-600-puff-disposable-wholesale\/","title":{"rendered":"SKE Crystal Bar 600 Puffs Vape jetable 20mg Wholesale - Vapeur douce, conception conviviale pour les d\u00e9butants, rentable"},"content":{"rendered":"<p><strong>Saveurs :<\/strong><\/p>\n<p>1. Triple melon<br \/>\n2. Triple mangue<br \/>\n3. Myrtille framboise acidul\u00e9e<br \/>\n4. Honey Kiss ( Gummy Bear)<br \/>\n5. Glace \u00e0 la fraise<br \/>\n6. Glace \u00e0 la past\u00e8que<br \/>\n7. Glace \u00e0 l'ananas<br \/>\n8 . Glace \u00e0 la cerise<br \/>\n9. Menthe fra\u00eeche<br \/>\n10. Citron et citron vert<\/p>\n<p><strong>Sp\u00e9cifications\uff1a<\/strong><\/p>\n<p>*Nic de sel : 2%<br \/>\n*Puffs : 600 Puffs<br \/>\n*Capacit\u00e9 : 2ml<br \/>\n*Batterie : 550mAh<br \/>\n*R\u00e9sistance : 1.2ohm Mesh Coil<br \/>\n*Taille : 62.4mm*35mm*18.8mm<br \/>\n*Conception d'un trou pour la lani\u00e8re<br \/>\n*200pcs \/ caisses d'exp\u00e9dition<br \/>\nContient :<br \/>\n1 x Skey Mini One 600 \u00e0 usage unique<\/p>","protected":false},"excerpt":{"rendered":"<p>Le SKE Crystal Bar offre un look \u00e9l\u00e9gant et moderne avec un design convivial. Son cadre l\u00e9ger et son hit en gorge doux en font un produit id\u00e9al pour les nouveaux vapoteurs et les acheteurs en gros \u00e0 la recherche de qualit\u00e9.<\/p>","protected":false},"featured_media":9286,"comment_status":"open","ping_status":"closed","template":"","meta":[],"product_brand":[],"product_cat":[22],"product_tag":[],"class_list":{"0":"post-9217","1":"product","2":"type-product","3":"status-publish","4":"has-post-thumbnail","6":"product_cat-disposable-vape-sticks","8":"first","9":"instock","10":"shipping-taxable","11":"purchasable","12":"product-type-simple"},"jetpack_sharing_enabled":true,"tiered_pricing_type":"fixed","tiered_pricing_fixed_rules":[],"tiered_pricing_product_settings":{"layout":"default","base_unit_name":{"singular":null,"plural":null},"default_variation":null},"tiered_pricing_minimum_quantity":2000,"tiered_pricing_roles_data":[],"tiered_pricing_percentage_rules":[],"tiered_pricing_maximum_quantity":null,"tiered_pricing_quantity_step":"10","_links":{"self":[{"href":"https:\/\/cloudsupplyvapes.com\/fr\/wp-json\/wp\/v2\/product\/9217","targetHints":{"allow":["GET"]}}],"collection":[{"href":"https:\/\/cloudsupplyvapes.com\/fr\/wp-json\/wp\/v2\/product"}],"about":[{"href":"https:\/\/cloudsupplyvapes.com\/fr\/wp-json\/wp\/v2\/types\/product"}],"replies":[{"embeddable":true,"href":"https:\/\/cloudsupplyvapes.com\/fr\/wp-json\/wp\/v2\/comments?post=9217"}],"wp:featuredmedia":[{"embeddable":true,"href":"https:\/\/cloudsupplyvapes.com\/fr\/wp-json\/wp\/v2\/media\/9286"}],"wp:attachment":[{"href":"https:\/\/cloudsupplyvapes.com\/fr\/wp-json\/wp\/v2\/media?parent=9217"}],"wp:term":[{"taxonomy":"product_brand","embeddable":true,"href":"https:\/\/cloudsupplyvapes.com\/fr\/wp-json\/wp\/v2\/product_brand?post=9217"},{"taxonomy":"product_cat","embeddable":true,"href":"https:\/\/cloudsupplyvapes.com\/fr\/wp-json\/wp\/v2\/product_cat?post=9217"},{"taxonomy":"product_tag","embeddable":true,"href":"https:\/\/cloudsupplyvapes.com\/fr\/wp-json\/wp\/v2\/product_tag?post=9217"}],"curies":[{"name":"wp","href":"https:\/\/api.w.org\/{rel}","templated":true}]}}