{"id":9218,"date":"2024-10-19T03:08:29","date_gmt":"2024-10-19T03:08:29","guid":{"rendered":"https:\/\/cloudsupplyvapes.com\/?post_type=product&#038;p=9218"},"modified":"2024-11-19T06:32:09","modified_gmt":"2024-11-19T06:32:09","slug":"-314","status":"publish","type":"product","link":"https:\/\/cloudsupplyvapes.com\/fr\/product\/al-fakher-crown-bar-pro-max-disposable-vape-15000-puffs-wholesale\/","title":{"rendered":"Al Fakher Crown Bar Pro Max 15000 bouff\u00e9es Vape jetable en gros - Portable et l\u00e9ger, construction durable, remises en gros"},"content":{"rendered":"<h3>Saveurs :<\/h3>\n<p>Deux pommes<br \/>\nGlace aux baies<br \/>\nGomme \u00e0 m\u00e2cher<br \/>\nSimplement de la menthe<br \/>\nDouceur passionn\u00e9e<br \/>\nGlace luxuriante<br \/>\nL'amour magique<br \/>\nBubblegon \u00e0 la myrtille<br \/>\nCong\u00e9lation \u00e0 la mangue<br \/>\nMenthe citronn\u00e9e<br \/>\nRaisin Menthe<br \/>\nCassis lce<br \/>\nFramboise \u00e0 la cerise<br \/>\nPunch aux fraises<br \/>\nBaies de menthe<br \/>\nGlace \u00e0 la p\u00eache<\/p>\n<h4>Sp\u00e9cification de Al Fakher Crown Bar Pro Max 15000 bouff\u00e9es :<\/h4>\n<ul>\n<li>Bobine de maille<\/li>\n<li>Chargement de type C<\/li>\n<li>DTL Vape<\/li>\n<li>Technologie d'affichage avanc\u00e9e<\/li>\n<li>5MG\/0.5% Teneur en nicotine<\/li>\n<li>Capacit\u00e9 en e-liquide 22ml<\/li>\n<\/ul>","protected":false},"excerpt":{"rendered":"<p>Le Crown Bar Pro Max d'Al Fakher offre une portabilit\u00e9 sup\u00e9rieure et une manipulation facile. Parfaitement con\u00e7u pour une production de vapeur de haute qualit\u00e9, son design discret garantit une utilisation quotidienne et facile \u00e0 transporter.<\/p>","protected":false},"featured_media":9287,"comment_status":"open","ping_status":"closed","template":"","meta":[],"product_brand":[],"product_cat":[22],"product_tag":[],"class_list":{"0":"post-9218","1":"product","2":"type-product","3":"status-publish","4":"has-post-thumbnail","6":"product_cat-disposable-vape-sticks","8":"first","9":"instock","10":"featured","11":"shipping-taxable","12":"purchasable","13":"product-type-simple"},"jetpack_sharing_enabled":true,"tiered_pricing_type":"fixed","tiered_pricing_fixed_rules":{"100":8.5,"500":8.300000000000000710542735760100185871124267578125,"1000":8.0999999999999996447286321199499070644378662109375},"tiered_pricing_product_settings":{"layout":"default","base_unit_name":{"singular":null,"plural":null},"default_variation":null},"tiered_pricing_minimum_quantity":10,"tiered_pricing_roles_data":[],"tiered_pricing_percentage_rules":[],"tiered_pricing_maximum_quantity":null,"tiered_pricing_quantity_step":null,"_links":{"self":[{"href":"https:\/\/cloudsupplyvapes.com\/fr\/wp-json\/wp\/v2\/product\/9218","targetHints":{"allow":["GET"]}}],"collection":[{"href":"https:\/\/cloudsupplyvapes.com\/fr\/wp-json\/wp\/v2\/product"}],"about":[{"href":"https:\/\/cloudsupplyvapes.com\/fr\/wp-json\/wp\/v2\/types\/product"}],"replies":[{"embeddable":true,"href":"https:\/\/cloudsupplyvapes.com\/fr\/wp-json\/wp\/v2\/comments?post=9218"}],"wp:featuredmedia":[{"embeddable":true,"href":"https:\/\/cloudsupplyvapes.com\/fr\/wp-json\/wp\/v2\/media\/9287"}],"wp:attachment":[{"href":"https:\/\/cloudsupplyvapes.com\/fr\/wp-json\/wp\/v2\/media?parent=9218"}],"wp:term":[{"taxonomy":"product_brand","embeddable":true,"href":"https:\/\/cloudsupplyvapes.com\/fr\/wp-json\/wp\/v2\/product_brand?post=9218"},{"taxonomy":"product_cat","embeddable":true,"href":"https:\/\/cloudsupplyvapes.com\/fr\/wp-json\/wp\/v2\/product_cat?post=9218"},{"taxonomy":"product_tag","embeddable":true,"href":"https:\/\/cloudsupplyvapes.com\/fr\/wp-json\/wp\/v2\/product_tag?post=9218"}],"curies":[{"name":"wp","href":"https:\/\/api.w.org\/{rel}","templated":true}]}}