{"id":9276,"date":"2024-10-19T03:09:16","date_gmt":"2024-10-19T03:09:16","guid":{"rendered":"https:\/\/cloudsupplyvapes.com\/?post_type=product&#038;p=9276"},"modified":"2024-11-19T06:30:55","modified_gmt":"2024-11-19T06:30:55","slug":"-317","status":"publish","type":"product","link":"https:\/\/cloudsupplyvapes.com\/fr\/product\/luckee-super-luckee-45000-puffs-disposable-vape-wholesale\/","title":{"rendered":"Luckee Super Luckee 45000 bouff\u00e9es Vape jetable en gros - Nombre de bouff\u00e9es \u00e9lev\u00e9, construction durable, \u00e9conomies sur les achats en gros"},"content":{"rendered":"<div><strong>Saveurs :<\/strong><\/div>\n<div>- Double pomme<\/div>\n<div><\/div>\n<div>- Sexe sur la plage<\/div>\n<div><\/div>\n<div>- Menthe citronn\u00e9e<\/div>\n<div><\/div>\n<div>- Gomme \u00e0 m\u00e2cher<\/div>\n<div><\/div>\n<div>- Glace \u00e0 la fraise<\/div>\n<div><\/div>\n<div>- Kiwi Fruit de la passion Goyave<\/div>\n<div><\/div>\n<div><\/div>\n<div><strong>Caract\u00e9ristiques :<\/strong><\/div>\n<div><\/div>\n<div>- Dimension : 3.85cm (Diam\u00e8tre) * 25.15cm (Hauteur)<\/div>\n<div><\/div>\n<div>- 50ml Vape Juice pr\u00e9-rempli<\/div>\n<div><\/div>\n<div>- Indicateur lumineux RVB<\/div>\n<div><\/div>\n<div>- Batterie rechargeable robuste de 3000mAh : Une charge pour une semaine d'utilisation<\/div>\n<div><\/div>\n<div>- Flux d'air r\u00e9glable<\/div>\n<div><\/div>\n<div>- pour DTL Vaping<\/div>\n<div><\/div>\n<div>- Coil en maille pour des ar\u00f4mes exceptionnels<\/div>\n<div><\/div>\n<div>- Nombre de bouff\u00e9es : Environ 45 000 bouff\u00e9es<\/div>\n<div><\/div>\n<div>- 5% (50mg\/ml) Teneur en nicotine<\/div>","protected":false},"excerpt":{"rendered":"<p>Am\u00e9liorez votre exp\u00e9rience de vapotage avec Luckee Super Luckee, qui se caract\u00e9rise par une qualit\u00e9 de fabrication sup\u00e9rieure et un design intuitif. Optimis\u00e9 pour des performances \u00e0 long terme, c'est l'option id\u00e9ale pour les vapoteurs fr\u00e9quents et les distributeurs en vrac.<\/p>","protected":false},"featured_media":9396,"comment_status":"open","ping_status":"closed","template":"","meta":[],"product_brand":[],"product_cat":[22],"product_tag":[],"class_list":{"0":"post-9276","1":"product","2":"type-product","3":"status-publish","4":"has-post-thumbnail","6":"product_cat-disposable-vape-sticks","8":"first","9":"instock","10":"shipping-taxable","11":"purchasable","12":"product-type-simple"},"jetpack_sharing_enabled":true,"tiered_pricing_type":"fixed","tiered_pricing_fixed_rules":{"100":15},"tiered_pricing_product_settings":{"layout":"default","base_unit_name":{"singular":null,"plural":null},"default_variation":null},"tiered_pricing_minimum_quantity":30,"tiered_pricing_roles_data":[],"tiered_pricing_percentage_rules":[],"tiered_pricing_maximum_quantity":null,"tiered_pricing_quantity_step":"10","_links":{"self":[{"href":"https:\/\/cloudsupplyvapes.com\/fr\/wp-json\/wp\/v2\/product\/9276","targetHints":{"allow":["GET"]}}],"collection":[{"href":"https:\/\/cloudsupplyvapes.com\/fr\/wp-json\/wp\/v2\/product"}],"about":[{"href":"https:\/\/cloudsupplyvapes.com\/fr\/wp-json\/wp\/v2\/types\/product"}],"replies":[{"embeddable":true,"href":"https:\/\/cloudsupplyvapes.com\/fr\/wp-json\/wp\/v2\/comments?post=9276"}],"wp:featuredmedia":[{"embeddable":true,"href":"https:\/\/cloudsupplyvapes.com\/fr\/wp-json\/wp\/v2\/media\/9396"}],"wp:attachment":[{"href":"https:\/\/cloudsupplyvapes.com\/fr\/wp-json\/wp\/v2\/media?parent=9276"}],"wp:term":[{"taxonomy":"product_brand","embeddable":true,"href":"https:\/\/cloudsupplyvapes.com\/fr\/wp-json\/wp\/v2\/product_brand?post=9276"},{"taxonomy":"product_cat","embeddable":true,"href":"https:\/\/cloudsupplyvapes.com\/fr\/wp-json\/wp\/v2\/product_cat?post=9276"},{"taxonomy":"product_tag","embeddable":true,"href":"https:\/\/cloudsupplyvapes.com\/fr\/wp-json\/wp\/v2\/product_tag?post=9276"}],"curies":[{"name":"wp","href":"https:\/\/api.w.org\/{rel}","templated":true}]}}