{"id":9311,"date":"2024-10-19T03:09:46","date_gmt":"2024-10-19T03:09:46","guid":{"rendered":"https:\/\/cloudsupplyvapes.com\/?post_type=product&#038;p=9311"},"modified":"2024-11-19T06:30:43","modified_gmt":"2024-11-19T06:30:43","slug":"-318","status":"publish","type":"product","link":"https:\/\/cloudsupplyvapes.com\/fr\/product\/olit-hookalit-40000-puffs-disposable-vape-wholesale\/","title":{"rendered":"Olit Hookalit 40000 Puffs Vape jetable en gros - Dispositifs jetables de qualit\u00e9 sup\u00e9rieure, conception \u00e9tanche, ultra-portable"},"content":{"rendered":"<div><strong>Saveurs :<\/strong><\/div>\n<div>- Melon d'eau Fraise Melon<\/div>\n<div><\/div>\n<div>- Menthe cerise<\/div>\n<div><\/div>\n<div>- P\u00eache Mangue Past\u00e8que<\/div>\n<div><\/div>\n<div>- Fraise Kiwi<\/div>\n<div><\/div>\n<div>- Bleu Razz<\/div>\n<div><\/div>\n<div>- Menthe fra\u00eeche<\/div>\n<div><\/div>\n<div>- Baies m\u00e9lang\u00e9es<\/div>\n<div><\/div>\n<div>- Ale brune<\/div>\n<div><\/div>\n<div>- Fruit de la passion<\/div>\n<div><\/div>\n<div>- Double pomme<\/div>\n<div><\/div>\n<div>- Monnaie de Miami<\/div>\n<div><\/div>\n<div>- Orange Fcuking Fab<\/div>\n<div><\/div>\n<div>- Framboise P\u00eache Citron vert<\/div>\n<div><\/div>\n<div>- Sour Fcuking Fab<\/div>\n<div><\/div>\n<div>- Mangue acide Ananas<\/div>\n<div><\/div>\n<div><strong>Caract\u00e9ristiques :<\/strong><\/div>\n<div><\/div>\n<div>- E-Juice pr\u00e9-rempli 40ml<\/div>\n<div><\/div>\n<div>- Batterie interne rechargeable de 1300mAh<\/div>\n<div><\/div>\n<div>- Nombre de bouff\u00e9es : Environ 40000 bouff\u00e9es (MTL)\/20000 bouff\u00e9es (DL)<\/div>\n<div><\/div>\n<div>- \u00c9cran indicateur num\u00e9rique<\/div>\n<div><\/div>\n<div>- Sortie variable : 18W (MTL)\/22W (DL)<\/div>\n<div><\/div>\n<div>- 0.6ohm Lit Mesh Coil<\/div>\n<div><\/div>\n<div>- 0.35% Teneur en nicotine<\/div>\n<div><\/div>\n<div>- Chargement de type C (non inclus)<\/div>\n<div><\/div>\n<div>- Dessin activ\u00e9<\/div>\n<div><\/div>\n<div>- Vaping MTL\/DL<\/div>\n<div><a href=\"https:\/\/i0.wp.com\/shop.vape.hk\/wp-content\/uploads\/2024\/10\/%E4%B8%8B%E8%BD%BD-52-1.jpg?ssl=1\" target=\"_blank\" rel=\"noopener\"><img data-recalc-dims=\"1\" loading=\"lazy\" decoding=\"async\" class=\"alignnone size-full wp-image-137314\" src=\"https:\/\/i0.wp.com\/shop.vape.hk\/wp-content\/uploads\/2024\/10\/%E4%B8%8B%E8%BD%BD-52-1.jpg?resize=1020%2C1629&#038;ssl=1\" alt=\"Olit Hookalit 40000 Puffs Vape jetable Wholesale\" width=\"1020\" height=\"1629\" title=\"\"><\/a> <a href=\"https:\/\/i0.wp.com\/shop.vape.hk\/wp-content\/uploads\/2024\/10\/%E4%B8%8B%E8%BD%BD-50-1.jpg?ssl=1\" target=\"_blank\" rel=\"noopener\"><img data-recalc-dims=\"1\" loading=\"lazy\" decoding=\"async\" class=\"alignnone size-full wp-image-137313\" src=\"https:\/\/i0.wp.com\/shop.vape.hk\/wp-content\/uploads\/2024\/10\/%E4%B8%8B%E8%BD%BD-50-1.jpg?resize=1020%2C1876&#038;ssl=1\" alt=\"Olit Hookalit 40000 Puffs Vape jetable Wholesale\" width=\"1020\" height=\"1876\" title=\"\"><\/a><\/div>","protected":false},"excerpt":{"rendered":"<p>Olit Hookalit permet de vaper avec pr\u00e9cision gr\u00e2ce \u00e0 sa batterie rechargeable et \u00e0 sa construction ultra-l\u00e9g\u00e8re. Con\u00e7u pour \u00eatre pratique, son syst\u00e8me d'\u00e9coulement de l'air innovant am\u00e9liore la qualit\u00e9 de la vapeur, ce qui en fait un produit indispensable \u00e0 la revente.<\/p>","protected":false},"featured_media":9424,"comment_status":"open","ping_status":"closed","template":"","meta":[],"product_brand":[],"product_cat":[22],"product_tag":[],"class_list":{"0":"post-9311","1":"product","2":"type-product","3":"status-publish","4":"has-post-thumbnail","6":"product_cat-disposable-vape-sticks","8":"first","9":"instock","10":"shipping-taxable","11":"purchasable","12":"product-type-simple"},"jetpack_sharing_enabled":true,"tiered_pricing_type":"fixed","tiered_pricing_fixed_rules":{"100":15},"tiered_pricing_product_settings":{"layout":"default","base_unit_name":{"singular":null,"plural":null},"default_variation":null},"tiered_pricing_minimum_quantity":30,"tiered_pricing_roles_data":[],"tiered_pricing_percentage_rules":[],"tiered_pricing_maximum_quantity":null,"tiered_pricing_quantity_step":"10","_links":{"self":[{"href":"https:\/\/cloudsupplyvapes.com\/fr\/wp-json\/wp\/v2\/product\/9311","targetHints":{"allow":["GET"]}}],"collection":[{"href":"https:\/\/cloudsupplyvapes.com\/fr\/wp-json\/wp\/v2\/product"}],"about":[{"href":"https:\/\/cloudsupplyvapes.com\/fr\/wp-json\/wp\/v2\/types\/product"}],"replies":[{"embeddable":true,"href":"https:\/\/cloudsupplyvapes.com\/fr\/wp-json\/wp\/v2\/comments?post=9311"}],"wp:featuredmedia":[{"embeddable":true,"href":"https:\/\/cloudsupplyvapes.com\/fr\/wp-json\/wp\/v2\/media\/9424"}],"wp:attachment":[{"href":"https:\/\/cloudsupplyvapes.com\/fr\/wp-json\/wp\/v2\/media?parent=9311"}],"wp:term":[{"taxonomy":"product_brand","embeddable":true,"href":"https:\/\/cloudsupplyvapes.com\/fr\/wp-json\/wp\/v2\/product_brand?post=9311"},{"taxonomy":"product_cat","embeddable":true,"href":"https:\/\/cloudsupplyvapes.com\/fr\/wp-json\/wp\/v2\/product_cat?post=9311"},{"taxonomy":"product_tag","embeddable":true,"href":"https:\/\/cloudsupplyvapes.com\/fr\/wp-json\/wp\/v2\/product_tag?post=9311"}],"curies":[{"name":"wp","href":"https:\/\/api.w.org\/{rel}","templated":true}]}}