{"id":9319,"date":"2024-10-19T03:09:47","date_gmt":"2024-10-19T03:09:47","guid":{"rendered":"https:\/\/cloudsupplyvapes.com\/?post_type=product&#038;p=9319"},"modified":"2024-11-19T06:30:29","modified_gmt":"2024-11-19T06:30:29","slug":"-319","status":"publish","type":"product","link":"https:\/\/cloudsupplyvapes.com\/fr\/product\/atvs-30000-puffs-disposable-wholesale\/","title":{"rendered":"ATVS 30000 Puffs Disposable Vape Wholesale - Haute capacit\u00e9, batterie longue dur\u00e9e, offres de gros rentables"},"content":{"rendered":"<div class=\"title\"><strong>Saveurs :<\/strong><\/div>\n<p>Glace \u00e0 l'ananas<\/p>\n<p>Glace \u00e0 la mangue<\/p>\n<p>Banane glac\u00e9e<\/p>\n<p>M\u00e9lange de fruits<\/p>\n<p>Glace aux myrtilles<\/p>\n<p>Glace \u00e0 la past\u00e8que<\/p>\n<p>Glace au litchi<\/p>\n<p>Glace \u00e0 la menthe<\/p>\n<p>Cola Ice<\/p>\n<p>Glace \u00e0 la goyave<\/p>\n<p>Glace de raisin<\/p>\n<p>Glace \u00e0 la fraise<\/p>\n<p class=\"second-title\"><b>Caract\u00e9ristiques :<\/b><\/p>\n<p>- E-Juice 30ml pr\u00e9-rempli<\/p>\n<p>- Batterie int\u00e9gr\u00e9e non rechargeable de 1000mAh<\/p>\n<p>- Prise en charge de deux styles de vapotage : MTL\/DTL<\/p>\n<p>- Nombre de bouff\u00e9es : Environ 30000 bouff\u00e9es<\/p>\n<p>- 5% (50mg) Teneur en nicotine<\/p>\n<p><a href=\"https:\/\/i0.wp.com\/shop.vape.hk\/wp-content\/uploads\/2024\/10\/%E4%B8%8B%E8%BD%BD-13-4.jpg?ssl=1\" target=\"_blank\" rel=\"noopener\"><img data-recalc-dims=\"1\" loading=\"lazy\" decoding=\"async\" class=\"alignnone size-full wp-image-137459\" src=\"https:\/\/i0.wp.com\/shop.vape.hk\/wp-content\/uploads\/2024\/10\/%E4%B8%8B%E8%BD%BD-13-4.jpg?resize=1020%2C1465&#038;ssl=1\" alt=\"ATVS 30000 Puffs Jetable Wholesale\" width=\"1020\" height=\"1465\" title=\"\"><\/a> <a href=\"https:\/\/i0.wp.com\/shop.vape.hk\/wp-content\/uploads\/2024\/10\/%E4%B8%8B%E8%BD%BD-14-3.jpg?ssl=1\" target=\"_blank\" rel=\"noopener\"><img data-recalc-dims=\"1\" loading=\"lazy\" decoding=\"async\" class=\"alignnone size-full wp-image-137460\" src=\"https:\/\/i0.wp.com\/shop.vape.hk\/wp-content\/uploads\/2024\/10\/%E4%B8%8B%E8%BD%BD-14-3.jpg?resize=1020%2C680&#038;ssl=1\" alt=\"ATVS 30000 Puffs Jetable Wholesale\" width=\"1020\" height=\"680\" title=\"\"><\/a><\/p>","protected":false},"excerpt":{"rendered":"<p>La vape jetable ATVS associe des mat\u00e9riaux respectueux de l'environnement \u00e0 un design ergonomique et \u00e9l\u00e9gant. Con\u00e7ue pour des sessions prolong\u00e9es, c'est une solution portable pour une vapeur constante et une exp\u00e9rience de vapotage sans tracas pour les professionnels comme pour les amateurs.<\/p>","protected":false},"featured_media":9519,"comment_status":"open","ping_status":"closed","template":"","meta":[],"product_brand":[],"product_cat":[22],"product_tag":[],"class_list":{"0":"post-9319","1":"product","2":"type-product","3":"status-publish","4":"has-post-thumbnail","6":"product_cat-disposable-vape-sticks","8":"first","9":"instock","10":"shipping-taxable","11":"purchasable","12":"product-type-simple"},"jetpack_sharing_enabled":true,"tiered_pricing_type":"fixed","tiered_pricing_fixed_rules":{"100":12},"tiered_pricing_product_settings":{"layout":"default","base_unit_name":{"singular":null,"plural":null},"default_variation":null},"tiered_pricing_minimum_quantity":30,"tiered_pricing_roles_data":[],"tiered_pricing_percentage_rules":[],"tiered_pricing_maximum_quantity":null,"tiered_pricing_quantity_step":"10","_links":{"self":[{"href":"https:\/\/cloudsupplyvapes.com\/fr\/wp-json\/wp\/v2\/product\/9319","targetHints":{"allow":["GET"]}}],"collection":[{"href":"https:\/\/cloudsupplyvapes.com\/fr\/wp-json\/wp\/v2\/product"}],"about":[{"href":"https:\/\/cloudsupplyvapes.com\/fr\/wp-json\/wp\/v2\/types\/product"}],"replies":[{"embeddable":true,"href":"https:\/\/cloudsupplyvapes.com\/fr\/wp-json\/wp\/v2\/comments?post=9319"}],"wp:featuredmedia":[{"embeddable":true,"href":"https:\/\/cloudsupplyvapes.com\/fr\/wp-json\/wp\/v2\/media\/9519"}],"wp:attachment":[{"href":"https:\/\/cloudsupplyvapes.com\/fr\/wp-json\/wp\/v2\/media?parent=9319"}],"wp:term":[{"taxonomy":"product_brand","embeddable":true,"href":"https:\/\/cloudsupplyvapes.com\/fr\/wp-json\/wp\/v2\/product_brand?post=9319"},{"taxonomy":"product_cat","embeddable":true,"href":"https:\/\/cloudsupplyvapes.com\/fr\/wp-json\/wp\/v2\/product_cat?post=9319"},{"taxonomy":"product_tag","embeddable":true,"href":"https:\/\/cloudsupplyvapes.com\/fr\/wp-json\/wp\/v2\/product_tag?post=9319"}],"curies":[{"name":"wp","href":"https:\/\/api.w.org\/{rel}","templated":true}]}}