{"id":967,"date":"2024-10-19T02:16:42","date_gmt":"2024-10-19T02:16:42","guid":{"rendered":"https:\/\/cloudsupplyvapes.com\/?post_type=product&#038;p=967"},"modified":"2024-11-26T09:06:47","modified_gmt":"2024-11-26T09:06:47","slug":"miou-9000-puffs-disposable-wholesale-2","status":"publish","type":"product","link":"https:\/\/cloudsupplyvapes.com\/fr\/product\/miou-9000-puffs-disposable-wholesale-2\/","title":{"rendered":"MIOU 9000 Puffs Vape jetable Wholesale Compact Durable Vape"},"content":{"rendered":"<p><strong>\u00a0Saveurs :<\/strong><\/p>\n<p>Pina Colada, Glace \u00e0 la p\u00eache, Glace \u00e0 la banane, Glace \u00e0 la mangue, Mangue-ananas-p\u00eache, Glace \u00e0 la fraise, Glace luxuriante, Fraise-past\u00e8que, Glace au raisin, Myrtille-framboise.<\/p>\n<p><strong>Sp\u00e9cifications :<\/strong><br \/>\nMarque : MBR<br \/>\nBouff\u00e9es : 9000 bouff\u00e9es<br \/>\nBatterie : 750 mAh<br \/>\nCapacit\u00e9 du r\u00e9servoir : 20 ml<br \/>\nQuantit\u00e9 : 10 pi\u00e8ces<\/p>","protected":false},"excerpt":{"rendered":"<p>La cigarette \u00e9lectronique jetable MIOU 9000 bouff\u00e9es en gros offre un design compact, des performances constantes et une sensation en gorge douce pour une exp\u00e9rience de vapotage fiable et agr\u00e9able.<\/p>","protected":false},"featured_media":1022,"comment_status":"open","ping_status":"closed","template":"","meta":[],"product_brand":[],"product_cat":[22],"product_tag":[],"class_list":{"0":"post-967","1":"product","2":"type-product","3":"status-publish","4":"has-post-thumbnail","6":"product_cat-disposable-vape-sticks","8":"first","9":"instock","10":"shipping-taxable","11":"purchasable","12":"product-type-simple"},"jetpack_sharing_enabled":true,"tiered_pricing_type":"fixed","tiered_pricing_fixed_rules":[],"tiered_pricing_product_settings":{"layout":"default","base_unit_name":{"singular":null,"plural":null},"default_variation":null},"tiered_pricing_minimum_quantity":null,"tiered_pricing_roles_data":[],"tiered_pricing_percentage_rules":[],"tiered_pricing_maximum_quantity":null,"tiered_pricing_quantity_step":null,"_links":{"self":[{"href":"https:\/\/cloudsupplyvapes.com\/fr\/wp-json\/wp\/v2\/product\/967","targetHints":{"allow":["GET"]}}],"collection":[{"href":"https:\/\/cloudsupplyvapes.com\/fr\/wp-json\/wp\/v2\/product"}],"about":[{"href":"https:\/\/cloudsupplyvapes.com\/fr\/wp-json\/wp\/v2\/types\/product"}],"replies":[{"embeddable":true,"href":"https:\/\/cloudsupplyvapes.com\/fr\/wp-json\/wp\/v2\/comments?post=967"}],"wp:featuredmedia":[{"embeddable":true,"href":"https:\/\/cloudsupplyvapes.com\/fr\/wp-json\/wp\/v2\/media\/1022"}],"wp:attachment":[{"href":"https:\/\/cloudsupplyvapes.com\/fr\/wp-json\/wp\/v2\/media?parent=967"}],"wp:term":[{"taxonomy":"product_brand","embeddable":true,"href":"https:\/\/cloudsupplyvapes.com\/fr\/wp-json\/wp\/v2\/product_brand?post=967"},{"taxonomy":"product_cat","embeddable":true,"href":"https:\/\/cloudsupplyvapes.com\/fr\/wp-json\/wp\/v2\/product_cat?post=967"},{"taxonomy":"product_tag","embeddable":true,"href":"https:\/\/cloudsupplyvapes.com\/fr\/wp-json\/wp\/v2\/product_tag?post=967"}],"curies":[{"name":"wp","href":"https:\/\/api.w.org\/{rel}","templated":true}]}}