{"id":9929,"date":"2025-01-06T09:26:13","date_gmt":"2025-01-06T09:26:13","guid":{"rendered":"https:\/\/cloudsupplyvapes.com\/?post_type=product&#038;p=9929"},"modified":"2025-01-07T06:54:48","modified_gmt":"2025-01-07T06:54:48","slug":"bang-box-20000-puffs-disposable-vape-pen","status":"publish","type":"product","link":"https:\/\/cloudsupplyvapes.com\/fr\/product\/bang-box-20000-puffs-disposable-vape-pen\/","title":{"rendered":"Bang Box 20000 Puffs Stylo \u00e0 Vape jetable"},"content":{"rendered":"<p>Bang Box 20000 est une e-cigarette rechargeable jetable de la marque Bang. Elle propose 12 saveurs, ce qui est rare dans les e-cigarettes \u00e0 grosses bouff\u00e9es, et r\u00e9pond aux pr\u00e9f\u00e9rences gustatives de nombreux clients. La recharge rapide de type C est tr\u00e8s pratique pour les consommateurs, et l'appareil peut \u00eatre recharg\u00e9 n'importe o\u00f9 et n'importe quand. La concentration nic de 0%2%3%5% offre aux clients une grande flexibilit\u00e9, que vous souhaitiez plus de confort ou uneermulation plus forte, elle peut vous satisfaire.<\/p>\n<p><img data-recalc-dims=\"1\" loading=\"lazy\" decoding=\"async\" class=\"alignnone size-full wp-image-9919\" src=\"https:\/\/i0.wp.com\/cloudsupplyvapes.com\/wp-content\/uploads\/2025\/01\/20K-%E5%AE%A3%E4%BC%A0%E5%9B%BE1.jpg?resize=1020%2C574&#038;ssl=1\" alt=\"\" width=\"1020\" height=\"574\" title=\"\" srcset=\"https:\/\/i0.wp.com\/cloudsupplyvapes.com\/wp-content\/uploads\/2025\/01\/20K-%E5%AE%A3%E4%BC%A0%E5%9B%BE1.jpg?w=1920&amp;ssl=1 1920w, https:\/\/i0.wp.com\/cloudsupplyvapes.com\/wp-content\/uploads\/2025\/01\/20K-%E5%AE%A3%E4%BC%A0%E5%9B%BE1.jpg?resize=300%2C169&amp;ssl=1 300w, https:\/\/i0.wp.com\/cloudsupplyvapes.com\/wp-content\/uploads\/2025\/01\/20K-%E5%AE%A3%E4%BC%A0%E5%9B%BE1.jpg?resize=1024%2C576&amp;ssl=1 1024w, https:\/\/i0.wp.com\/cloudsupplyvapes.com\/wp-content\/uploads\/2025\/01\/20K-%E5%AE%A3%E4%BC%A0%E5%9B%BE1.jpg?resize=768%2C432&amp;ssl=1 768w, https:\/\/i0.wp.com\/cloudsupplyvapes.com\/wp-content\/uploads\/2025\/01\/20K-%E5%AE%A3%E4%BC%A0%E5%9B%BE1.jpg?resize=1536%2C864&amp;ssl=1 1536w, https:\/\/i0.wp.com\/cloudsupplyvapes.com\/wp-content\/uploads\/2025\/01\/20K-%E5%AE%A3%E4%BC%A0%E5%9B%BE1.jpg?resize=2048%2C1152&amp;ssl=1 2048w, https:\/\/i0.wp.com\/cloudsupplyvapes.com\/wp-content\/uploads\/2025\/01\/20K-%E5%AE%A3%E4%BC%A0%E5%9B%BE1.jpg?resize=18%2C10&amp;ssl=1 18w, https:\/\/i0.wp.com\/cloudsupplyvapes.com\/wp-content\/uploads\/2025\/01\/20K-%E5%AE%A3%E4%BC%A0%E5%9B%BE1.jpg?resize=800%2C450&amp;ssl=1 800w\" sizes=\"auto, (max-width: 1020px) 100vw, 1020px\" \/><\/p>\n<div>\n<div>Bang Box 20000 Descriptions :<\/div>\n<div>\n<div>\u25cf Batterie int\u00e9gr\u00e9e de 850MAh<\/div>\n<div>\u25cf Rechargeable<\/div>\n<div>\u25cf Une alimentation \u00e9lectrique efficace et coh\u00e9rente<\/div>\n<div>\u25cf 35ml E-juice pr\u00e9-rempli<\/div>\n<div>\u25cf 0%2%3% 5% Nic Level<\/div>\n<div>\u25cf Satisfaire pr\u00e8s de 20000 bouff\u00e9es<\/div>\n<div>\u25cf Type-c<\/div>\n<div>\u25cf Lumi\u00e8re RVB<\/div>\n<div><\/div>\n<div>Bang Box 20000 saveurs\uff1a<\/div>\n<div>\n<div>1. kiwi fraise<\/div>\n<div>2.kiwi fruit de la passion goyave<\/div>\n<div>3.fraise past\u00e8que framboise 4.past\u00e8que<\/div>\n<div>5. glace \u00e0 la myrtille et \u00e0 la framboise<\/div>\n<div>\u00a06. glace \u00e0 la past\u00e8que<\/div>\n<div>7. glace \u00e0 la banane<\/div>\n<div>8.mangue p\u00eache<\/div>\n<div>9.Blue razz ice<\/div>\n<div>10Mr bleu<\/div>\n<div>11.glace au raisin<\/div>\n<div>12.mangue sur glace<\/div>\n<\/div>\n<\/div>\n<\/div>\n<p><img data-recalc-dims=\"1\" loading=\"lazy\" decoding=\"async\" class=\"alignnone size-full wp-image-9921\" src=\"https:\/\/i0.wp.com\/cloudsupplyvapes.com\/wp-content\/uploads\/2025\/01\/20K-%E5%AE%A3%E4%BC%A0%E5%9B%BE3.jpg?resize=1020%2C569&#038;ssl=1\" alt=\"\" width=\"1020\" height=\"569\" title=\"\" srcset=\"https:\/\/i0.wp.com\/cloudsupplyvapes.com\/wp-content\/uploads\/2025\/01\/20K-%E5%AE%A3%E4%BC%A0%E5%9B%BE3.jpg?w=1920&amp;ssl=1 1920w, https:\/\/i0.wp.com\/cloudsupplyvapes.com\/wp-content\/uploads\/2025\/01\/20K-%E5%AE%A3%E4%BC%A0%E5%9B%BE3.jpg?resize=300%2C167&amp;ssl=1 300w, https:\/\/i0.wp.com\/cloudsupplyvapes.com\/wp-content\/uploads\/2025\/01\/20K-%E5%AE%A3%E4%BC%A0%E5%9B%BE3.jpg?resize=1024%2C571&amp;ssl=1 1024w, https:\/\/i0.wp.com\/cloudsupplyvapes.com\/wp-content\/uploads\/2025\/01\/20K-%E5%AE%A3%E4%BC%A0%E5%9B%BE3.jpg?resize=768%2C429&amp;ssl=1 768w, https:\/\/i0.wp.com\/cloudsupplyvapes.com\/wp-content\/uploads\/2025\/01\/20K-%E5%AE%A3%E4%BC%A0%E5%9B%BE3.jpg?resize=1536%2C857&amp;ssl=1 1536w, https:\/\/i0.wp.com\/cloudsupplyvapes.com\/wp-content\/uploads\/2025\/01\/20K-%E5%AE%A3%E4%BC%A0%E5%9B%BE3.jpg?resize=2048%2C1143&amp;ssl=1 2048w, https:\/\/i0.wp.com\/cloudsupplyvapes.com\/wp-content\/uploads\/2025\/01\/20K-%E5%AE%A3%E4%BC%A0%E5%9B%BE3.jpg?resize=18%2C10&amp;ssl=1 18w, https:\/\/i0.wp.com\/cloudsupplyvapes.com\/wp-content\/uploads\/2025\/01\/20K-%E5%AE%A3%E4%BC%A0%E5%9B%BE3.jpg?resize=800%2C446&amp;ssl=1 800w\" sizes=\"auto, (max-width: 1020px) 100vw, 1020px\" \/><\/p>","protected":false},"excerpt":{"rendered":"<p><a href=\"https:\/\/cloudsupplyvapes.com\/fr\/produit\/bang-box-20000-puffs-disposable-vape-pen\/?preview_id=9929&amp;preview_nonce=9200a5b151&amp;_thumbnail_id=9920&amp;preview=true\">D\u00e9couvrez le Bang Box 2000, un appareil r\u00e9volutionnaire pour les amateurs de Puffs Vapes \u00e0 la recherche d'une saveur et d'une performance de premier ordre.<\/a><\/p>","protected":false},"featured_media":9920,"comment_status":"open","ping_status":"closed","template":"","meta":[],"product_brand":[],"product_cat":[16],"product_tag":[],"class_list":{"0":"post-9929","1":"product","2":"type-product","3":"status-publish","4":"has-post-thumbnail","6":"product_cat-disposable-vapes-for-wholesale","8":"first","9":"instock","10":"shipping-taxable","11":"purchasable","12":"product-type-simple"},"jetpack_sharing_enabled":true,"tiered_pricing_type":"fixed","tiered_pricing_fixed_rules":{"50":6.20000000000000017763568394002504646778106689453125,"100":6,"200":5.79999999999999982236431605997495353221893310546875},"tiered_pricing_product_settings":{"layout":"default","base_unit_name":{"singular":null,"plural":null},"default_variation":null},"tiered_pricing_minimum_quantity":30,"tiered_pricing_roles_data":[],"tiered_pricing_percentage_rules":[],"tiered_pricing_maximum_quantity":null,"tiered_pricing_quantity_step":null,"_links":{"self":[{"href":"https:\/\/cloudsupplyvapes.com\/fr\/wp-json\/wp\/v2\/product\/9929","targetHints":{"allow":["GET"]}}],"collection":[{"href":"https:\/\/cloudsupplyvapes.com\/fr\/wp-json\/wp\/v2\/product"}],"about":[{"href":"https:\/\/cloudsupplyvapes.com\/fr\/wp-json\/wp\/v2\/types\/product"}],"replies":[{"embeddable":true,"href":"https:\/\/cloudsupplyvapes.com\/fr\/wp-json\/wp\/v2\/comments?post=9929"}],"wp:featuredmedia":[{"embeddable":true,"href":"https:\/\/cloudsupplyvapes.com\/fr\/wp-json\/wp\/v2\/media\/9920"}],"wp:attachment":[{"href":"https:\/\/cloudsupplyvapes.com\/fr\/wp-json\/wp\/v2\/media?parent=9929"}],"wp:term":[{"taxonomy":"product_brand","embeddable":true,"href":"https:\/\/cloudsupplyvapes.com\/fr\/wp-json\/wp\/v2\/product_brand?post=9929"},{"taxonomy":"product_cat","embeddable":true,"href":"https:\/\/cloudsupplyvapes.com\/fr\/wp-json\/wp\/v2\/product_cat?post=9929"},{"taxonomy":"product_tag","embeddable":true,"href":"https:\/\/cloudsupplyvapes.com\/fr\/wp-json\/wp\/v2\/product_tag?post=9929"}],"curies":[{"name":"wp","href":"https:\/\/api.w.org\/{rel}","templated":true}]}}