{"id":3,"date":"2024-09-27T03:48:32","date_gmt":"2024-09-27T03:48:32","guid":{"rendered":"https:\/\/cloudsupplyvapes.com\/?page_id=3"},"modified":"2024-11-08T06:23:46","modified_gmt":"2024-11-08T06:23:46","slug":"informativa-sulla-privacy","status":"publish","type":"page","link":"https:\/\/cloudsupplyvapes.com\/it\/privacy-policy\/","title":{"rendered":"Informativa sulla privacy"},"content":{"rendered":"<p>Benvenuti a CloudSupplyVapes. La vostra privacy \u00e8 importante per noi e questa Informativa sulla privacy spiega come raccogliamo, utilizziamo e proteggiamo i vostri dati personali quando visitate il nostro sito web all'indirizzo <a href=\"https:\/\/cloudsupplyvapes.com\/it\/\" target=\"_new\" rel=\"noopener\">https:\/\/cloudsupplyvapes.com<\/a>.<\/p>\r\n<h3 class=\"wp-block-heading\"><strong>Chi siamo<\/strong><\/h3>\r\n<p>L'indirizzo del nostro sito web \u00e8: <a href=\"https:\/\/cloudsupplyvapes.com\/it\/\" target=\"_new\" rel=\"noopener\">https:\/\/cloudsupplyvapes.com<\/a>. CloudSupplyVapes si impegna a fornire prodotti di vaping di alta qualit\u00e0 e un eccellente servizio clienti. La protezione della privacy e delle informazioni personali \u00e8 una priorit\u00e0.<\/p>\r\n<h3><strong>Commenti<\/strong><\/h3>\r\n<p>Quando i visitatori lasciano commenti sul nostro sito, raccogliamo i dati mostrati nel modulo dei commenti, insieme all'indirizzo IP del visitatore e alla stringa dell'user agent del browser per aiutare il rilevamento dello spam.<\/p>\r\n<p>Una stringa anonima creata dall'indirizzo e-mail dell'utente (chiamata anche hash) pu\u00f2 essere fornita al servizio Gravatar per verificare se l'utente lo sta utilizzando. L'informativa sulla privacy del servizio Gravatar \u00e8 disponibile <a href=\"https:\/\/automattic.com\/privacy\/\" target=\"_new\" rel=\"noopener\">qui<\/a>. Una volta approvato il commento, la foto del profilo sar\u00e0 visibile al pubblico nel contesto del commento.<\/p>\r\n<h3><strong>Media<\/strong><\/h3>\r\n<p>Se caricate immagini sul sito web, evitate di includere dati di localizzazione incorporati (EXIF GPS). I visitatori del sito web possono scaricare ed estrarre i dati di localizzazione dalle immagini presenti sul sito.<\/p>\r\n<h3><strong>Biscotti<\/strong><\/h3>\r\n<ul>\r\n<li><strong>Commenti<\/strong>: Se lasciate un commento sul nostro sito, potete scegliere di salvare il vostro nome, indirizzo e-mail e sito web nei cookie. Questo per comodit\u00e0 dell'utente, in modo che non debba reinserire i propri dati per i commenti futuri. La durata di questi cookie \u00e8 di un anno.<\/li>\r\n<li><strong>Pagina di accesso<\/strong>: Quando visitate la nostra pagina di login, impostiamo un cookie temporaneo per verificare se il vostro browser accetta i cookie. Questo cookie non contiene dati personali e viene eliminato quando si chiude il browser.<\/li>\r\n<li><strong>Dettagli di accesso<\/strong>: Al momento dell'accesso, vengono installati dei cookie per salvare le informazioni di accesso e le opzioni di visualizzazione dello schermo. I cookie di accesso durano due giorni, mentre quelli relativi alle opzioni dello schermo durano un anno. Selezionando \"Ricordami\", il login rimane attivo per due settimane. La disconnessione rimuove questi cookie.<\/li>\r\n<li><strong>Redazione\/pubblicazione di articoli<\/strong>: Un ulteriore cookie viene salvato nel browser quando si modifica o si pubblica un articolo. Questo cookie non contiene dati personali e scade dopo un giorno.<\/li>\r\n<\/ul>\r\n<h3><strong>Contenuto incorporato da altri siti web<\/strong><\/h3>\r\n<p>Gli articoli di questo sito possono includere contenuti incorporati (ad esempio, video, immagini, articoli, ecc.). I contenuti incorporati di altri siti web si comportano come se l'utente avesse visitato l'altro sito web, che pu\u00f2 raccogliere dati sull'utente, utilizzare cookie, incorporare tracciamenti di terze parti e monitorare l'interazione dell'utente con i contenuti incorporati, soprattutto se l'utente ha un account e ha effettuato l'accesso al sito web in questione.<\/p>\r\n<h3><strong>Con chi condividiamo i vostri dati<\/strong><\/h3>\r\n<p>Se si richiede la reimpostazione della password, il proprio indirizzo IP sar\u00e0 incluso nell'e-mail di reimpostazione per motivi di sicurezza.<\/p>\r\n<h3><strong>Per quanto tempo conserviamo i vostri dati<\/strong><\/h3>\r\n<ul>\r\n<li><strong>Commenti<\/strong>: I commenti e i loro metadati vengono conservati a tempo indeterminato per consentirci di riconoscere e approvare automaticamente i commenti successivi.<\/li>\r\n<li><strong>Account utente<\/strong>: Per gli utenti registrati sul nostro sito web, memorizziamo le informazioni personali fornite nei profili degli utenti. Gli utenti possono visualizzare, modificare o cancellare le loro informazioni personali in qualsiasi momento (ad eccezione dei nomi utente). Anche gli amministratori del sito web possono accedere a queste informazioni e modificarle.<\/li>\r\n<\/ul>\r\n<h3><strong>Quali diritti avete sui vostri dati<\/strong><\/h3>\r\n<p>Se avete un account su questo sito o avete lasciato commenti, potete richiedere un file esportato dei dati personali in nostro possesso, compresi quelli che ci avete fornito. Potete anche richiedere la cancellazione di qualsiasi dato personale in nostro possesso. Questo non include i dati che siamo tenuti a conservare per scopi amministrativi, legali o di sicurezza.<\/p>\r\n<h3><strong>Dove vengono inviati i vostri dati<\/strong><\/h3>\r\n<p>I commenti dei visitatori possono essere controllati attraverso un servizio automatico di rilevamento dello spam per mantenere la qualit\u00e0 e la sicurezza del nostro sito.<\/p>","protected":false},"excerpt":{"rendered":"<p>Welcome to CloudSupplyVapes. Your privacy is important to us, and this Privacy Policy explains how we collect, use, and protect your personal information when you visit our website at https:\/\/cloudsupplyvapes.com. Who We Are Our website address is: https:\/\/cloudsupplyvapes.com. CloudSupplyVapes is dedicated to providing high-quality vaping products and excellent customer service. Protecting your privacy and personal [&#8230;]\n","protected":false},"author":1,"featured_media":0,"parent":0,"menu_order":0,"comment_status":"closed","ping_status":"open","template":"","meta":{"footnotes":""},"class_list":["post-3","page","type-page","status-publish","hentry"],"jetpack_sharing_enabled":true,"_links":{"self":[{"href":"https:\/\/cloudsupplyvapes.com\/it\/wp-json\/wp\/v2\/pages\/3","targetHints":{"allow":["GET"]}}],"collection":[{"href":"https:\/\/cloudsupplyvapes.com\/it\/wp-json\/wp\/v2\/pages"}],"about":[{"href":"https:\/\/cloudsupplyvapes.com\/it\/wp-json\/wp\/v2\/types\/page"}],"author":[{"embeddable":true,"href":"https:\/\/cloudsupplyvapes.com\/it\/wp-json\/wp\/v2\/users\/1"}],"replies":[{"embeddable":true,"href":"https:\/\/cloudsupplyvapes.com\/it\/wp-json\/wp\/v2\/comments?post=3"}],"version-history":[{"count":1,"href":"https:\/\/cloudsupplyvapes.com\/it\/wp-json\/wp\/v2\/pages\/3\/revisions"}],"predecessor-version":[{"id":9721,"href":"https:\/\/cloudsupplyvapes.com\/it\/wp-json\/wp\/v2\/pages\/3\/revisions\/9721"}],"wp:attachment":[{"href":"https:\/\/cloudsupplyvapes.com\/it\/wp-json\/wp\/v2\/media?parent=3"}],"curies":[{"name":"wp","href":"https:\/\/api.w.org\/{rel}","templated":true}]}}