{"id":1064,"date":"2024-10-19T02:17:29","date_gmt":"2024-10-19T02:17:29","guid":{"rendered":"https:\/\/cloudsupplyvapes.com\/?post_type=product&#038;p=1064"},"modified":"2024-11-26T09:04:09","modified_gmt":"2024-11-26T09:04:09","slug":"lavie-max-cup-8000-puff-monouso-allingrosso","status":"publish","type":"product","link":"https:\/\/cloudsupplyvapes.com\/it\/product\/lavie-max-cup-8000-puff-disposable-wholesale\/","title":{"rendered":"Lavie Max Cup 8000 Puff Vape monouso all'ingrosso Vape durevole di lunga durata"},"content":{"rendered":"<div id=\"text-1337942694\" class=\"text\">\n<h4 class=\"uppercase\">Sapore:<br \/>\nBEVANDA ENERGETICA<br \/>\nGHIACCIO ALL'UVA<br \/>\nCOLA ICE<br \/>\nGHIACCIO AL MANGO<br \/>\nLATTE DI BANANA<br \/>\nPESCA GIUSTA<br \/>\nGELATO AL MANGO E ALLA FRAGOLA<br \/>\nGHIACCIO LUCIDO<br \/>\nSOCOLACREM<br \/>\nGHIACCIO ALLA MENTA<\/h4>\n<table class=\"woocommerce-product-attributes shop_attributes\" style=\"font-size: 14.4px;\">\n<tbody>\n<tr class=\"woocommerce-product-attributes-item woocommerce-product-attributes-item--attribute_pa_salt-nicotine\">\n<th class=\"woocommerce-product-attributes-item__label\">NICOTINA SALATA<\/th>\n<td class=\"woocommerce-product-attributes-item__value\"><a href=\"https:\/\/www.lavievape.com\/salt-nicotine\/5\" rel=\"tag noopener\" target=\"_blank\">5%<\/a><\/td>\n<\/tr>\n<tr class=\"woocommerce-product-attributes-item woocommerce-product-attributes-item--attribute_pa_battery\">\n<th class=\"woocommerce-product-attributes-item__label\">BATTERIA<\/th>\n<td class=\"woocommerce-product-attributes-item__value\"><a href=\"https:\/\/www.lavievape.com\/battery\/650mah\" rel=\"tag noopener\" target=\"_blank\">650 mAh<\/a><\/td>\n<\/tr>\n<tr class=\"woocommerce-product-attributes-item woocommerce-product-attributes-item--attribute_pa_rechargeable\">\n<th class=\"woocommerce-product-attributes-item__label\">RICARICABILE<\/th>\n<td class=\"woocommerce-product-attributes-item__value\">\u221a<\/td>\n<\/tr>\n<tr class=\"woocommerce-product-attributes-item woocommerce-product-attributes-item--attribute_pa_charging-port\">\n<th class=\"woocommerce-product-attributes-item__label\">PORTA DI CARICA<\/th>\n<td class=\"woocommerce-product-attributes-item__value\"><a href=\"https:\/\/www.lavievape.com\/charging-port\/type-c\" rel=\"tag noopener\" target=\"_blank\">Tipo C<\/a><\/td>\n<\/tr>\n<\/tbody>\n<\/table>\n<\/div>\n<p>&nbsp;<\/p>\n<h2><strong>Cosa lo rende eccezionale<\/strong><\/h2>\n<p>Lavie Max Cup 8000 \u00e8 il vape usa e getta colorato con un bel processo di verniciatura al forno, \u00e8 dotato di bobina a rete, in modo da poter sentire pi\u00f9 stimolazione quando vaping. e abbiamo appositamente formulato diversi sapori meravigliosi in base a questo dispositivo. la batteria \u00e8 ricaricabile farlo durare max 8000 soffi.<\/p>","protected":false},"excerpt":{"rendered":"<p>Lavie Max Cup 8000 Puff Disposable Vape Wholesale \u00e8 caratterizzato da una struttura resistente, una batteria di lunga durata e un'uscita di vapore costante per esperienze di svapo prolungate e di qualit\u00e0.<\/p>","protected":false},"featured_media":1094,"comment_status":"open","ping_status":"closed","template":"","meta":[],"product_brand":[],"product_cat":[22],"product_tag":[],"class_list":{"0":"post-1064","1":"product","2":"type-product","3":"status-publish","4":"has-post-thumbnail","6":"product_cat-disposable-vape-sticks","8":"first","9":"instock","10":"shipping-taxable","11":"purchasable","12":"product-type-simple"},"jetpack_sharing_enabled":true,"tiered_pricing_type":"fixed","tiered_pricing_fixed_rules":{"100":15,"1000":13,"5000":12,"10000":10,"30000":9},"tiered_pricing_product_settings":{"layout":"default","base_unit_name":{"singular":null,"plural":null},"default_variation":null},"tiered_pricing_minimum_quantity":60,"tiered_pricing_roles_data":[],"tiered_pricing_percentage_rules":[],"tiered_pricing_maximum_quantity":null,"tiered_pricing_quantity_step":null,"_links":{"self":[{"href":"https:\/\/cloudsupplyvapes.com\/it\/wp-json\/wp\/v2\/product\/1064","targetHints":{"allow":["GET"]}}],"collection":[{"href":"https:\/\/cloudsupplyvapes.com\/it\/wp-json\/wp\/v2\/product"}],"about":[{"href":"https:\/\/cloudsupplyvapes.com\/it\/wp-json\/wp\/v2\/types\/product"}],"replies":[{"embeddable":true,"href":"https:\/\/cloudsupplyvapes.com\/it\/wp-json\/wp\/v2\/comments?post=1064"}],"wp:featuredmedia":[{"embeddable":true,"href":"https:\/\/cloudsupplyvapes.com\/it\/wp-json\/wp\/v2\/media\/1094"}],"wp:attachment":[{"href":"https:\/\/cloudsupplyvapes.com\/it\/wp-json\/wp\/v2\/media?parent=1064"}],"wp:term":[{"taxonomy":"product_brand","embeddable":true,"href":"https:\/\/cloudsupplyvapes.com\/it\/wp-json\/wp\/v2\/product_brand?post=1064"},{"taxonomy":"product_cat","embeddable":true,"href":"https:\/\/cloudsupplyvapes.com\/it\/wp-json\/wp\/v2\/product_cat?post=1064"},{"taxonomy":"product_tag","embeddable":true,"href":"https:\/\/cloudsupplyvapes.com\/it\/wp-json\/wp\/v2\/product_tag?post=1064"}],"curies":[{"name":"wp","href":"https:\/\/api.w.org\/{rel}","templated":true}]}}