{"id":1116,"date":"2024-10-19T02:17:54","date_gmt":"2024-10-19T02:17:54","guid":{"rendered":"https:\/\/cloudsupplyvapes.com\/?post_type=product&#038;p=1116"},"modified":"2024-11-26T08:59:05","modified_gmt":"2024-11-26T08:59:05","slug":"-36","status":"publish","type":"product","link":"https:\/\/cloudsupplyvapes.com\/it\/product\/rm-legend-dragon-6000-puff-disposable-wholesale\/","title":{"rendered":"R&amp;M LEGEND DRAGON 6000 Puff usa e getta Vape all'ingrosso Elegante Vape durevole"},"content":{"rendered":"<p><strong>Caratteristiche:<\/strong><\/p>\n<p>1.grande capacit\u00e0 6600 soffi, 5% sale di nicotina<\/p>\n<p>2. Bobina a rete con 1,0\u03a9, vapore pi\u00f9 fluido e pi\u00f9 grande, per creare il gusto pi\u00f9 puro.<br \/>\n3. Flusso d'aria inferiore regolabile, volume di fumo fai da te.<br \/>\n4. La cultura popolare del drago, che ti rende cool.<\/p>\n<p><strong>Aromi:<\/strong><\/p>\n<div class=\"sliderTable mt10 mb10 sliderTable-index0 change-to-org\">\n<div class=\"inner\">\n<table width=\"833\">\n<tbody>\n<tr class=\"firstRow\">\n<td width=\"402\">Aromi:<\/td>\n<td width=\"388\"><\/td>\n<\/tr>\n<tr>\n<td width=\"210\">Esplosione arcobaleno tropicale<\/td>\n<td width=\"388\">Pioggia di porpora<\/td>\n<\/tr>\n<tr>\n<td width=\"210\">Sangue di tigre<\/td>\n<td width=\"388\">Drago magico<\/td>\n<\/tr>\n<tr>\n<td width=\"210\">Ghiaccio alla fragola<\/td>\n<td width=\"388\">Ghiaccio lussureggiante<\/td>\n<\/tr>\n<tr>\n<td width=\"210\">Birilli<\/td>\n<td width=\"388\"><\/td>\n<\/tr>\n<tr>\n<td width=\"210\">Gomma da masticare all'anguria<\/td>\n<td width=\"388\"><\/td>\n<\/tr>\n<tr>\n<td width=\"210\">Ghiaccio al lampone e alla pesca<\/td>\n<td width=\"388\"><\/td>\n<\/tr>\n<tr>\n<td width=\"210\">Menta gioiello<\/td>\n<td width=\"388\"><\/td>\n<\/tr>\n<tr>\n<td width=\"210\">Ghiaccio alla banana<\/td>\n<td width=\"388\"><\/td>\n<\/tr>\n<tr>\n<td width=\"210\">Bacche di drago al kiwi<\/td>\n<\/tr>\n<\/tbody>\n<\/table>\n<\/div>\n<\/div>","protected":false},"excerpt":{"rendered":"<p>R&amp;M LEGEND DRAGON 6000 Puff Disposable Vape Wholesale presenta un design elegante, una struttura resistente e prestazioni di vapore fluide per un vaping soddisfacente e senza problemi.<\/p>","protected":false},"featured_media":1218,"comment_status":"open","ping_status":"closed","template":"","meta":[],"product_brand":[],"product_cat":[22],"product_tag":[],"class_list":{"0":"post-1116","1":"product","2":"type-product","3":"status-publish","4":"has-post-thumbnail","6":"product_cat-disposable-vape-sticks","8":"first","9":"instock","10":"shipping-taxable","11":"purchasable","12":"product-type-simple"},"jetpack_sharing_enabled":true,"tiered_pricing_type":"fixed","tiered_pricing_fixed_rules":{"1000":13,"5000":12,"10000":10,"30000":8},"tiered_pricing_product_settings":{"layout":"default","base_unit_name":{"singular":null,"plural":null},"default_variation":null},"tiered_pricing_minimum_quantity":100,"tiered_pricing_roles_data":[],"tiered_pricing_percentage_rules":[],"tiered_pricing_maximum_quantity":null,"tiered_pricing_quantity_step":null,"_links":{"self":[{"href":"https:\/\/cloudsupplyvapes.com\/it\/wp-json\/wp\/v2\/product\/1116","targetHints":{"allow":["GET"]}}],"collection":[{"href":"https:\/\/cloudsupplyvapes.com\/it\/wp-json\/wp\/v2\/product"}],"about":[{"href":"https:\/\/cloudsupplyvapes.com\/it\/wp-json\/wp\/v2\/types\/product"}],"replies":[{"embeddable":true,"href":"https:\/\/cloudsupplyvapes.com\/it\/wp-json\/wp\/v2\/comments?post=1116"}],"wp:featuredmedia":[{"embeddable":true,"href":"https:\/\/cloudsupplyvapes.com\/it\/wp-json\/wp\/v2\/media\/1218"}],"wp:attachment":[{"href":"https:\/\/cloudsupplyvapes.com\/it\/wp-json\/wp\/v2\/media?parent=1116"}],"wp:term":[{"taxonomy":"product_brand","embeddable":true,"href":"https:\/\/cloudsupplyvapes.com\/it\/wp-json\/wp\/v2\/product_brand?post=1116"},{"taxonomy":"product_cat","embeddable":true,"href":"https:\/\/cloudsupplyvapes.com\/it\/wp-json\/wp\/v2\/product_cat?post=1116"},{"taxonomy":"product_tag","embeddable":true,"href":"https:\/\/cloudsupplyvapes.com\/it\/wp-json\/wp\/v2\/product_tag?post=1116"}],"curies":[{"name":"wp","href":"https:\/\/api.w.org\/{rel}","templated":true}]}}